{"id":8715,"date":"2022-05-09T21:43:53","date_gmt":"2022-05-09T21:43:53","guid":{"rendered":"https:\/\/www.e-r-s.eu\/?page_id=8715"},"modified":"2026-04-01T12:31:17","modified_gmt":"2026-04-01T12:31:17","slug":"non-ferro","status":"publish","type":"page","link":"https:\/\/www.e-r-s.eu\/pl\/non-ferro\/","title":{"rendered":"Non Ferro"},"content":{"rendered":"\t\t<div data-elementor-type=\"wp-page\" data-elementor-id=\"8715\" class=\"elementor elementor-8715 elementor-6298\" data-elementor-post-type=\"page\">\n\t\t\t\t\t\t<section class=\"elementor-section elementor-top-section elementor-element elementor-element-1d07719 qodef-elementor-content-grid elementor-section-boxed elementor-section-height-default elementor-section-height-default\" data-id=\"1d07719\" data-element_type=\"section\" data-e-type=\"section\">\n\t\t\t\t\t\t<div class=\"elementor-container elementor-column-gap-default\">\n\t\t\t\t\t<div class=\"elementor-column elementor-col-50 elementor-top-column elementor-element elementor-element-25d55c5\" data-id=\"25d55c5\" data-element_type=\"column\" data-e-type=\"column\">\n\t\t\t<div class=\"elementor-widget-wrap elementor-element-populated\">\n\t\t\t\t\t\t<div class=\"elementor-element elementor-element-8f89a05 elementor-widget elementor-widget-stal_core_section_title\" data-id=\"8f89a05\" data-element_type=\"widget\" data-e-type=\"widget\" data-widget_type=\"stal_core_section_title.default\">\n\t\t\t\t<div class=\"elementor-widget-container\">\n\t\t\t\t\t<div class=\"qodef-shortcode qodef-m  qodef-section-title qodef-alignment--left  \">\n\t\t<div class=\"qodef-m-title-wrap\">\n\t\t<h2 class=\"qodef-m-title\" >\n\t\t\t\t\tNon Ferro\t\t\t<\/h2>\n\t\n\t<\/div>\n\t<\/div>\t\t\t\t<\/div>\n\t\t\t\t<\/div>\n\t\t\t\t<div class=\"elementor-element elementor-element-85da4ac elementor-widget elementor-widget-text-editor\" data-id=\"85da4ac\" data-element_type=\"widget\" data-e-type=\"widget\" data-widget_type=\"text-editor.default\">\n\t\t\t\t<div class=\"elementor-widget-container\">\n\t\t\t\t\t\t\t\t\t<p>W naszym obszarze dzia\u0142alno\u015bci \u201eNon Ferro\u201d obs\u0142ugujemy klient\u00f3w, kt\u00f3rzy specjalizuj\u0105 si\u0119 w topieniu i stapianiu metali nie\u017celaznych, takich jak aluminium, mied\u017a i cynk.<\/p><p>Naszym zadaniem w tej dziedzinie jest budowa, in\u017cynieria i wy\u0142o\u017cenie ogniotrwa\u0142e wraz z p\u00f3\u017aniejszym suszeniem i konserwacj\u0105 urz\u0105dze\u0144 do topienia i spalania.\u00a0W zale\u017cno\u015bci od wymaga\u0144 klienta przetwarzamy szerok\u0105 gam\u0119 materia\u0142\u00f3w;\u00a0poprzez tradycyjne budownictwo z cegiel, poprzez obr\u00f3bk\u0119 mas monolitycznych, a\u017c po monta\u017c prefabrykat\u00f3w.<\/p><p>Nasza w\u0142asna prefabrykacja i sprawne zarz\u0105dzanie magazynem pozwalaj\u0105 nam szczeg\u00f3lnie szybko i elastycznie reagowa\u0107 na wszelkie potrzeby naszych klient\u00f3w.<\/p>\t\t\t\t\t\t\t\t<\/div>\n\t\t\t\t<\/div>\n\t\t\t\t\t<\/div>\n\t\t<\/div>\n\t\t\t\t<div class=\"elementor-column elementor-col-50 elementor-top-column elementor-element elementor-element-cdc7ba9\" data-id=\"cdc7ba9\" data-element_type=\"column\" data-e-type=\"column\">\n\t\t\t<div class=\"elementor-widget-wrap elementor-element-populated\">\n\t\t\t\t\t\t<div class=\"elementor-element elementor-element-ab9ea1f elementor-widget elementor-widget-image\" data-id=\"ab9ea1f\" data-element_type=\"widget\" data-e-type=\"widget\" data-widget_type=\"image.default\">\n\t\t\t\t<div class=\"elementor-widget-container\">\n\t\t\t\t\t\t\t\t\t\t\t\t\t\t\t<img fetchpriority=\"high\" decoding=\"async\" width=\"570\" height=\"536\" src=\"https:\/\/www.e-r-s.eu\/wp-content\/uploads\/2022\/06\/Non_Ferro_seitlich_v2.jpg\" class=\"attachment-large size-large wp-image-8386\" alt=\"\" srcset=\"https:\/\/www.e-r-s.eu\/wp-content\/uploads\/2022\/06\/Non_Ferro_seitlich_v2.jpg 570w, https:\/\/www.e-r-s.eu\/wp-content\/uploads\/2022\/06\/Non_Ferro_seitlich_v2-300x282.jpg 300w\" sizes=\"(max-width: 570px) 100vw, 570px\" \/>\t\t\t\t\t\t\t\t\t\t\t\t\t\t\t<\/div>\n\t\t\t\t<\/div>\n\t\t\t\t\t<\/div>\n\t\t<\/div>\n\t\t\t\t\t<\/div>\n\t\t<\/section>\n\t\t\t\t<section class=\"elementor-section elementor-top-section elementor-element elementor-element-1e5fe6c elementor-section-boxed elementor-section-height-default elementor-section-height-default qodef-elementor-content-no\" data-id=\"1e5fe6c\" data-element_type=\"section\" data-e-type=\"section\">\n\t\t\t\t\t\t<div class=\"elementor-container elementor-column-gap-default\">\n\t\t\t\t\t<div class=\"elementor-column elementor-col-100 elementor-top-column elementor-element elementor-element-dc0abfd\" data-id=\"dc0abfd\" data-element_type=\"column\" data-e-type=\"column\">\n\t\t\t<div class=\"elementor-widget-wrap\">\n\t\t\t\t\t\t\t<\/div>\n\t\t<\/div>\n\t\t\t\t\t<\/div>\n\t\t<\/section>\n\t\t\t\t<\/div>\n\t\t","protected":false},"excerpt":{"rendered":"<p>Non Ferro W naszym obszarze dzia\u0142alno\u015bci \u201eNon Ferro\u201d obs\u0142ugujemy klient\u00f3w, kt\u00f3rzy specjalizuj\u0105 si\u0119 w topieniu i stapianiu metali nie\u017celaznych, takich jak aluminium, mied\u017a i cynk. Naszym zadaniem w tej dziedzinie jest budowa, in\u017cynieria i wy\u0142o\u017cenie ogniotrwa\u0142e wraz z p\u00f3\u017aniejszym suszeniem i konserwacj\u0105 urz\u0105dze\u0144 do topienia i spalania.\u00a0W zale\u017cno\u015bci od wymaga\u0144 klienta przetwarzamy szerok\u0105 gam\u0119 materia\u0142\u00f3w;\u00a0poprzez [&hellip;]<\/p>\n","protected":false},"author":1,"featured_media":0,"parent":0,"menu_order":0,"comment_status":"closed","ping_status":"closed","template":"page-full-width.php","meta":{"footnotes":""},"class_list":["post-8715","page","type-page","status-publish","hentry"],"yoast_head":"<!-- This site is optimized with the Yoast SEO plugin v27.5 - https:\/\/yoast.com\/product\/yoast-seo-wordpress\/ -->\n<title>Metale nie\u017celazne \u2013 Rozwi\u0105zania ogniotrwa\u0142e dla aluminium, miedzi i cynku | e-r-s group GmbH<\/title>\n<meta name=\"description\" content=\"Rozwi\u0105zania ogniotrwa\u0142e dla przemys\u0142u metali nie\u017celaznych: wymur\u00f3wki dla hut aluminium, miedzi i cynku. Do\u015bwiadczony partner w budownictwie ogniotrwa\u0142ym non-ferro.\" \/>\n<meta name=\"robots\" content=\"index, follow, max-snippet:-1, max-image-preview:large, max-video-preview:-1\" \/>\n<link rel=\"canonical\" href=\"https:\/\/www.e-r-s.eu\/pl\/non-ferro\/\" \/>\n<meta property=\"og:locale\" content=\"pl_PL\" \/>\n<meta property=\"og:type\" content=\"article\" \/>\n<meta property=\"og:title\" content=\"Metale nie\u017celazne \u2013 Rozwi\u0105zania ogniotrwa\u0142e dla aluminium, miedzi i cynku | e-r-s group GmbH\" \/>\n<meta property=\"og:description\" content=\"Rozwi\u0105zania ogniotrwa\u0142e dla przemys\u0142u metali nie\u017celaznych: wymur\u00f3wki dla hut aluminium, miedzi i cynku. Do\u015bwiadczony partner w budownictwie ogniotrwa\u0142ym non-ferro.\" \/>\n<meta property=\"og:url\" content=\"https:\/\/www.e-r-s.eu\/pl\/non-ferro\/\" \/>\n<meta property=\"og:site_name\" content=\"e-r-s GmbH\" \/>\n<meta property=\"article:publisher\" content=\"https:\/\/www.facebook.com\/ersKloetze\" \/>\n<meta property=\"article:modified_time\" content=\"2026-04-01T12:31:17+00:00\" \/>\n<meta property=\"og:image\" content=\"https:\/\/www.e-r-s.eu\/wp-content\/uploads\/2022\/06\/Non_Ferro_seitlich_v2.jpg\" \/>\n<meta name=\"twitter:card\" content=\"summary_large_image\" \/>\n<meta name=\"twitter:label1\" content=\"Szacowany czas czytania\" \/>\n\t<meta name=\"twitter:data1\" content=\"1 minuta\" \/>\n<script type=\"application\/ld+json\" class=\"yoast-schema-graph\">{\"@context\":\"https:\\\/\\\/schema.org\",\"@graph\":[{\"@type\":\"WebPage\",\"@id\":\"https:\\\/\\\/www.e-r-s.eu\\\/pl\\\/non-ferro\\\/\",\"url\":\"https:\\\/\\\/www.e-r-s.eu\\\/pl\\\/non-ferro\\\/\",\"name\":\"Metale nie\u017celazne \u2013 Rozwi\u0105zania ogniotrwa\u0142e dla aluminium, miedzi i cynku | e-r-s group GmbH\",\"isPartOf\":{\"@id\":\"https:\\\/\\\/www.e-r-s.eu\\\/#website\"},\"primaryImageOfPage\":{\"@id\":\"https:\\\/\\\/www.e-r-s.eu\\\/pl\\\/non-ferro\\\/#primaryimage\"},\"image\":{\"@id\":\"https:\\\/\\\/www.e-r-s.eu\\\/pl\\\/non-ferro\\\/#primaryimage\"},\"thumbnailUrl\":\"https:\\\/\\\/www.e-r-s.eu\\\/wp-content\\\/uploads\\\/2022\\\/06\\\/Non_Ferro_seitlich_v2.jpg\",\"datePublished\":\"2022-05-09T21:43:53+00:00\",\"dateModified\":\"2026-04-01T12:31:17+00:00\",\"description\":\"Rozwi\u0105zania ogniotrwa\u0142e dla przemys\u0142u metali nie\u017celaznych: wymur\u00f3wki dla hut aluminium, miedzi i cynku. Do\u015bwiadczony partner w budownictwie ogniotrwa\u0142ym non-ferro.\",\"breadcrumb\":{\"@id\":\"https:\\\/\\\/www.e-r-s.eu\\\/pl\\\/non-ferro\\\/#breadcrumb\"},\"inLanguage\":\"pl-PL\",\"potentialAction\":[{\"@type\":\"ReadAction\",\"target\":[\"https:\\\/\\\/www.e-r-s.eu\\\/pl\\\/non-ferro\\\/\"]}]},{\"@type\":\"ImageObject\",\"inLanguage\":\"pl-PL\",\"@id\":\"https:\\\/\\\/www.e-r-s.eu\\\/pl\\\/non-ferro\\\/#primaryimage\",\"url\":\"https:\\\/\\\/www.e-r-s.eu\\\/wp-content\\\/uploads\\\/2022\\\/06\\\/Non_Ferro_seitlich_v2.jpg\",\"contentUrl\":\"https:\\\/\\\/www.e-r-s.eu\\\/wp-content\\\/uploads\\\/2022\\\/06\\\/Non_Ferro_seitlich_v2.jpg\"},{\"@type\":\"BreadcrumbList\",\"@id\":\"https:\\\/\\\/www.e-r-s.eu\\\/pl\\\/non-ferro\\\/#breadcrumb\",\"itemListElement\":[{\"@type\":\"ListItem\",\"position\":1,\"name\":\"Startseite\",\"item\":\"https:\\\/\\\/www.e-r-s.eu\\\/pl\\\/\"},{\"@type\":\"ListItem\",\"position\":2,\"name\":\"Non Ferro\"}]},{\"@type\":\"WebSite\",\"@id\":\"https:\\\/\\\/www.e-r-s.eu\\\/#website\",\"url\":\"https:\\\/\\\/www.e-r-s.eu\\\/\",\"name\":\"e-r-s GmbH\",\"description\":\"Feuerfestbau Kl\u00f6tze\",\"publisher\":{\"@id\":\"https:\\\/\\\/www.e-r-s.eu\\\/#organization\"},\"potentialAction\":[{\"@type\":\"SearchAction\",\"target\":{\"@type\":\"EntryPoint\",\"urlTemplate\":\"https:\\\/\\\/www.e-r-s.eu\\\/?s={search_term_string}\"},\"query-input\":{\"@type\":\"PropertyValueSpecification\",\"valueRequired\":true,\"valueName\":\"search_term_string\"}}],\"inLanguage\":\"pl-PL\"},{\"@type\":\"Organization\",\"@id\":\"https:\\\/\\\/www.e-r-s.eu\\\/#organization\",\"name\":\"e-r-s GmbH\",\"url\":\"https:\\\/\\\/www.e-r-s.eu\\\/\",\"logo\":{\"@type\":\"ImageObject\",\"inLanguage\":\"pl-PL\",\"@id\":\"https:\\\/\\\/www.e-r-s.eu\\\/#\\\/schema\\\/logo\\\/image\\\/\",\"url\":\"https:\\\/\\\/www.e-r-s.eu\\\/wp-content\\\/uploads\\\/2022\\\/03\\\/logo_footer_light.png\",\"contentUrl\":\"https:\\\/\\\/www.e-r-s.eu\\\/wp-content\\\/uploads\\\/2022\\\/03\\\/logo_footer_light.png\",\"width\":204,\"height\":205,\"caption\":\"e-r-s GmbH\"},\"image\":{\"@id\":\"https:\\\/\\\/www.e-r-s.eu\\\/#\\\/schema\\\/logo\\\/image\\\/\"},\"sameAs\":[\"https:\\\/\\\/www.facebook.com\\\/ersKloetze\",\"https:\\\/\\\/www.linkedin.com\\\/company\\\/e-r-s-netherlands-b-v-\",\"https:\\\/\\\/www.instagram.com\\\/elling.refractory.solutions\\\/\"]}]}<\/script>\n<!-- \/ Yoast SEO plugin. -->","yoast_head_json":{"title":"Metale nie\u017celazne \u2013 Rozwi\u0105zania ogniotrwa\u0142e dla aluminium, miedzi i cynku | e-r-s group GmbH","description":"Rozwi\u0105zania ogniotrwa\u0142e dla przemys\u0142u metali nie\u017celaznych: wymur\u00f3wki dla hut aluminium, miedzi i cynku. Do\u015bwiadczony partner w budownictwie ogniotrwa\u0142ym non-ferro.","robots":{"index":"index","follow":"follow","max-snippet":"max-snippet:-1","max-image-preview":"max-image-preview:large","max-video-preview":"max-video-preview:-1"},"canonical":"https:\/\/www.e-r-s.eu\/pl\/non-ferro\/","og_locale":"pl_PL","og_type":"article","og_title":"Metale nie\u017celazne \u2013 Rozwi\u0105zania ogniotrwa\u0142e dla aluminium, miedzi i cynku | e-r-s group GmbH","og_description":"Rozwi\u0105zania ogniotrwa\u0142e dla przemys\u0142u metali nie\u017celaznych: wymur\u00f3wki dla hut aluminium, miedzi i cynku. Do\u015bwiadczony partner w budownictwie ogniotrwa\u0142ym non-ferro.","og_url":"https:\/\/www.e-r-s.eu\/pl\/non-ferro\/","og_site_name":"e-r-s GmbH","article_publisher":"https:\/\/www.facebook.com\/ersKloetze","article_modified_time":"2026-04-01T12:31:17+00:00","og_image":[{"url":"https:\/\/www.e-r-s.eu\/wp-content\/uploads\/2022\/06\/Non_Ferro_seitlich_v2.jpg","type":"","width":"","height":""}],"twitter_card":"summary_large_image","twitter_misc":{"Szacowany czas czytania":"1 minuta"},"schema":{"@context":"https:\/\/schema.org","@graph":[{"@type":"WebPage","@id":"https:\/\/www.e-r-s.eu\/pl\/non-ferro\/","url":"https:\/\/www.e-r-s.eu\/pl\/non-ferro\/","name":"Metale nie\u017celazne \u2013 Rozwi\u0105zania ogniotrwa\u0142e dla aluminium, miedzi i cynku | e-r-s group GmbH","isPartOf":{"@id":"https:\/\/www.e-r-s.eu\/#website"},"primaryImageOfPage":{"@id":"https:\/\/www.e-r-s.eu\/pl\/non-ferro\/#primaryimage"},"image":{"@id":"https:\/\/www.e-r-s.eu\/pl\/non-ferro\/#primaryimage"},"thumbnailUrl":"https:\/\/www.e-r-s.eu\/wp-content\/uploads\/2022\/06\/Non_Ferro_seitlich_v2.jpg","datePublished":"2022-05-09T21:43:53+00:00","dateModified":"2026-04-01T12:31:17+00:00","description":"Rozwi\u0105zania ogniotrwa\u0142e dla przemys\u0142u metali nie\u017celaznych: wymur\u00f3wki dla hut aluminium, miedzi i cynku. Do\u015bwiadczony partner w budownictwie ogniotrwa\u0142ym non-ferro.","breadcrumb":{"@id":"https:\/\/www.e-r-s.eu\/pl\/non-ferro\/#breadcrumb"},"inLanguage":"pl-PL","potentialAction":[{"@type":"ReadAction","target":["https:\/\/www.e-r-s.eu\/pl\/non-ferro\/"]}]},{"@type":"ImageObject","inLanguage":"pl-PL","@id":"https:\/\/www.e-r-s.eu\/pl\/non-ferro\/#primaryimage","url":"https:\/\/www.e-r-s.eu\/wp-content\/uploads\/2022\/06\/Non_Ferro_seitlich_v2.jpg","contentUrl":"https:\/\/www.e-r-s.eu\/wp-content\/uploads\/2022\/06\/Non_Ferro_seitlich_v2.jpg"},{"@type":"BreadcrumbList","@id":"https:\/\/www.e-r-s.eu\/pl\/non-ferro\/#breadcrumb","itemListElement":[{"@type":"ListItem","position":1,"name":"Startseite","item":"https:\/\/www.e-r-s.eu\/pl\/"},{"@type":"ListItem","position":2,"name":"Non Ferro"}]},{"@type":"WebSite","@id":"https:\/\/www.e-r-s.eu\/#website","url":"https:\/\/www.e-r-s.eu\/","name":"e-r-s GmbH","description":"Feuerfestbau Kl\u00f6tze","publisher":{"@id":"https:\/\/www.e-r-s.eu\/#organization"},"potentialAction":[{"@type":"SearchAction","target":{"@type":"EntryPoint","urlTemplate":"https:\/\/www.e-r-s.eu\/?s={search_term_string}"},"query-input":{"@type":"PropertyValueSpecification","valueRequired":true,"valueName":"search_term_string"}}],"inLanguage":"pl-PL"},{"@type":"Organization","@id":"https:\/\/www.e-r-s.eu\/#organization","name":"e-r-s GmbH","url":"https:\/\/www.e-r-s.eu\/","logo":{"@type":"ImageObject","inLanguage":"pl-PL","@id":"https:\/\/www.e-r-s.eu\/#\/schema\/logo\/image\/","url":"https:\/\/www.e-r-s.eu\/wp-content\/uploads\/2022\/03\/logo_footer_light.png","contentUrl":"https:\/\/www.e-r-s.eu\/wp-content\/uploads\/2022\/03\/logo_footer_light.png","width":204,"height":205,"caption":"e-r-s GmbH"},"image":{"@id":"https:\/\/www.e-r-s.eu\/#\/schema\/logo\/image\/"},"sameAs":["https:\/\/www.facebook.com\/ersKloetze","https:\/\/www.linkedin.com\/company\/e-r-s-netherlands-b-v-","https:\/\/www.instagram.com\/elling.refractory.solutions\/"]}]}},"_links":{"self":[{"href":"https:\/\/www.e-r-s.eu\/pl\/wp-json\/wp\/v2\/pages\/8715","targetHints":{"allow":["GET"]}}],"collection":[{"href":"https:\/\/www.e-r-s.eu\/pl\/wp-json\/wp\/v2\/pages"}],"about":[{"href":"https:\/\/www.e-r-s.eu\/pl\/wp-json\/wp\/v2\/types\/page"}],"author":[{"embeddable":true,"href":"https:\/\/www.e-r-s.eu\/pl\/wp-json\/wp\/v2\/users\/1"}],"replies":[{"embeddable":true,"href":"https:\/\/www.e-r-s.eu\/pl\/wp-json\/wp\/v2\/comments?post=8715"}],"version-history":[{"count":5,"href":"https:\/\/www.e-r-s.eu\/pl\/wp-json\/wp\/v2\/pages\/8715\/revisions"}],"predecessor-version":[{"id":8722,"href":"https:\/\/www.e-r-s.eu\/pl\/wp-json\/wp\/v2\/pages\/8715\/revisions\/8722"}],"wp:attachment":[{"href":"https:\/\/www.e-r-s.eu\/pl\/wp-json\/wp\/v2\/media?parent=8715"}],"curies":[{"name":"wp","href":"https:\/\/api.w.org\/{rel}","templated":true}]}}