{"id":8799,"date":"2022-05-14T22:10:33","date_gmt":"2022-05-14T22:10:33","guid":{"rendered":"https:\/\/www.e-r-s.eu\/?page_id=8799"},"modified":"2026-04-14T15:50:34","modified_gmt":"2026-04-14T15:50:34","slug":"sprzedaz","status":"publish","type":"page","link":"https:\/\/www.e-r-s.eu\/pl\/sprzedaz\/","title":{"rendered":"Sprzeda\u017c"},"content":{"rendered":"\t\t<div data-elementor-type=\"wp-page\" data-elementor-id=\"8799\" class=\"elementor elementor-8799 elementor-8789\" data-elementor-post-type=\"page\">\n\t\t\t\t\t\t<section class=\"elementor-section elementor-top-section elementor-element elementor-element-ad82293 elementor-section-boxed elementor-section-height-default elementor-section-height-default qodef-elementor-content-no\" data-id=\"ad82293\" data-element_type=\"section\" data-e-type=\"section\">\n\t\t\t\t\t\t<div class=\"elementor-container elementor-column-gap-default\">\n\t\t\t\t\t<div class=\"elementor-column elementor-col-100 elementor-top-column elementor-element elementor-element-dd1491c\" data-id=\"dd1491c\" data-element_type=\"column\" data-e-type=\"column\">\n\t\t\t<div class=\"elementor-widget-wrap\">\n\t\t\t\t\t\t\t<\/div>\n\t\t<\/div>\n\t\t\t\t\t<\/div>\n\t\t<\/section>\n\t\t\t\t<section class=\"elementor-section elementor-top-section elementor-element elementor-element-e47693e qodef-elementor-content-grid elementor-section-boxed elementor-section-height-default elementor-section-height-default\" data-id=\"e47693e\" data-element_type=\"section\" data-e-type=\"section\">\n\t\t\t\t\t\t<div class=\"elementor-container elementor-column-gap-default\">\n\t\t\t\t\t<div class=\"elementor-column elementor-col-50 elementor-top-column elementor-element elementor-element-970417b\" data-id=\"970417b\" data-element_type=\"column\" data-e-type=\"column\">\n\t\t\t<div class=\"elementor-widget-wrap elementor-element-populated\">\n\t\t\t\t\t\t<div class=\"elementor-element elementor-element-7ffd101 elementor-widget elementor-widget-stal_core_section_title\" data-id=\"7ffd101\" data-element_type=\"widget\" data-e-type=\"widget\" data-widget_type=\"stal_core_section_title.default\">\n\t\t\t\t<div class=\"elementor-widget-container\">\n\t\t\t\t\t<div class=\"qodef-shortcode qodef-m  qodef-section-title qodef-alignment--left  \">\n\t\t<div class=\"qodef-m-title-wrap\">\n\t\t<h3 class=\"qodef-m-title\" >\n\t\t\t\t\tSprzeda\u017c\t\t\t<\/h3>\n\t\n\t<\/div>\n\t<\/div>\t\t\t\t<\/div>\n\t\t\t\t<\/div>\n\t\t\t\t<div class=\"elementor-element elementor-element-e6813a1 elementor-widget elementor-widget-text-editor\" data-id=\"e6813a1\" data-element_type=\"widget\" data-e-type=\"widget\" data-widget_type=\"text-editor.default\">\n\t\t\t\t<div class=\"elementor-widget-container\">\n\t\t\t\t\t\t\t\t\t<p>Firma e-r-s GmbH od wielu lat wyznacza innowacyjne standardy\u00a0na rynku izolacji termicznej i materia\u0142\u00f3w odpornych na \u015bcieranie. Aby\u015bmy mogli natychmiast reagowa\u0107 na wymagania i potrzeby naszych klient\u00f3w,\u00a0 magazynujemy odpowiednio du\u017c\u0105 ilo\u015b\u0107 materia\u0142\u00f3w, od betonu ogniotrwa\u0142ego, cegie\u0142 ogniotrwa\u0142ych, betonu izolacyjnego, cegie\u0142 izolacyjnych, a\u017c po r\u00f3\u017cne kotwy metalowe.<\/p><p>Specjalne \u017cyczenia naszych klient\u00f3w r\u00f3wnie\u017c odgrywaj\u0105 rol\u0119 w doborze materia\u0142\u00f3w. Zapraszamy do skorzystania z naszego do\u015bwiadczenia i know-how dla swoich projekt\u00f3w.<\/p><p>Dzi\u0119ki zarz\u0105dzaniu jako\u015bci\u0105 zgodnie z norm\u0105 ISO 9001:2015, nasze produkty spe\u0142niaj\u0105 najwy\u017csze standardy przemys\u0142owe. Wszystkie materia\u0142y poddawane s\u0105 ci\u0105g\u0142ym testom laboratoryjnym, poniewa\u017c jako\u015b\u0107 postrzegamy jako proces dynamiczny. Nasz dzia\u0142 badawczo-rozwojowy nieustannie pracuje nad nowymi rozwi\u0105zaniami i dalszym rozwojem naszych produkt\u00f3w. Zawsze produkujemy i dzia\u0142amy w spos\u00f3b przyjazny dla \u015brodowiska. Odci\u0105\u017cenie \u015brodowiska poprzez\u00a0zmniejszenie zu\u017cycia energii i wody, a tak\u017ce optymalizacja logistyki dostaw i dostaw materia\u0142\u00f3w odgrywaj\u0105 dla nas wa\u017cn\u0105 rol\u0119.<\/p><p><span style=\"color: #ff0000;\">Wsp\u00f3lnie znajdziemy odpowiednie rozwi\u0105zanie dla Twoich potrzeb!<\/span><\/p>\t\t\t\t\t\t\t\t<\/div>\n\t\t\t\t<\/div>\n\t\t\t\t\t<\/div>\n\t\t<\/div>\n\t\t\t\t<div class=\"elementor-column elementor-col-50 elementor-top-column elementor-element elementor-element-3260855\" data-id=\"3260855\" data-element_type=\"column\" data-e-type=\"column\">\n\t\t\t<div class=\"elementor-widget-wrap elementor-element-populated\">\n\t\t\t\t\t\t<div class=\"elementor-element elementor-element-c924a23 elementor-widget elementor-widget-stal_core_section_title\" data-id=\"c924a23\" data-element_type=\"widget\" data-e-type=\"widget\" data-widget_type=\"stal_core_section_title.default\">\n\t\t\t\t<div class=\"elementor-widget-container\">\n\t\t\t\t\t<div class=\"qodef-shortcode qodef-m  qodef-section-title qodef-alignment--left  \">\n\t\t<\/div>\t\t\t\t<\/div>\n\t\t\t\t<\/div>\n\t\t\t\t<div class=\"elementor-element elementor-element-7042a51 elementor-widget elementor-widget-text-editor\" data-id=\"7042a51\" data-element_type=\"widget\" data-e-type=\"widget\" data-widget_type=\"text-editor.default\">\n\t\t\t\t<div class=\"elementor-widget-container\">\n\t\t\t\t\t\t\t\t\t<ul><li>lekkie ceg\u0142y ogniotrwa\u0142e<\/li><li>we\u0142na wysokotemperaturowa<\/li><li>ceg\u0142y ogniotrwa\u0142e<\/li><li>materia\u0142y mikroporowate<\/li><li>materia\u0142y izolacyjne<\/li><li>materia\u0142y e.therm<\/li><li>klej e.glue i zaprawa e.mortar<\/li><li>p\u0142yty wermikulitowe e.vip<\/li><li>odlewane cz\u0119\u015bci formowane e.cast<\/li><li>p\u0142yty z krzemianu wapnia e.isol<\/li><li>ceg\u0142y izolacyjne<\/li><li>utwardzacze oraz pow\u0142oki e.coat<\/li><li><span style=\"color: var( --e-global-color-text ); font-family: var( --e-global-typography-text-font-family ), Sans-serif; font-weight: var( --e-global-typography-text-font-weight );\">system p\u0142yt e.Top<\/span><\/li><\/ul>\t\t\t\t\t\t\t\t<\/div>\n\t\t\t\t<\/div>\n\t\t\t\t<div class=\"elementor-element elementor-element-0d61676 elementor-widget elementor-widget-stal_core_button\" data-id=\"0d61676\" data-element_type=\"widget\" data-e-type=\"widget\" data-widget_type=\"stal_core_button.default\">\n\t\t\t\t<div class=\"elementor-widget-container\">\n\t\t\t\t\t<a class=\"qodef-shortcode qodef-m  qodef-button qodef-layout--splitted  qodef-html--link\" href=\"https:\/\/www.e-r-s.eu\/pl\/impressionen\/\" target=\"_self\"  >\r\n    <span class=\"qodef-m-text\">\r\n        przejd\u017a do galerii        <svg class=\"qodef-m-arrowline\" xmlns=\"http:\/\/www.w3.org\/2000\/svg\" xmlns:xlink=\"http:\/\/www.w3.org\/1999\/xlink\" x=\"0px\" y=\"0px\" viewBox=\"0 0 63 20\" xml:space=\"preserve\">\n                            <line x1=\"61.6\" y1=\"10\" x2=\"61.6\" y2=\"10\"\/>\n                            <line x1=\"62\" y1=\"10\" x2=\"61.6\" y2=\"10\"\/>\n                            <line x1=\"61.6\" y1=\"10\" x2=\"1\" y2=\"10\"\/>\n                            <path d=\"M61.6,10\"\/>\n                            <line x1=\"61.6\" y1=\"10\" x2=\"61.6\" y2=\"10\"\/>\n                            <line class=\"arrow-up\" x1=\"56.7\" y1=\"5.1\" x2=\"61.6\" y2=\"10\"\/>\n                            <path d=\"M61.6,10\"\/>\n                            <line x1=\"61.6\" y1=\"10\" x2=\"61.6\" y2=\"10\"\/>\n                            <line class=\"arrow-down\" x1=\"61.6\" y1=\"10\" x2=\"56.7\" y2=\"14.9\"\/>\n                        <\/svg>    <\/span>\r\n    <span class=\"qodef-m-split qodef-split--up\"><\/span>\r\n    <span class=\"qodef-m-split qodef-split--down\"><\/span>\r\n<\/a>\r\n\t\t\t\t<\/div>\n\t\t\t\t<\/div>\n\t\t\t\t\t<\/div>\n\t\t<\/div>\n\t\t\t\t\t<\/div>\n\t\t<\/section>\n\t\t\t\t<\/div>\n\t\t","protected":false},"excerpt":{"rendered":"<p>Sprzeda\u017c Firma e-r-s GmbH od wielu lat wyznacza innowacyjne standardy\u00a0na rynku izolacji termicznej i materia\u0142\u00f3w odpornych na \u015bcieranie. Aby\u015bmy mogli natychmiast reagowa\u0107 na wymagania i potrzeby naszych klient\u00f3w,\u00a0 magazynujemy odpowiednio du\u017c\u0105 ilo\u015b\u0107 materia\u0142\u00f3w, od betonu ogniotrwa\u0142ego, cegie\u0142 ogniotrwa\u0142ych, betonu izolacyjnego, cegie\u0142 izolacyjnych, a\u017c po r\u00f3\u017cne kotwy metalowe. Specjalne \u017cyczenia naszych klient\u00f3w r\u00f3wnie\u017c odgrywaj\u0105 rol\u0119 w [&hellip;]<\/p>\n","protected":false},"author":1,"featured_media":8509,"parent":0,"menu_order":0,"comment_status":"closed","ping_status":"closed","template":"page-full-width.php","meta":{"footnotes":""},"class_list":["post-8799","page","type-page","status-publish","has-post-thumbnail","hentry"],"yoast_head":"<!-- This site is optimized with the Yoast SEO plugin v27.5 - https:\/\/yoast.com\/product\/yoast-seo-wordpress\/ -->\n<title>Materia\u0142y ogniotrwa\u0142e \u2013 Betony, ceg\u0142y, izolacja i inne | e-r-s group GmbH<\/title>\n<meta name=\"description\" content=\"Wysokiej jako\u015bci materia\u0142y ogniotrwa\u0142e od e-r-s group GmbH: betony ogniotrwa\u0142e, ceg\u0142y ogniotrwa\u0142e, lekkie ceg\u0142y ogniotrwa\u0142e, materia\u0142y izolacyjne, modu\u0142y z w\u0142\u00f3kien ceramicznych oraz elementy prefabrykowane. Skorzystaj z porady!\" \/>\n<meta name=\"robots\" content=\"index, follow, max-snippet:-1, max-image-preview:large, max-video-preview:-1\" \/>\n<link rel=\"canonical\" href=\"https:\/\/www.e-r-s.eu\/pl\/sprzedaz\/\" \/>\n<meta property=\"og:locale\" content=\"pl_PL\" \/>\n<meta property=\"og:type\" content=\"article\" \/>\n<meta property=\"og:title\" content=\"Materia\u0142y ogniotrwa\u0142e \u2013 Betony, ceg\u0142y, izolacja i inne | e-r-s group GmbH\" \/>\n<meta property=\"og:description\" content=\"Wysokiej jako\u015bci materia\u0142y ogniotrwa\u0142e od e-r-s group GmbH: betony ogniotrwa\u0142e, ceg\u0142y ogniotrwa\u0142e, lekkie ceg\u0142y ogniotrwa\u0142e, materia\u0142y izolacyjne, modu\u0142y z w\u0142\u00f3kien ceramicznych oraz elementy prefabrykowane. Skorzystaj z porady!\" \/>\n<meta property=\"og:url\" content=\"https:\/\/www.e-r-s.eu\/pl\/sprzedaz\/\" \/>\n<meta property=\"og:site_name\" content=\"e-r-s GmbH\" \/>\n<meta property=\"article:publisher\" content=\"https:\/\/www.facebook.com\/ersKloetze\" \/>\n<meta property=\"article:modified_time\" content=\"2026-04-14T15:50:34+00:00\" \/>\n<meta name=\"twitter:card\" content=\"summary_large_image\" \/>\n<meta name=\"twitter:label1\" content=\"Szacowany czas czytania\" \/>\n\t<meta name=\"twitter:data1\" content=\"1 minuta\" \/>\n<script type=\"application\/ld+json\" class=\"yoast-schema-graph\">{\"@context\":\"https:\\\/\\\/schema.org\",\"@graph\":[{\"@type\":\"WebPage\",\"@id\":\"https:\\\/\\\/www.e-r-s.eu\\\/pl\\\/sprzedaz\\\/\",\"url\":\"https:\\\/\\\/www.e-r-s.eu\\\/pl\\\/sprzedaz\\\/\",\"name\":\"Materia\u0142y ogniotrwa\u0142e \u2013 Betony, ceg\u0142y, izolacja i inne | e-r-s group GmbH\",\"isPartOf\":{\"@id\":\"https:\\\/\\\/www.e-r-s.eu\\\/#website\"},\"primaryImageOfPage\":{\"@id\":\"https:\\\/\\\/www.e-r-s.eu\\\/pl\\\/sprzedaz\\\/#primaryimage\"},\"image\":{\"@id\":\"https:\\\/\\\/www.e-r-s.eu\\\/pl\\\/sprzedaz\\\/#primaryimage\"},\"thumbnailUrl\":\"https:\\\/\\\/www.e-r-s.eu\\\/wp-content\\\/uploads\\\/2022\\\/06\\\/sales_3.jpg\",\"datePublished\":\"2022-05-14T22:10:33+00:00\",\"dateModified\":\"2026-04-14T15:50:34+00:00\",\"description\":\"Wysokiej jako\u015bci materia\u0142y ogniotrwa\u0142e od e-r-s group GmbH: betony ogniotrwa\u0142e, ceg\u0142y ogniotrwa\u0142e, lekkie ceg\u0142y ogniotrwa\u0142e, materia\u0142y izolacyjne, modu\u0142y z w\u0142\u00f3kien ceramicznych oraz elementy prefabrykowane. Skorzystaj z porady!\",\"breadcrumb\":{\"@id\":\"https:\\\/\\\/www.e-r-s.eu\\\/pl\\\/sprzedaz\\\/#breadcrumb\"},\"inLanguage\":\"pl-PL\",\"potentialAction\":[{\"@type\":\"ReadAction\",\"target\":[\"https:\\\/\\\/www.e-r-s.eu\\\/pl\\\/sprzedaz\\\/\"]}]},{\"@type\":\"ImageObject\",\"inLanguage\":\"pl-PL\",\"@id\":\"https:\\\/\\\/www.e-r-s.eu\\\/pl\\\/sprzedaz\\\/#primaryimage\",\"url\":\"https:\\\/\\\/www.e-r-s.eu\\\/wp-content\\\/uploads\\\/2022\\\/06\\\/sales_3.jpg\",\"contentUrl\":\"https:\\\/\\\/www.e-r-s.eu\\\/wp-content\\\/uploads\\\/2022\\\/06\\\/sales_3.jpg\",\"width\":1600,\"height\":928},{\"@type\":\"BreadcrumbList\",\"@id\":\"https:\\\/\\\/www.e-r-s.eu\\\/pl\\\/sprzedaz\\\/#breadcrumb\",\"itemListElement\":[{\"@type\":\"ListItem\",\"position\":1,\"name\":\"Startseite\",\"item\":\"https:\\\/\\\/www.e-r-s.eu\\\/pl\\\/\"},{\"@type\":\"ListItem\",\"position\":2,\"name\":\"Sprzeda\u017c\"}]},{\"@type\":\"WebSite\",\"@id\":\"https:\\\/\\\/www.e-r-s.eu\\\/#website\",\"url\":\"https:\\\/\\\/www.e-r-s.eu\\\/\",\"name\":\"e-r-s GmbH\",\"description\":\"Feuerfestbau Kl\u00f6tze\",\"publisher\":{\"@id\":\"https:\\\/\\\/www.e-r-s.eu\\\/#organization\"},\"potentialAction\":[{\"@type\":\"SearchAction\",\"target\":{\"@type\":\"EntryPoint\",\"urlTemplate\":\"https:\\\/\\\/www.e-r-s.eu\\\/?s={search_term_string}\"},\"query-input\":{\"@type\":\"PropertyValueSpecification\",\"valueRequired\":true,\"valueName\":\"search_term_string\"}}],\"inLanguage\":\"pl-PL\"},{\"@type\":\"Organization\",\"@id\":\"https:\\\/\\\/www.e-r-s.eu\\\/#organization\",\"name\":\"e-r-s GmbH\",\"url\":\"https:\\\/\\\/www.e-r-s.eu\\\/\",\"logo\":{\"@type\":\"ImageObject\",\"inLanguage\":\"pl-PL\",\"@id\":\"https:\\\/\\\/www.e-r-s.eu\\\/#\\\/schema\\\/logo\\\/image\\\/\",\"url\":\"https:\\\/\\\/www.e-r-s.eu\\\/wp-content\\\/uploads\\\/2022\\\/03\\\/logo_footer_light.png\",\"contentUrl\":\"https:\\\/\\\/www.e-r-s.eu\\\/wp-content\\\/uploads\\\/2022\\\/03\\\/logo_footer_light.png\",\"width\":204,\"height\":205,\"caption\":\"e-r-s GmbH\"},\"image\":{\"@id\":\"https:\\\/\\\/www.e-r-s.eu\\\/#\\\/schema\\\/logo\\\/image\\\/\"},\"sameAs\":[\"https:\\\/\\\/www.facebook.com\\\/ersKloetze\",\"https:\\\/\\\/www.linkedin.com\\\/company\\\/e-r-s-netherlands-b-v-\",\"https:\\\/\\\/www.instagram.com\\\/elling.refractory.solutions\\\/\"]}]}<\/script>\n<!-- \/ Yoast SEO plugin. -->","yoast_head_json":{"title":"Materia\u0142y ogniotrwa\u0142e \u2013 Betony, ceg\u0142y, izolacja i inne | e-r-s group GmbH","description":"Wysokiej jako\u015bci materia\u0142y ogniotrwa\u0142e od e-r-s group GmbH: betony ogniotrwa\u0142e, ceg\u0142y ogniotrwa\u0142e, lekkie ceg\u0142y ogniotrwa\u0142e, materia\u0142y izolacyjne, modu\u0142y z w\u0142\u00f3kien ceramicznych oraz elementy prefabrykowane. Skorzystaj z porady!","robots":{"index":"index","follow":"follow","max-snippet":"max-snippet:-1","max-image-preview":"max-image-preview:large","max-video-preview":"max-video-preview:-1"},"canonical":"https:\/\/www.e-r-s.eu\/pl\/sprzedaz\/","og_locale":"pl_PL","og_type":"article","og_title":"Materia\u0142y ogniotrwa\u0142e \u2013 Betony, ceg\u0142y, izolacja i inne | e-r-s group GmbH","og_description":"Wysokiej jako\u015bci materia\u0142y ogniotrwa\u0142e od e-r-s group GmbH: betony ogniotrwa\u0142e, ceg\u0142y ogniotrwa\u0142e, lekkie ceg\u0142y ogniotrwa\u0142e, materia\u0142y izolacyjne, modu\u0142y z w\u0142\u00f3kien ceramicznych oraz elementy prefabrykowane. Skorzystaj z porady!","og_url":"https:\/\/www.e-r-s.eu\/pl\/sprzedaz\/","og_site_name":"e-r-s GmbH","article_publisher":"https:\/\/www.facebook.com\/ersKloetze","article_modified_time":"2026-04-14T15:50:34+00:00","twitter_card":"summary_large_image","twitter_misc":{"Szacowany czas czytania":"1 minuta"},"schema":{"@context":"https:\/\/schema.org","@graph":[{"@type":"WebPage","@id":"https:\/\/www.e-r-s.eu\/pl\/sprzedaz\/","url":"https:\/\/www.e-r-s.eu\/pl\/sprzedaz\/","name":"Materia\u0142y ogniotrwa\u0142e \u2013 Betony, ceg\u0142y, izolacja i inne | e-r-s group GmbH","isPartOf":{"@id":"https:\/\/www.e-r-s.eu\/#website"},"primaryImageOfPage":{"@id":"https:\/\/www.e-r-s.eu\/pl\/sprzedaz\/#primaryimage"},"image":{"@id":"https:\/\/www.e-r-s.eu\/pl\/sprzedaz\/#primaryimage"},"thumbnailUrl":"https:\/\/www.e-r-s.eu\/wp-content\/uploads\/2022\/06\/sales_3.jpg","datePublished":"2022-05-14T22:10:33+00:00","dateModified":"2026-04-14T15:50:34+00:00","description":"Wysokiej jako\u015bci materia\u0142y ogniotrwa\u0142e od e-r-s group GmbH: betony ogniotrwa\u0142e, ceg\u0142y ogniotrwa\u0142e, lekkie ceg\u0142y ogniotrwa\u0142e, materia\u0142y izolacyjne, modu\u0142y z w\u0142\u00f3kien ceramicznych oraz elementy prefabrykowane. Skorzystaj z porady!","breadcrumb":{"@id":"https:\/\/www.e-r-s.eu\/pl\/sprzedaz\/#breadcrumb"},"inLanguage":"pl-PL","potentialAction":[{"@type":"ReadAction","target":["https:\/\/www.e-r-s.eu\/pl\/sprzedaz\/"]}]},{"@type":"ImageObject","inLanguage":"pl-PL","@id":"https:\/\/www.e-r-s.eu\/pl\/sprzedaz\/#primaryimage","url":"https:\/\/www.e-r-s.eu\/wp-content\/uploads\/2022\/06\/sales_3.jpg","contentUrl":"https:\/\/www.e-r-s.eu\/wp-content\/uploads\/2022\/06\/sales_3.jpg","width":1600,"height":928},{"@type":"BreadcrumbList","@id":"https:\/\/www.e-r-s.eu\/pl\/sprzedaz\/#breadcrumb","itemListElement":[{"@type":"ListItem","position":1,"name":"Startseite","item":"https:\/\/www.e-r-s.eu\/pl\/"},{"@type":"ListItem","position":2,"name":"Sprzeda\u017c"}]},{"@type":"WebSite","@id":"https:\/\/www.e-r-s.eu\/#website","url":"https:\/\/www.e-r-s.eu\/","name":"e-r-s GmbH","description":"Feuerfestbau Kl\u00f6tze","publisher":{"@id":"https:\/\/www.e-r-s.eu\/#organization"},"potentialAction":[{"@type":"SearchAction","target":{"@type":"EntryPoint","urlTemplate":"https:\/\/www.e-r-s.eu\/?s={search_term_string}"},"query-input":{"@type":"PropertyValueSpecification","valueRequired":true,"valueName":"search_term_string"}}],"inLanguage":"pl-PL"},{"@type":"Organization","@id":"https:\/\/www.e-r-s.eu\/#organization","name":"e-r-s GmbH","url":"https:\/\/www.e-r-s.eu\/","logo":{"@type":"ImageObject","inLanguage":"pl-PL","@id":"https:\/\/www.e-r-s.eu\/#\/schema\/logo\/image\/","url":"https:\/\/www.e-r-s.eu\/wp-content\/uploads\/2022\/03\/logo_footer_light.png","contentUrl":"https:\/\/www.e-r-s.eu\/wp-content\/uploads\/2022\/03\/logo_footer_light.png","width":204,"height":205,"caption":"e-r-s GmbH"},"image":{"@id":"https:\/\/www.e-r-s.eu\/#\/schema\/logo\/image\/"},"sameAs":["https:\/\/www.facebook.com\/ersKloetze","https:\/\/www.linkedin.com\/company\/e-r-s-netherlands-b-v-","https:\/\/www.instagram.com\/elling.refractory.solutions\/"]}]}},"_links":{"self":[{"href":"https:\/\/www.e-r-s.eu\/pl\/wp-json\/wp\/v2\/pages\/8799","targetHints":{"allow":["GET"]}}],"collection":[{"href":"https:\/\/www.e-r-s.eu\/pl\/wp-json\/wp\/v2\/pages"}],"about":[{"href":"https:\/\/www.e-r-s.eu\/pl\/wp-json\/wp\/v2\/types\/page"}],"author":[{"embeddable":true,"href":"https:\/\/www.e-r-s.eu\/pl\/wp-json\/wp\/v2\/users\/1"}],"replies":[{"embeddable":true,"href":"https:\/\/www.e-r-s.eu\/pl\/wp-json\/wp\/v2\/comments?post=8799"}],"version-history":[{"count":28,"href":"https:\/\/www.e-r-s.eu\/pl\/wp-json\/wp\/v2\/pages\/8799\/revisions"}],"predecessor-version":[{"id":10255,"href":"https:\/\/www.e-r-s.eu\/pl\/wp-json\/wp\/v2\/pages\/8799\/revisions\/10255"}],"wp:featuredmedia":[{"embeddable":true,"href":"https:\/\/www.e-r-s.eu\/pl\/wp-json\/wp\/v2\/media\/8509"}],"wp:attachment":[{"href":"https:\/\/www.e-r-s.eu\/pl\/wp-json\/wp\/v2\/media?parent=8799"}],"curies":[{"name":"wp","href":"https:\/\/api.w.org\/{rel}","templated":true}]}}