{"id":8836,"date":"2022-04-28T13:47:44","date_gmt":"2022-04-28T13:47:44","guid":{"rendered":"https:\/\/www.e-r-s.eu\/?page_id=8836"},"modified":"2026-04-01T12:31:37","modified_gmt":"2026-04-01T12:31:37","slug":"praca-i-kariera","status":"publish","type":"page","link":"https:\/\/www.e-r-s.eu\/pl\/praca-i-kariera\/","title":{"rendered":"Praca i kariera"},"content":{"rendered":"\t\t<div data-elementor-type=\"wp-page\" data-elementor-id=\"8836\" class=\"elementor elementor-8836 elementor-6053\" data-elementor-post-type=\"page\">\n\t\t\t\t\t\t<section class=\"elementor-section elementor-top-section elementor-element elementor-element-1d07719 qodef-elementor-content-grid elementor-section-boxed elementor-section-height-default elementor-section-height-default\" data-id=\"1d07719\" data-element_type=\"section\" data-e-type=\"section\">\n\t\t\t\t\t\t<div class=\"elementor-container elementor-column-gap-default\">\n\t\t\t\t\t<div class=\"elementor-column elementor-col-100 elementor-top-column elementor-element elementor-element-25d55c5\" data-id=\"25d55c5\" data-element_type=\"column\" data-e-type=\"column\">\n\t\t\t<div class=\"elementor-widget-wrap elementor-element-populated\">\n\t\t\t\t\t\t<div class=\"elementor-element elementor-element-8f89a05 elementor-widget elementor-widget-stal_core_section_title\" data-id=\"8f89a05\" data-element_type=\"widget\" data-e-type=\"widget\" data-widget_type=\"stal_core_section_title.default\">\n\t\t\t\t<div class=\"elementor-widget-container\">\n\t\t\t\t\t<div class=\"qodef-shortcode qodef-m  qodef-section-title qodef-alignment--left  qodef-title-with-tagline\">\n\t\t<div class=\"qodef-m-title-wrap\">\n\t        <h6 class=\"qodef-m-title-tagline\" >e-r-s GmbH<\/h6>\n    \t<h2 class=\"qodef-m-title\" >\n\t\t\t\t\tPraca i kariera\t\t\t<\/h2>\n\t\n\t<\/div>\n\t<\/div>\t\t\t\t<\/div>\n\t\t\t\t<\/div>\n\t\t\t\t<div class=\"elementor-element elementor-element-8c61a1f elementor-widget elementor-widget-text-editor\" data-id=\"8c61a1f\" data-element_type=\"widget\" data-e-type=\"widget\" data-widget_type=\"text-editor.default\">\n\t\t\t\t<div class=\"elementor-widget-container\">\n\t\t\t\t\t\t\t\t\t<p><strong>W celu wzmocnienia naszego zespo\u0142u poszukujemy:<\/strong><br>&#8211; Murarzy piecowych przemys\u0142owych<br>&#8211; Szalunkowych<br>&#8211; Spawaczy<br>&#8211; Magazynier\u00f3w<\/p>\n<p>&nbsp;&#8211; Przedstawiciela handlowego<\/p>\n<p><strong>Oczekujemy:<\/strong><br>&#8211; prawa jazdy<br>&#8211; umiej\u0119tno\u015bci komunikacyjnych oraz umiej\u0119tno\u015bci pracy w zespole<\/p>\n<p>&#8211; gotowo\u015bci do cz\u0119stych podr\u00f3\u017cy<br>&#8211; znajomo\u015bci j\u0119zyka niemieckiego i &nbsp;komunikatywnego angielskiego<br>&#8211; zdolno\u015bci negocjacyjnych<\/p>\n<p><strong>Oferujemy:<\/strong><br>&#8211; ponadprzeci\u0119tne zarobki<br>&#8211; bonusy urlopowe i &nbsp;bo\u017conarodzeniowe<br>&#8211; r\u00f3\u017cnorodn\u0105 i odpowiedzialn\u0105 prac\u0119 w firmie zorientowanej na przysz\u0142o\u015b\u0107<br>&#8211; sta\u0142e zatrudnienie<br>&#8211; samoch\u00f3d s\u0142u\u017cbowy r\u00f3wnie\u017c do u\u017cytku prywatnego<\/p>\n<p><strong>Poszukujemy &nbsp;r\u00f3wnie\u017c sta\u017cyst\u00f3w w nast\u0119puj\u0105cych obszarach:<\/strong><br>&#8211; projektant instalacji technicznej<br>&#8211; pracownik przemys\u0142owy<br>&#8211; specjalista logistyki magazynowej<br>&#8211; murarz<br>&#8211; pracownik biurowy<\/p>\n<p><strong>Szkolenia i dokszta\u0142canie:<\/strong><br>Z my\u015bl\u0105 o przysz\u0142o\u015bci nasza firma wspiera przysz\u0142ych absolwent\u00f3w na wielu r\u00f3\u017cnych kierunkach studi\u00f3w w kilku krajach.&nbsp;Ponadto e-r-s GmbH umo\u017cliwia zar\u00f3wno nowym, jak i obecnym pracownikom dalsze szkolenia w r\u00f3\u017cnych obszarach i dzia\u0142ach, takich jak biuro, produkcja, in\u017cynieria i dzia\u0142 elektryczny.<\/p>\n<p><strong>Jak z\u0142o\u017cy\u0107 aplikacj\u0119:<\/strong><br>Prosimy o przes\u0142anie dokument\u00f3w aplikacyjnych zawieraj\u0105cych wszystkie wa\u017cne informacje dotycz\u0105ce kariery zawodowej (wraz ze zdj\u0119ciem) ze wskazaniem najwcze\u015bniejszego terminu rozpocz\u0119cia pracy oraz z informacj\u0105 o oczekiwaniach dotycz\u0105cych wynagrodzenia na adres:<\/p>\n<p><em><strong>e-r-s GmbH<\/strong><br><\/em><em>Poppauer Str. 36<br><\/em><em>D- 38486 Kl\u00f6tze<br>info@e-r-s.eu<\/em><\/p>\t\t\t\t\t\t\t\t<\/div>\n\t\t\t\t<\/div>\n\t\t\t\t\t<\/div>\n\t\t<\/div>\n\t\t\t\t\t<\/div>\n\t\t<\/section>\n\t\t\t\t<section class=\"elementor-section elementor-top-section elementor-element elementor-element-1e5fe6c elementor-section-boxed elementor-section-height-default elementor-section-height-default qodef-elementor-content-no\" data-id=\"1e5fe6c\" data-element_type=\"section\" data-e-type=\"section\">\n\t\t\t\t\t\t<div class=\"elementor-container elementor-column-gap-default\">\n\t\t\t\t\t<div class=\"elementor-column elementor-col-100 elementor-top-column elementor-element elementor-element-dc0abfd\" data-id=\"dc0abfd\" data-element_type=\"column\" data-e-type=\"column\">\n\t\t\t<div class=\"elementor-widget-wrap\">\n\t\t\t\t\t\t\t<\/div>\n\t\t<\/div>\n\t\t\t\t\t<\/div>\n\t\t<\/section>\n\t\t\t\t<\/div>\n\t\t","protected":false},"excerpt":{"rendered":"<p>e-r-s GmbH Praca i kariera W celu wzmocnienia naszego zespo\u0142u poszukujemy:&#8211; Murarzy piecowych przemys\u0142owych&#8211; Szalunkowych&#8211; Spawaczy&#8211; Magazynier\u00f3w &nbsp;&#8211; Przedstawiciela handlowego Oczekujemy:&#8211; prawa jazdy&#8211; umiej\u0119tno\u015bci komunikacyjnych oraz umiej\u0119tno\u015bci pracy w zespole &#8211; gotowo\u015bci do cz\u0119stych podr\u00f3\u017cy&#8211; znajomo\u015bci j\u0119zyka niemieckiego i &nbsp;komunikatywnego angielskiego&#8211; zdolno\u015bci negocjacyjnych Oferujemy:&#8211; ponadprzeci\u0119tne zarobki&#8211; bonusy urlopowe i &nbsp;bo\u017conarodzeniowe&#8211; r\u00f3\u017cnorodn\u0105 i odpowiedzialn\u0105 prac\u0119 w [&hellip;]<\/p>\n","protected":false},"author":1,"featured_media":0,"parent":0,"menu_order":0,"comment_status":"closed","ping_status":"closed","template":"page-full-width.php","meta":{"footnotes":""},"class_list":["post-8836","page","type-page","status-publish","hentry"],"yoast_head":"<!-- This site is optimized with the Yoast SEO plugin v27.5 - https:\/\/yoast.com\/product\/yoast-seo-wordpress\/ -->\n<title>Praca i kariera w e-r-s group GmbH \u2013 Oferty pracy w budownictwie ogniotrwa\u0142ym<\/title>\n<meta name=\"description\" content=\"Do\u0142\u0105cz do naszego zespo\u0142u! e-r-s group GmbH oferuje ciekawe mo\u017cliwo\u015bci kariery w budownictwie ogniotrwa\u0142ym, in\u017cynierii i handlu. Lokalizacje w ca\u0142ej Europie i uczciwe wynagrodzenie.\" \/>\n<meta name=\"robots\" content=\"index, follow, max-snippet:-1, max-image-preview:large, max-video-preview:-1\" \/>\n<link rel=\"canonical\" href=\"https:\/\/www.e-r-s.eu\/pl\/praca-i-kariera\/\" \/>\n<meta property=\"og:locale\" content=\"pl_PL\" \/>\n<meta property=\"og:type\" content=\"article\" \/>\n<meta property=\"og:title\" content=\"Praca i kariera w e-r-s group GmbH \u2013 Oferty pracy w budownictwie ogniotrwa\u0142ym\" \/>\n<meta property=\"og:description\" content=\"Do\u0142\u0105cz do naszego zespo\u0142u! e-r-s group GmbH oferuje ciekawe mo\u017cliwo\u015bci kariery w budownictwie ogniotrwa\u0142ym, in\u017cynierii i handlu. Lokalizacje w ca\u0142ej Europie i uczciwe wynagrodzenie.\" \/>\n<meta property=\"og:url\" content=\"https:\/\/www.e-r-s.eu\/pl\/praca-i-kariera\/\" \/>\n<meta property=\"og:site_name\" content=\"e-r-s GmbH\" \/>\n<meta property=\"article:publisher\" content=\"https:\/\/www.facebook.com\/ersKloetze\" \/>\n<meta property=\"article:modified_time\" content=\"2026-04-01T12:31:37+00:00\" \/>\n<meta name=\"twitter:card\" content=\"summary_large_image\" \/>\n<meta name=\"twitter:label1\" content=\"Szacowany czas czytania\" \/>\n\t<meta name=\"twitter:data1\" content=\"1 minuta\" \/>\n<script type=\"application\/ld+json\" class=\"yoast-schema-graph\">{\"@context\":\"https:\\\/\\\/schema.org\",\"@graph\":[{\"@type\":\"WebPage\",\"@id\":\"https:\\\/\\\/www.e-r-s.eu\\\/pl\\\/praca-i-kariera\\\/\",\"url\":\"https:\\\/\\\/www.e-r-s.eu\\\/pl\\\/praca-i-kariera\\\/\",\"name\":\"Praca i kariera w e-r-s group GmbH \u2013 Oferty pracy w budownictwie ogniotrwa\u0142ym\",\"isPartOf\":{\"@id\":\"https:\\\/\\\/www.e-r-s.eu\\\/#website\"},\"datePublished\":\"2022-04-28T13:47:44+00:00\",\"dateModified\":\"2026-04-01T12:31:37+00:00\",\"description\":\"Do\u0142\u0105cz do naszego zespo\u0142u! e-r-s group GmbH oferuje ciekawe mo\u017cliwo\u015bci kariery w budownictwie ogniotrwa\u0142ym, in\u017cynierii i handlu. Lokalizacje w ca\u0142ej Europie i uczciwe wynagrodzenie.\",\"breadcrumb\":{\"@id\":\"https:\\\/\\\/www.e-r-s.eu\\\/pl\\\/praca-i-kariera\\\/#breadcrumb\"},\"inLanguage\":\"pl-PL\",\"potentialAction\":[{\"@type\":\"ReadAction\",\"target\":[\"https:\\\/\\\/www.e-r-s.eu\\\/pl\\\/praca-i-kariera\\\/\"]}]},{\"@type\":\"BreadcrumbList\",\"@id\":\"https:\\\/\\\/www.e-r-s.eu\\\/pl\\\/praca-i-kariera\\\/#breadcrumb\",\"itemListElement\":[{\"@type\":\"ListItem\",\"position\":1,\"name\":\"Startseite\",\"item\":\"https:\\\/\\\/www.e-r-s.eu\\\/pl\\\/\"},{\"@type\":\"ListItem\",\"position\":2,\"name\":\"Praca i kariera\"}]},{\"@type\":\"WebSite\",\"@id\":\"https:\\\/\\\/www.e-r-s.eu\\\/#website\",\"url\":\"https:\\\/\\\/www.e-r-s.eu\\\/\",\"name\":\"e-r-s GmbH\",\"description\":\"Feuerfestbau Kl\u00f6tze\",\"publisher\":{\"@id\":\"https:\\\/\\\/www.e-r-s.eu\\\/#organization\"},\"potentialAction\":[{\"@type\":\"SearchAction\",\"target\":{\"@type\":\"EntryPoint\",\"urlTemplate\":\"https:\\\/\\\/www.e-r-s.eu\\\/?s={search_term_string}\"},\"query-input\":{\"@type\":\"PropertyValueSpecification\",\"valueRequired\":true,\"valueName\":\"search_term_string\"}}],\"inLanguage\":\"pl-PL\"},{\"@type\":\"Organization\",\"@id\":\"https:\\\/\\\/www.e-r-s.eu\\\/#organization\",\"name\":\"e-r-s GmbH\",\"url\":\"https:\\\/\\\/www.e-r-s.eu\\\/\",\"logo\":{\"@type\":\"ImageObject\",\"inLanguage\":\"pl-PL\",\"@id\":\"https:\\\/\\\/www.e-r-s.eu\\\/#\\\/schema\\\/logo\\\/image\\\/\",\"url\":\"https:\\\/\\\/www.e-r-s.eu\\\/wp-content\\\/uploads\\\/2022\\\/03\\\/logo_footer_light.png\",\"contentUrl\":\"https:\\\/\\\/www.e-r-s.eu\\\/wp-content\\\/uploads\\\/2022\\\/03\\\/logo_footer_light.png\",\"width\":204,\"height\":205,\"caption\":\"e-r-s GmbH\"},\"image\":{\"@id\":\"https:\\\/\\\/www.e-r-s.eu\\\/#\\\/schema\\\/logo\\\/image\\\/\"},\"sameAs\":[\"https:\\\/\\\/www.facebook.com\\\/ersKloetze\",\"https:\\\/\\\/www.linkedin.com\\\/company\\\/e-r-s-netherlands-b-v-\",\"https:\\\/\\\/www.instagram.com\\\/elling.refractory.solutions\\\/\"]}]}<\/script>\n<!-- \/ Yoast SEO plugin. -->","yoast_head_json":{"title":"Praca i kariera w e-r-s group GmbH \u2013 Oferty pracy w budownictwie ogniotrwa\u0142ym","description":"Do\u0142\u0105cz do naszego zespo\u0142u! e-r-s group GmbH oferuje ciekawe mo\u017cliwo\u015bci kariery w budownictwie ogniotrwa\u0142ym, in\u017cynierii i handlu. Lokalizacje w ca\u0142ej Europie i uczciwe wynagrodzenie.","robots":{"index":"index","follow":"follow","max-snippet":"max-snippet:-1","max-image-preview":"max-image-preview:large","max-video-preview":"max-video-preview:-1"},"canonical":"https:\/\/www.e-r-s.eu\/pl\/praca-i-kariera\/","og_locale":"pl_PL","og_type":"article","og_title":"Praca i kariera w e-r-s group GmbH \u2013 Oferty pracy w budownictwie ogniotrwa\u0142ym","og_description":"Do\u0142\u0105cz do naszego zespo\u0142u! e-r-s group GmbH oferuje ciekawe mo\u017cliwo\u015bci kariery w budownictwie ogniotrwa\u0142ym, in\u017cynierii i handlu. Lokalizacje w ca\u0142ej Europie i uczciwe wynagrodzenie.","og_url":"https:\/\/www.e-r-s.eu\/pl\/praca-i-kariera\/","og_site_name":"e-r-s GmbH","article_publisher":"https:\/\/www.facebook.com\/ersKloetze","article_modified_time":"2026-04-01T12:31:37+00:00","twitter_card":"summary_large_image","twitter_misc":{"Szacowany czas czytania":"1 minuta"},"schema":{"@context":"https:\/\/schema.org","@graph":[{"@type":"WebPage","@id":"https:\/\/www.e-r-s.eu\/pl\/praca-i-kariera\/","url":"https:\/\/www.e-r-s.eu\/pl\/praca-i-kariera\/","name":"Praca i kariera w e-r-s group GmbH \u2013 Oferty pracy w budownictwie ogniotrwa\u0142ym","isPartOf":{"@id":"https:\/\/www.e-r-s.eu\/#website"},"datePublished":"2022-04-28T13:47:44+00:00","dateModified":"2026-04-01T12:31:37+00:00","description":"Do\u0142\u0105cz do naszego zespo\u0142u! e-r-s group GmbH oferuje ciekawe mo\u017cliwo\u015bci kariery w budownictwie ogniotrwa\u0142ym, in\u017cynierii i handlu. Lokalizacje w ca\u0142ej Europie i uczciwe wynagrodzenie.","breadcrumb":{"@id":"https:\/\/www.e-r-s.eu\/pl\/praca-i-kariera\/#breadcrumb"},"inLanguage":"pl-PL","potentialAction":[{"@type":"ReadAction","target":["https:\/\/www.e-r-s.eu\/pl\/praca-i-kariera\/"]}]},{"@type":"BreadcrumbList","@id":"https:\/\/www.e-r-s.eu\/pl\/praca-i-kariera\/#breadcrumb","itemListElement":[{"@type":"ListItem","position":1,"name":"Startseite","item":"https:\/\/www.e-r-s.eu\/pl\/"},{"@type":"ListItem","position":2,"name":"Praca i kariera"}]},{"@type":"WebSite","@id":"https:\/\/www.e-r-s.eu\/#website","url":"https:\/\/www.e-r-s.eu\/","name":"e-r-s GmbH","description":"Feuerfestbau Kl\u00f6tze","publisher":{"@id":"https:\/\/www.e-r-s.eu\/#organization"},"potentialAction":[{"@type":"SearchAction","target":{"@type":"EntryPoint","urlTemplate":"https:\/\/www.e-r-s.eu\/?s={search_term_string}"},"query-input":{"@type":"PropertyValueSpecification","valueRequired":true,"valueName":"search_term_string"}}],"inLanguage":"pl-PL"},{"@type":"Organization","@id":"https:\/\/www.e-r-s.eu\/#organization","name":"e-r-s GmbH","url":"https:\/\/www.e-r-s.eu\/","logo":{"@type":"ImageObject","inLanguage":"pl-PL","@id":"https:\/\/www.e-r-s.eu\/#\/schema\/logo\/image\/","url":"https:\/\/www.e-r-s.eu\/wp-content\/uploads\/2022\/03\/logo_footer_light.png","contentUrl":"https:\/\/www.e-r-s.eu\/wp-content\/uploads\/2022\/03\/logo_footer_light.png","width":204,"height":205,"caption":"e-r-s GmbH"},"image":{"@id":"https:\/\/www.e-r-s.eu\/#\/schema\/logo\/image\/"},"sameAs":["https:\/\/www.facebook.com\/ersKloetze","https:\/\/www.linkedin.com\/company\/e-r-s-netherlands-b-v-","https:\/\/www.instagram.com\/elling.refractory.solutions\/"]}]}},"_links":{"self":[{"href":"https:\/\/www.e-r-s.eu\/pl\/wp-json\/wp\/v2\/pages\/8836","targetHints":{"allow":["GET"]}}],"collection":[{"href":"https:\/\/www.e-r-s.eu\/pl\/wp-json\/wp\/v2\/pages"}],"about":[{"href":"https:\/\/www.e-r-s.eu\/pl\/wp-json\/wp\/v2\/types\/page"}],"author":[{"embeddable":true,"href":"https:\/\/www.e-r-s.eu\/pl\/wp-json\/wp\/v2\/users\/1"}],"replies":[{"embeddable":true,"href":"https:\/\/www.e-r-s.eu\/pl\/wp-json\/wp\/v2\/comments?post=8836"}],"version-history":[{"count":13,"href":"https:\/\/www.e-r-s.eu\/pl\/wp-json\/wp\/v2\/pages\/8836\/revisions"}],"predecessor-version":[{"id":9759,"href":"https:\/\/www.e-r-s.eu\/pl\/wp-json\/wp\/v2\/pages\/8836\/revisions\/9759"}],"wp:attachment":[{"href":"https:\/\/www.e-r-s.eu\/pl\/wp-json\/wp\/v2\/media?parent=8836"}],"curies":[{"name":"wp","href":"https:\/\/api.w.org\/{rel}","templated":true}]}}