{"id":8878,"date":"2022-05-09T21:37:15","date_gmt":"2022-05-09T21:37:15","guid":{"rendered":"https:\/\/www.e-r-s.eu\/?page_id=8878"},"modified":"2026-04-01T12:31:26","modified_gmt":"2026-04-01T12:31:26","slug":"srodowisko-i-energia","status":"publish","type":"page","link":"https:\/\/www.e-r-s.eu\/pl\/srodowisko-i-energia\/","title":{"rendered":"\u015arodowisko i Energia"},"content":{"rendered":"\t\t<div data-elementor-type=\"wp-page\" data-elementor-id=\"8878\" class=\"elementor elementor-8878 elementor-6285\" data-elementor-post-type=\"page\">\n\t\t\t\t\t\t<section class=\"elementor-section elementor-top-section elementor-element elementor-element-1d07719 qodef-elementor-content-grid elementor-section-boxed elementor-section-height-default elementor-section-height-default\" data-id=\"1d07719\" data-element_type=\"section\" data-e-type=\"section\">\n\t\t\t\t\t\t<div class=\"elementor-container elementor-column-gap-default\">\n\t\t\t\t\t<div class=\"elementor-column elementor-col-50 elementor-top-column elementor-element elementor-element-25d55c5\" data-id=\"25d55c5\" data-element_type=\"column\" data-e-type=\"column\">\n\t\t\t<div class=\"elementor-widget-wrap elementor-element-populated\">\n\t\t\t\t\t\t<div class=\"elementor-element elementor-element-8f89a05 elementor-widget elementor-widget-stal_core_section_title\" data-id=\"8f89a05\" data-element_type=\"widget\" data-e-type=\"widget\" data-widget_type=\"stal_core_section_title.default\">\n\t\t\t\t<div class=\"elementor-widget-container\">\n\t\t\t\t\t<div class=\"qodef-shortcode qodef-m  qodef-section-title qodef-alignment--left  \">\n\t\t<div class=\"qodef-m-title-wrap\">\n\t\t<h2 class=\"qodef-m-title\" >\n\t\t\t\t\t\u015arodowisko i Energia\t\t\t<\/h2>\n\t\n\t<\/div>\n\t<\/div>\t\t\t\t<\/div>\n\t\t\t\t<\/div>\n\t\t\t\t<div class=\"elementor-element elementor-element-56a8c3b elementor-widget elementor-widget-text-editor\" data-id=\"56a8c3b\" data-element_type=\"widget\" data-e-type=\"widget\" data-widget_type=\"text-editor.default\">\n\t\t\t\t<div class=\"elementor-widget-container\">\n\t\t\t\t\t\t\t\t\t<p>Ten pion przemys\u0142u obejmuje g\u0142\u00f3wnie wytwarzanie energii oraz termiczne przetwarzanie odpad\u00f3w i \u015bmieci.\u00a0Ostatnio coraz cz\u0119\u015bciej zwraca si\u0119 uwag\u0119 na magazynowanie energii cieplnej.\u00a0Wspieramy klient\u00f3w na ca\u0142ym \u015bwiecie w elektrowniach na biomas\u0119, elektrowniach na paliwa zast\u0119pcze, spalarniach odpad\u00f3w, elektrowniach gazowych i systemach magazynowania ciep\u0142a.\u00a0W tym celu zawieramy d\u0142ugoterminowe umowy, kt\u00f3re daj\u0105 naszym klientom bezpiecze\u0144stwo planowania.\u00a0Tworzymy in\u017cynieri\u0119 dla naszych klient\u00f3w, dostarczamy wszystkie materia\u0142y ogniotrwa\u0142e i zakotwienia oraz montujemy je zgodnie z harmonogramem.\u00a0Suszenie odbywa si\u0119 za pomoc\u0105 palnik\u00f3w olejowych, gazowych lub elektrycznych mat grzewczych.\u00a0Prefabrykowane elementy s\u0105 coraz cz\u0119\u015bciej projektowane do specjalnych obszar\u00f3w lub wymaga\u0144.\u00a0Umo\u017cliwia to szybszy monta\u017c i skraca czas nagrzewania.\u00a0W nag\u0142ych wypadkach jeste\u015bmy dost\u0119pni 24 godziny na dob\u0119, 7 dni w tygodniu, a dzi\u0119ki sprawnemu zarz\u0105dzaniu magazynem mo\u017cemy w kr\u00f3tkim czasie dostarczy\u0107 materia\u0142y dla naszych klient\u00f3w.<\/p>\t\t\t\t\t\t\t\t<\/div>\n\t\t\t\t<\/div>\n\t\t\t\t\t<\/div>\n\t\t<\/div>\n\t\t\t\t<div class=\"elementor-column elementor-col-50 elementor-top-column elementor-element elementor-element-cdc7ba9\" data-id=\"cdc7ba9\" data-element_type=\"column\" data-e-type=\"column\">\n\t\t\t<div class=\"elementor-widget-wrap elementor-element-populated\">\n\t\t\t\t\t\t<div class=\"elementor-element elementor-element-ab9ea1f elementor-widget elementor-widget-image\" data-id=\"ab9ea1f\" data-element_type=\"widget\" data-e-type=\"widget\" data-widget_type=\"image.default\">\n\t\t\t\t<div class=\"elementor-widget-container\">\n\t\t\t\t\t\t\t\t\t\t\t\t\t\t\t<img fetchpriority=\"high\" decoding=\"async\" width=\"1024\" height=\"766\" src=\"https:\/\/www.e-r-s.eu\/wp-content\/uploads\/2022\/06\/COME6538-1024x766.jpg\" class=\"attachment-large size-large wp-image-8497\" alt=\"\" srcset=\"https:\/\/www.e-r-s.eu\/wp-content\/uploads\/2022\/06\/COME6538-1024x766.jpg 1024w, https:\/\/www.e-r-s.eu\/wp-content\/uploads\/2022\/06\/COME6538-300x224.jpg 300w, https:\/\/www.e-r-s.eu\/wp-content\/uploads\/2022\/06\/COME6538-768x575.jpg 768w, https:\/\/www.e-r-s.eu\/wp-content\/uploads\/2022\/06\/COME6538-1536x1149.jpg 1536w, https:\/\/www.e-r-s.eu\/wp-content\/uploads\/2022\/06\/COME6538-600x449.jpg 600w, https:\/\/www.e-r-s.eu\/wp-content\/uploads\/2022\/06\/COME6538.jpg 1919w\" sizes=\"(max-width: 1024px) 100vw, 1024px\" \/>\t\t\t\t\t\t\t\t\t\t\t\t\t\t\t<\/div>\n\t\t\t\t<\/div>\n\t\t\t\t\t<\/div>\n\t\t<\/div>\n\t\t\t\t\t<\/div>\n\t\t<\/section>\n\t\t\t\t<section class=\"elementor-section elementor-top-section elementor-element elementor-element-1e5fe6c elementor-section-boxed elementor-section-height-default elementor-section-height-default qodef-elementor-content-no\" data-id=\"1e5fe6c\" data-element_type=\"section\" data-e-type=\"section\">\n\t\t\t\t\t\t<div class=\"elementor-container elementor-column-gap-default\">\n\t\t\t\t\t<div class=\"elementor-column elementor-col-100 elementor-top-column elementor-element elementor-element-dc0abfd\" data-id=\"dc0abfd\" data-element_type=\"column\" data-e-type=\"column\">\n\t\t\t<div class=\"elementor-widget-wrap\">\n\t\t\t\t\t\t\t<\/div>\n\t\t<\/div>\n\t\t\t\t\t<\/div>\n\t\t<\/section>\n\t\t\t\t<\/div>\n\t\t","protected":false},"excerpt":{"rendered":"<p>\u015arodowisko i Energia Ten pion przemys\u0142u obejmuje g\u0142\u00f3wnie wytwarzanie energii oraz termiczne przetwarzanie odpad\u00f3w i \u015bmieci.\u00a0Ostatnio coraz cz\u0119\u015bciej zwraca si\u0119 uwag\u0119 na magazynowanie energii cieplnej.\u00a0Wspieramy klient\u00f3w na ca\u0142ym \u015bwiecie w elektrowniach na biomas\u0119, elektrowniach na paliwa zast\u0119pcze, spalarniach odpad\u00f3w, elektrowniach gazowych i systemach magazynowania ciep\u0142a.\u00a0W tym celu zawieramy d\u0142ugoterminowe umowy, kt\u00f3re daj\u0105 naszym klientom bezpiecze\u0144stwo [&hellip;]<\/p>\n","protected":false},"author":1,"featured_media":0,"parent":0,"menu_order":0,"comment_status":"closed","ping_status":"closed","template":"page-full-width.php","meta":{"footnotes":""},"class_list":["post-8878","page","type-page","status-publish","hentry"],"yoast_head":"<!-- This site is optimized with the Yoast SEO plugin v27.5 - https:\/\/yoast.com\/product\/yoast-seo-wordpress\/ -->\n<title>\u015arodowisko i Energia \u2013 Rozwi\u0105zania ogniotrwa\u0142e dla zak\u0142ad\u00f3w energetycznych | e-r-s group GmbH<\/title>\n<meta name=\"description\" content=\"Rozwi\u0105zania ogniotrwa\u0142e dla zak\u0142ad\u00f3w ochrony \u015brodowiska i energetycznych: wymur\u00f3wki dla spalarni odpad\u00f3w, biomasy i elektrowni. Do\u015bwiadczony partner w budownictwie ogniotrwa\u0142ym.\" \/>\n<meta name=\"robots\" content=\"index, follow, max-snippet:-1, max-image-preview:large, max-video-preview:-1\" \/>\n<link rel=\"canonical\" href=\"https:\/\/www.e-r-s.eu\/pl\/srodowisko-i-energia\/\" \/>\n<meta property=\"og:locale\" content=\"pl_PL\" \/>\n<meta property=\"og:type\" content=\"article\" \/>\n<meta property=\"og:title\" content=\"\u015arodowisko i Energia \u2013 Rozwi\u0105zania ogniotrwa\u0142e dla zak\u0142ad\u00f3w energetycznych | e-r-s group GmbH\" \/>\n<meta property=\"og:description\" content=\"Rozwi\u0105zania ogniotrwa\u0142e dla zak\u0142ad\u00f3w ochrony \u015brodowiska i energetycznych: wymur\u00f3wki dla spalarni odpad\u00f3w, biomasy i elektrowni. Do\u015bwiadczony partner w budownictwie ogniotrwa\u0142ym.\" \/>\n<meta property=\"og:url\" content=\"https:\/\/www.e-r-s.eu\/pl\/srodowisko-i-energia\/\" \/>\n<meta property=\"og:site_name\" content=\"e-r-s GmbH\" \/>\n<meta property=\"article:publisher\" content=\"https:\/\/www.facebook.com\/ersKloetze\" \/>\n<meta property=\"article:modified_time\" content=\"2026-04-01T12:31:26+00:00\" \/>\n<meta property=\"og:image\" content=\"https:\/\/www.e-r-s.eu\/wp-content\/uploads\/2022\/05\/Platten-2.jpg\" \/>\n<meta name=\"twitter:card\" content=\"summary_large_image\" \/>\n<meta name=\"twitter:label1\" content=\"Szacowany czas czytania\" \/>\n\t<meta name=\"twitter:data1\" content=\"1 minuta\" \/>\n<script type=\"application\/ld+json\" class=\"yoast-schema-graph\">{\"@context\":\"https:\\\/\\\/schema.org\",\"@graph\":[{\"@type\":\"WebPage\",\"@id\":\"https:\\\/\\\/www.e-r-s.eu\\\/pl\\\/srodowisko-i-energia\\\/\",\"url\":\"https:\\\/\\\/www.e-r-s.eu\\\/pl\\\/srodowisko-i-energia\\\/\",\"name\":\"\u015arodowisko i Energia \u2013 Rozwi\u0105zania ogniotrwa\u0142e dla zak\u0142ad\u00f3w energetycznych | e-r-s group GmbH\",\"isPartOf\":{\"@id\":\"https:\\\/\\\/www.e-r-s.eu\\\/#website\"},\"primaryImageOfPage\":{\"@id\":\"https:\\\/\\\/www.e-r-s.eu\\\/pl\\\/srodowisko-i-energia\\\/#primaryimage\"},\"image\":{\"@id\":\"https:\\\/\\\/www.e-r-s.eu\\\/pl\\\/srodowisko-i-energia\\\/#primaryimage\"},\"thumbnailUrl\":\"https:\\\/\\\/www.e-r-s.eu\\\/wp-content\\\/uploads\\\/2022\\\/05\\\/Platten-2.jpg\",\"datePublished\":\"2022-05-09T21:37:15+00:00\",\"dateModified\":\"2026-04-01T12:31:26+00:00\",\"description\":\"Rozwi\u0105zania ogniotrwa\u0142e dla zak\u0142ad\u00f3w ochrony \u015brodowiska i energetycznych: wymur\u00f3wki dla spalarni odpad\u00f3w, biomasy i elektrowni. Do\u015bwiadczony partner w budownictwie ogniotrwa\u0142ym.\",\"breadcrumb\":{\"@id\":\"https:\\\/\\\/www.e-r-s.eu\\\/pl\\\/srodowisko-i-energia\\\/#breadcrumb\"},\"inLanguage\":\"pl-PL\",\"potentialAction\":[{\"@type\":\"ReadAction\",\"target\":[\"https:\\\/\\\/www.e-r-s.eu\\\/pl\\\/srodowisko-i-energia\\\/\"]}]},{\"@type\":\"ImageObject\",\"inLanguage\":\"pl-PL\",\"@id\":\"https:\\\/\\\/www.e-r-s.eu\\\/pl\\\/srodowisko-i-energia\\\/#primaryimage\",\"url\":\"https:\\\/\\\/www.e-r-s.eu\\\/wp-content\\\/uploads\\\/2022\\\/05\\\/Platten-2.jpg\",\"contentUrl\":\"https:\\\/\\\/www.e-r-s.eu\\\/wp-content\\\/uploads\\\/2022\\\/05\\\/Platten-2.jpg\"},{\"@type\":\"BreadcrumbList\",\"@id\":\"https:\\\/\\\/www.e-r-s.eu\\\/pl\\\/srodowisko-i-energia\\\/#breadcrumb\",\"itemListElement\":[{\"@type\":\"ListItem\",\"position\":1,\"name\":\"Startseite\",\"item\":\"https:\\\/\\\/www.e-r-s.eu\\\/pl\\\/\"},{\"@type\":\"ListItem\",\"position\":2,\"name\":\"\u015arodowisko i Energia\"}]},{\"@type\":\"WebSite\",\"@id\":\"https:\\\/\\\/www.e-r-s.eu\\\/#website\",\"url\":\"https:\\\/\\\/www.e-r-s.eu\\\/\",\"name\":\"e-r-s GmbH\",\"description\":\"Feuerfestbau Kl\u00f6tze\",\"publisher\":{\"@id\":\"https:\\\/\\\/www.e-r-s.eu\\\/#organization\"},\"potentialAction\":[{\"@type\":\"SearchAction\",\"target\":{\"@type\":\"EntryPoint\",\"urlTemplate\":\"https:\\\/\\\/www.e-r-s.eu\\\/?s={search_term_string}\"},\"query-input\":{\"@type\":\"PropertyValueSpecification\",\"valueRequired\":true,\"valueName\":\"search_term_string\"}}],\"inLanguage\":\"pl-PL\"},{\"@type\":\"Organization\",\"@id\":\"https:\\\/\\\/www.e-r-s.eu\\\/#organization\",\"name\":\"e-r-s GmbH\",\"url\":\"https:\\\/\\\/www.e-r-s.eu\\\/\",\"logo\":{\"@type\":\"ImageObject\",\"inLanguage\":\"pl-PL\",\"@id\":\"https:\\\/\\\/www.e-r-s.eu\\\/#\\\/schema\\\/logo\\\/image\\\/\",\"url\":\"https:\\\/\\\/www.e-r-s.eu\\\/wp-content\\\/uploads\\\/2022\\\/03\\\/logo_footer_light.png\",\"contentUrl\":\"https:\\\/\\\/www.e-r-s.eu\\\/wp-content\\\/uploads\\\/2022\\\/03\\\/logo_footer_light.png\",\"width\":204,\"height\":205,\"caption\":\"e-r-s GmbH\"},\"image\":{\"@id\":\"https:\\\/\\\/www.e-r-s.eu\\\/#\\\/schema\\\/logo\\\/image\\\/\"},\"sameAs\":[\"https:\\\/\\\/www.facebook.com\\\/ersKloetze\",\"https:\\\/\\\/www.linkedin.com\\\/company\\\/e-r-s-netherlands-b-v-\",\"https:\\\/\\\/www.instagram.com\\\/elling.refractory.solutions\\\/\"]}]}<\/script>\n<!-- \/ Yoast SEO plugin. -->","yoast_head_json":{"title":"\u015arodowisko i Energia \u2013 Rozwi\u0105zania ogniotrwa\u0142e dla zak\u0142ad\u00f3w energetycznych | e-r-s group GmbH","description":"Rozwi\u0105zania ogniotrwa\u0142e dla zak\u0142ad\u00f3w ochrony \u015brodowiska i energetycznych: wymur\u00f3wki dla spalarni odpad\u00f3w, biomasy i elektrowni. Do\u015bwiadczony partner w budownictwie ogniotrwa\u0142ym.","robots":{"index":"index","follow":"follow","max-snippet":"max-snippet:-1","max-image-preview":"max-image-preview:large","max-video-preview":"max-video-preview:-1"},"canonical":"https:\/\/www.e-r-s.eu\/pl\/srodowisko-i-energia\/","og_locale":"pl_PL","og_type":"article","og_title":"\u015arodowisko i Energia \u2013 Rozwi\u0105zania ogniotrwa\u0142e dla zak\u0142ad\u00f3w energetycznych | e-r-s group GmbH","og_description":"Rozwi\u0105zania ogniotrwa\u0142e dla zak\u0142ad\u00f3w ochrony \u015brodowiska i energetycznych: wymur\u00f3wki dla spalarni odpad\u00f3w, biomasy i elektrowni. Do\u015bwiadczony partner w budownictwie ogniotrwa\u0142ym.","og_url":"https:\/\/www.e-r-s.eu\/pl\/srodowisko-i-energia\/","og_site_name":"e-r-s GmbH","article_publisher":"https:\/\/www.facebook.com\/ersKloetze","article_modified_time":"2026-04-01T12:31:26+00:00","og_image":[{"url":"https:\/\/www.e-r-s.eu\/wp-content\/uploads\/2022\/05\/Platten-2.jpg","type":"","width":"","height":""}],"twitter_card":"summary_large_image","twitter_misc":{"Szacowany czas czytania":"1 minuta"},"schema":{"@context":"https:\/\/schema.org","@graph":[{"@type":"WebPage","@id":"https:\/\/www.e-r-s.eu\/pl\/srodowisko-i-energia\/","url":"https:\/\/www.e-r-s.eu\/pl\/srodowisko-i-energia\/","name":"\u015arodowisko i Energia \u2013 Rozwi\u0105zania ogniotrwa\u0142e dla zak\u0142ad\u00f3w energetycznych | e-r-s group GmbH","isPartOf":{"@id":"https:\/\/www.e-r-s.eu\/#website"},"primaryImageOfPage":{"@id":"https:\/\/www.e-r-s.eu\/pl\/srodowisko-i-energia\/#primaryimage"},"image":{"@id":"https:\/\/www.e-r-s.eu\/pl\/srodowisko-i-energia\/#primaryimage"},"thumbnailUrl":"https:\/\/www.e-r-s.eu\/wp-content\/uploads\/2022\/05\/Platten-2.jpg","datePublished":"2022-05-09T21:37:15+00:00","dateModified":"2026-04-01T12:31:26+00:00","description":"Rozwi\u0105zania ogniotrwa\u0142e dla zak\u0142ad\u00f3w ochrony \u015brodowiska i energetycznych: wymur\u00f3wki dla spalarni odpad\u00f3w, biomasy i elektrowni. Do\u015bwiadczony partner w budownictwie ogniotrwa\u0142ym.","breadcrumb":{"@id":"https:\/\/www.e-r-s.eu\/pl\/srodowisko-i-energia\/#breadcrumb"},"inLanguage":"pl-PL","potentialAction":[{"@type":"ReadAction","target":["https:\/\/www.e-r-s.eu\/pl\/srodowisko-i-energia\/"]}]},{"@type":"ImageObject","inLanguage":"pl-PL","@id":"https:\/\/www.e-r-s.eu\/pl\/srodowisko-i-energia\/#primaryimage","url":"https:\/\/www.e-r-s.eu\/wp-content\/uploads\/2022\/05\/Platten-2.jpg","contentUrl":"https:\/\/www.e-r-s.eu\/wp-content\/uploads\/2022\/05\/Platten-2.jpg"},{"@type":"BreadcrumbList","@id":"https:\/\/www.e-r-s.eu\/pl\/srodowisko-i-energia\/#breadcrumb","itemListElement":[{"@type":"ListItem","position":1,"name":"Startseite","item":"https:\/\/www.e-r-s.eu\/pl\/"},{"@type":"ListItem","position":2,"name":"\u015arodowisko i Energia"}]},{"@type":"WebSite","@id":"https:\/\/www.e-r-s.eu\/#website","url":"https:\/\/www.e-r-s.eu\/","name":"e-r-s GmbH","description":"Feuerfestbau Kl\u00f6tze","publisher":{"@id":"https:\/\/www.e-r-s.eu\/#organization"},"potentialAction":[{"@type":"SearchAction","target":{"@type":"EntryPoint","urlTemplate":"https:\/\/www.e-r-s.eu\/?s={search_term_string}"},"query-input":{"@type":"PropertyValueSpecification","valueRequired":true,"valueName":"search_term_string"}}],"inLanguage":"pl-PL"},{"@type":"Organization","@id":"https:\/\/www.e-r-s.eu\/#organization","name":"e-r-s GmbH","url":"https:\/\/www.e-r-s.eu\/","logo":{"@type":"ImageObject","inLanguage":"pl-PL","@id":"https:\/\/www.e-r-s.eu\/#\/schema\/logo\/image\/","url":"https:\/\/www.e-r-s.eu\/wp-content\/uploads\/2022\/03\/logo_footer_light.png","contentUrl":"https:\/\/www.e-r-s.eu\/wp-content\/uploads\/2022\/03\/logo_footer_light.png","width":204,"height":205,"caption":"e-r-s GmbH"},"image":{"@id":"https:\/\/www.e-r-s.eu\/#\/schema\/logo\/image\/"},"sameAs":["https:\/\/www.facebook.com\/ersKloetze","https:\/\/www.linkedin.com\/company\/e-r-s-netherlands-b-v-","https:\/\/www.instagram.com\/elling.refractory.solutions\/"]}]}},"_links":{"self":[{"href":"https:\/\/www.e-r-s.eu\/pl\/wp-json\/wp\/v2\/pages\/8878","targetHints":{"allow":["GET"]}}],"collection":[{"href":"https:\/\/www.e-r-s.eu\/pl\/wp-json\/wp\/v2\/pages"}],"about":[{"href":"https:\/\/www.e-r-s.eu\/pl\/wp-json\/wp\/v2\/types\/page"}],"author":[{"embeddable":true,"href":"https:\/\/www.e-r-s.eu\/pl\/wp-json\/wp\/v2\/users\/1"}],"replies":[{"embeddable":true,"href":"https:\/\/www.e-r-s.eu\/pl\/wp-json\/wp\/v2\/comments?post=8878"}],"version-history":[{"count":5,"href":"https:\/\/www.e-r-s.eu\/pl\/wp-json\/wp\/v2\/pages\/8878\/revisions"}],"predecessor-version":[{"id":8894,"href":"https:\/\/www.e-r-s.eu\/pl\/wp-json\/wp\/v2\/pages\/8878\/revisions\/8894"}],"wp:attachment":[{"href":"https:\/\/www.e-r-s.eu\/pl\/wp-json\/wp\/v2\/media?parent=8878"}],"curies":[{"name":"wp","href":"https:\/\/api.w.org\/{rel}","templated":true}]}}