{"id":8929,"date":"2022-04-27T12:57:17","date_gmt":"2022-04-27T12:57:17","guid":{"rendered":"https:\/\/www.e-r-s.eu\/?page_id=8929"},"modified":"2022-08-02T12:31:57","modified_gmt":"2022-08-02T12:31:57","slug":"suszenie","status":"publish","type":"page","link":"https:\/\/www.e-r-s.eu\/pl\/suszenie\/","title":{"rendered":"Suszenie"},"content":{"rendered":"\t\t<div data-elementor-type=\"wp-page\" data-elementor-id=\"8929\" class=\"elementor elementor-8929 elementor-5606\" data-elementor-post-type=\"page\">\n\t\t\t\t\t\t<section class=\"elementor-section elementor-top-section elementor-element elementor-element-1d07719 qodef-elementor-content-grid elementor-section-boxed elementor-section-height-default elementor-section-height-default\" data-id=\"1d07719\" data-element_type=\"section\" data-e-type=\"section\">\n\t\t\t\t\t\t<div class=\"elementor-container elementor-column-gap-default\">\n\t\t\t\t\t<div class=\"elementor-column elementor-col-50 elementor-top-column elementor-element elementor-element-25d55c5\" data-id=\"25d55c5\" data-element_type=\"column\" data-e-type=\"column\">\n\t\t\t<div class=\"elementor-widget-wrap elementor-element-populated\">\n\t\t\t\t\t\t<div class=\"elementor-element elementor-element-8f89a05 elementor-widget elementor-widget-stal_core_section_title\" data-id=\"8f89a05\" data-element_type=\"widget\" data-e-type=\"widget\" data-widget_type=\"stal_core_section_title.default\">\n\t\t\t\t<div class=\"elementor-widget-container\">\n\t\t\t\t\t<div class=\"qodef-shortcode qodef-m  qodef-section-title qodef-alignment--left  qodef-title-with-tagline\">\n\t\t<div class=\"qodef-m-title-wrap\">\n\t        <h6 class=\"qodef-m-title-tagline\" >e-r-s GmbH<\/h6>\n    \t<h2 class=\"qodef-m-title\" >\n\t\t\t\t\tSuszenie\t\t\t<\/h2>\n\t\n\t<\/div>\n\t<\/div>\t\t\t\t<\/div>\n\t\t\t\t<\/div>\n\t\t\t\t<div class=\"elementor-element elementor-element-c9668f1 elementor-widget elementor-widget-text-editor\" data-id=\"c9668f1\" data-element_type=\"widget\" data-e-type=\"widget\" data-widget_type=\"text-editor.default\">\n\t\t\t\t<div class=\"elementor-widget-container\">\n\t\t\t\t\t\t\t\t\t<p>Ok\u0142adziny ogniotrwa\u0142e po monta\u017cu nale\u017cy wst\u0119pnie wysuszy\u0107.\u00a0Suszenie jest przeprowadzane i dokumentowane przez naszych specjalist\u00f3w, zgodnie z okre\u015blon\u0105 krzyw\u0105 suszenia. ers GmbH mo\u017ce zaoferowa\u0107 mobilne suszenie z wykorzystaniem specjalistycznego sprz\u0119tu.<\/p>\t\t\t\t\t\t\t\t<\/div>\n\t\t\t\t<\/div>\n\t\t\t\t<div class=\"elementor-element elementor-element-b8ed381 elementor-widget elementor-widget-text-editor\" data-id=\"b8ed381\" data-element_type=\"widget\" data-e-type=\"widget\" data-widget_type=\"text-editor.default\">\n\t\t\t\t<div class=\"elementor-widget-container\">\n\t\t\t\t\t\t\t\t\t<ul><li>Suszenie do 450\u00b0C lub wypalanie do 1300\u00b0C<\/li><li>Suszenie elektrycznymi matami grzewczymi i do 400\u00b0C<\/li><li>Suszenie\/wypalanie palnikami o wysokiej wydajno\u015bci \u2013 za pomoc\u0105 medi\u00f3w: gaz ziemny, gaz p\u0142ynny, olej opa\u0142owy<\/li><\/ul>\t\t\t\t\t\t\t\t<\/div>\n\t\t\t\t<\/div>\n\t\t\t\t\t<\/div>\n\t\t<\/div>\n\t\t\t\t<div class=\"elementor-column elementor-col-50 elementor-top-column elementor-element elementor-element-cdc7ba9\" data-id=\"cdc7ba9\" data-element_type=\"column\" data-e-type=\"column\">\n\t\t\t<div class=\"elementor-widget-wrap elementor-element-populated\">\n\t\t\t\t\t\t<div class=\"elementor-element elementor-element-42bb641 elementor-widget elementor-widget-image-gallery\" data-id=\"42bb641\" data-element_type=\"widget\" data-e-type=\"widget\" data-widget_type=\"image-gallery.default\">\n\t\t\t\t<div class=\"elementor-widget-container\">\n\t\t\t\t\t\t\t<div class=\"elementor-image-gallery\">\n\t\t\t\n\t\t<style type=\"text\/css\">\n\t\t\t#gallery-1 {\n\t\t\t\tmargin: auto;\n\t\t\t}\n\t\t\t#gallery-1 .gallery-item {\n\t\t\t\tfloat: left;\n\t\t\t\tmargin-top: 10px;\n\t\t\t\ttext-align: center;\n\t\t\t\twidth: 50%;\n\t\t\t}\n\t\t\t#gallery-1 img {\n\t\t\t\tborder: 2px solid #cfcfcf;\n\t\t\t}\n\t\t\t#gallery-1 .gallery-caption {\n\t\t\t\tmargin-left: 0;\n\t\t\t}\n\t\t\t\/* see gallery_shortcode() in wp-includes\/media.php *\/\n\t\t<\/style>\n\t\t<div id='gallery-1' class='gallery galleryid-8929 gallery-columns-2 gallery-size-shop_catalog'><dl class='gallery-item'>\n\t\t\t<dt class='gallery-icon landscape'>\n\t\t\t\t<a data-elementor-open-lightbox=\"yes\" data-elementor-lightbox-slideshow=\"42bb641\" data-elementor-lightbox-title=\"Trocknen_seitlich_Ersatz_Trocknungswagen_web\" data-e-action-hash=\"#elementor-action%3Aaction%3Dlightbox%26settings%3DeyJpZCI6ODQwNywidXJsIjoiaHR0cHM6XC9cL3d3dy5lLXItcy5ldVwvd3AtY29udGVudFwvdXBsb2Fkc1wvMjAyMlwvMDZcL1Ryb2NrbmVuX3NlaXRsaWNoX0Vyc2F0el9Ucm9ja251bmdzd2FnZW5fd2ViLmpwZyIsInNsaWRlc2hvdyI6IjQyYmI2NDEifQ%3D%3D\" href='https:\/\/www.e-r-s.eu\/wp-content\/uploads\/2022\/06\/Trocknen_seitlich_Ersatz_Trocknungswagen_web.jpg'><img fetchpriority=\"high\" decoding=\"async\" width=\"300\" height=\"300\" src=\"https:\/\/www.e-r-s.eu\/wp-content\/uploads\/2022\/06\/Trocknen_seitlich_Ersatz_Trocknungswagen_web-300x300.jpg\" class=\"attachment-shop_catalog size-shop_catalog\" alt=\"\" srcset=\"https:\/\/www.e-r-s.eu\/wp-content\/uploads\/2022\/06\/Trocknen_seitlich_Ersatz_Trocknungswagen_web-300x300.jpg 300w, https:\/\/www.e-r-s.eu\/wp-content\/uploads\/2022\/06\/Trocknen_seitlich_Ersatz_Trocknungswagen_web-150x150.jpg 150w, https:\/\/www.e-r-s.eu\/wp-content\/uploads\/2022\/06\/Trocknen_seitlich_Ersatz_Trocknungswagen_web-650x650.jpg 650w, https:\/\/www.e-r-s.eu\/wp-content\/uploads\/2022\/06\/Trocknen_seitlich_Ersatz_Trocknungswagen_web-82x82.jpg 82w, https:\/\/www.e-r-s.eu\/wp-content\/uploads\/2022\/06\/Trocknen_seitlich_Ersatz_Trocknungswagen_web-100x100.jpg 100w\" sizes=\"(max-width: 300px) 100vw, 300px\" \/><\/a>\n\t\t\t<\/dt><\/dl><dl class='gallery-item'>\n\t\t\t<dt class='gallery-icon landscape'>\n\t\t\t\t<a data-elementor-open-lightbox=\"yes\" data-elementor-lightbox-slideshow=\"42bb641\" data-elementor-lightbox-title=\"e_r_s_gmbh_16\" data-e-action-hash=\"#elementor-action%3Aaction%3Dlightbox%26settings%3DeyJpZCI6ODM3MSwidXJsIjoiaHR0cHM6XC9cL3d3dy5lLXItcy5ldVwvd3AtY29udGVudFwvdXBsb2Fkc1wvMjAyMlwvMDVcL2Vfcl9zX2dtYmhfMTYuanBnIiwic2xpZGVzaG93IjoiNDJiYjY0MSJ9\" href='https:\/\/www.e-r-s.eu\/wp-content\/uploads\/2022\/05\/e_r_s_gmbh_16.jpg'><img decoding=\"async\" width=\"300\" height=\"300\" src=\"https:\/\/www.e-r-s.eu\/wp-content\/uploads\/2022\/05\/e_r_s_gmbh_16-300x300.jpg\" class=\"attachment-shop_catalog size-shop_catalog\" alt=\"\" srcset=\"https:\/\/www.e-r-s.eu\/wp-content\/uploads\/2022\/05\/e_r_s_gmbh_16-300x300.jpg 300w, https:\/\/www.e-r-s.eu\/wp-content\/uploads\/2022\/05\/e_r_s_gmbh_16-150x150.jpg 150w, https:\/\/www.e-r-s.eu\/wp-content\/uploads\/2022\/05\/e_r_s_gmbh_16-82x82.jpg 82w, https:\/\/www.e-r-s.eu\/wp-content\/uploads\/2022\/05\/e_r_s_gmbh_16-100x100.jpg 100w\" sizes=\"(max-width: 300px) 100vw, 300px\" \/><\/a>\n\t\t\t<\/dt><\/dl><br style=\"clear: both\" \/>\n\t\t<\/div>\n\t\t<\/div>\n\t\t\t\t\t\t<\/div>\n\t\t\t\t<\/div>\n\t\t\t\t\t<\/div>\n\t\t<\/div>\n\t\t\t\t\t<\/div>\n\t\t<\/section>\n\t\t\t\t<section class=\"elementor-section elementor-top-section elementor-element elementor-element-3900f06 elementor-section-boxed elementor-section-height-default elementor-section-height-default qodef-elementor-content-no\" data-id=\"3900f06\" data-element_type=\"section\" data-e-type=\"section\">\n\t\t\t\t\t\t<div class=\"elementor-container elementor-column-gap-default\">\n\t\t\t\t\t<div class=\"elementor-column elementor-col-100 elementor-top-column elementor-element elementor-element-a772324\" data-id=\"a772324\" data-element_type=\"column\" data-e-type=\"column\">\n\t\t\t<div class=\"elementor-widget-wrap\">\n\t\t\t\t\t\t\t<\/div>\n\t\t<\/div>\n\t\t\t\t\t<\/div>\n\t\t<\/section>\n\t\t\t\t<\/div>\n\t\t","protected":false},"excerpt":{"rendered":"<p>e-r-s GmbH Suszenie Ok\u0142adziny ogniotrwa\u0142e po monta\u017cu nale\u017cy wst\u0119pnie wysuszy\u0107.\u00a0Suszenie jest przeprowadzane i dokumentowane przez naszych specjalist\u00f3w, zgodnie z okre\u015blon\u0105 krzyw\u0105 suszenia. ers GmbH mo\u017ce zaoferowa\u0107 mobilne suszenie z wykorzystaniem specjalistycznego sprz\u0119tu. Suszenie do 450\u00b0C lub wypalanie do 1300\u00b0C Suszenie elektrycznymi matami grzewczymi i do 400\u00b0C Suszenie\/wypalanie palnikami o wysokiej wydajno\u015bci \u2013 za pomoc\u0105 medi\u00f3w: [&hellip;]<\/p>\n","protected":false},"author":1,"featured_media":0,"parent":0,"menu_order":0,"comment_status":"closed","ping_status":"closed","template":"page-full-width.php","meta":{"footnotes":""},"class_list":["post-8929","page","type-page","status-publish","hentry"],"yoast_head":"<!-- This site is optimized with the Yoast SEO plugin v27.5 - https:\/\/yoast.com\/product\/yoast-seo-wordpress\/ -->\n<title>Suszenie - e-r-s GmbH<\/title>\n<meta name=\"robots\" content=\"index, follow, max-snippet:-1, max-image-preview:large, max-video-preview:-1\" \/>\n<link rel=\"canonical\" href=\"https:\/\/www.e-r-s.eu\/pl\/suszenie\/\" \/>\n<meta property=\"og:locale\" content=\"pl_PL\" \/>\n<meta property=\"og:type\" content=\"article\" \/>\n<meta property=\"og:title\" content=\"Suszenie - e-r-s GmbH\" \/>\n<meta property=\"og:description\" content=\"e-r-s GmbH Suszenie Ok\u0142adziny ogniotrwa\u0142e po monta\u017cu nale\u017cy wst\u0119pnie wysuszy\u0107.\u00a0Suszenie jest przeprowadzane i dokumentowane przez naszych specjalist\u00f3w, zgodnie z okre\u015blon\u0105 krzyw\u0105 suszenia. ers GmbH mo\u017ce zaoferowa\u0107 mobilne suszenie z wykorzystaniem specjalistycznego sprz\u0119tu. Suszenie do 450\u00b0C lub wypalanie do 1300\u00b0C Suszenie elektrycznymi matami grzewczymi i do 400\u00b0C Suszenie\/wypalanie palnikami o wysokiej wydajno\u015bci \u2013 za pomoc\u0105 medi\u00f3w: [&hellip;]\" \/>\n<meta property=\"og:url\" content=\"https:\/\/www.e-r-s.eu\/pl\/suszenie\/\" \/>\n<meta property=\"og:site_name\" content=\"e-r-s GmbH\" \/>\n<meta property=\"article:publisher\" content=\"https:\/\/www.facebook.com\/ersKloetze\" \/>\n<meta property=\"article:modified_time\" content=\"2022-08-02T12:31:57+00:00\" \/>\n<meta property=\"og:image\" content=\"https:\/\/www.e-r-s.eu\/wp-content\/uploads\/2022\/06\/Trocknen_seitlich_Ersatz_Trocknungswagen_web-300x300.jpg\" \/>\n<meta name=\"twitter:card\" content=\"summary_large_image\" \/>\n<script type=\"application\/ld+json\" class=\"yoast-schema-graph\">{\"@context\":\"https:\\\/\\\/schema.org\",\"@graph\":[{\"@type\":\"WebPage\",\"@id\":\"https:\\\/\\\/www.e-r-s.eu\\\/pl\\\/suszenie\\\/\",\"url\":\"https:\\\/\\\/www.e-r-s.eu\\\/pl\\\/suszenie\\\/\",\"name\":\"Suszenie - e-r-s GmbH\",\"isPartOf\":{\"@id\":\"https:\\\/\\\/www.e-r-s.eu\\\/#website\"},\"primaryImageOfPage\":{\"@id\":\"https:\\\/\\\/www.e-r-s.eu\\\/pl\\\/suszenie\\\/#primaryimage\"},\"image\":{\"@id\":\"https:\\\/\\\/www.e-r-s.eu\\\/pl\\\/suszenie\\\/#primaryimage\"},\"thumbnailUrl\":\"https:\\\/\\\/www.e-r-s.eu\\\/wp-content\\\/uploads\\\/2022\\\/06\\\/Trocknen_seitlich_Ersatz_Trocknungswagen_web-300x300.jpg\",\"datePublished\":\"2022-04-27T12:57:17+00:00\",\"dateModified\":\"2022-08-02T12:31:57+00:00\",\"breadcrumb\":{\"@id\":\"https:\\\/\\\/www.e-r-s.eu\\\/pl\\\/suszenie\\\/#breadcrumb\"},\"inLanguage\":\"pl-PL\",\"potentialAction\":[{\"@type\":\"ReadAction\",\"target\":[\"https:\\\/\\\/www.e-r-s.eu\\\/pl\\\/suszenie\\\/\"]}]},{\"@type\":\"ImageObject\",\"inLanguage\":\"pl-PL\",\"@id\":\"https:\\\/\\\/www.e-r-s.eu\\\/pl\\\/suszenie\\\/#primaryimage\",\"url\":\"https:\\\/\\\/www.e-r-s.eu\\\/wp-content\\\/uploads\\\/2022\\\/06\\\/Trocknen_seitlich_Ersatz_Trocknungswagen_web-300x300.jpg\",\"contentUrl\":\"https:\\\/\\\/www.e-r-s.eu\\\/wp-content\\\/uploads\\\/2022\\\/06\\\/Trocknen_seitlich_Ersatz_Trocknungswagen_web-300x300.jpg\"},{\"@type\":\"BreadcrumbList\",\"@id\":\"https:\\\/\\\/www.e-r-s.eu\\\/pl\\\/suszenie\\\/#breadcrumb\",\"itemListElement\":[{\"@type\":\"ListItem\",\"position\":1,\"name\":\"Startseite\",\"item\":\"https:\\\/\\\/www.e-r-s.eu\\\/pl\\\/\"},{\"@type\":\"ListItem\",\"position\":2,\"name\":\"Suszenie\"}]},{\"@type\":\"WebSite\",\"@id\":\"https:\\\/\\\/www.e-r-s.eu\\\/#website\",\"url\":\"https:\\\/\\\/www.e-r-s.eu\\\/\",\"name\":\"e-r-s GmbH\",\"description\":\"Feuerfestbau Kl\u00f6tze\",\"publisher\":{\"@id\":\"https:\\\/\\\/www.e-r-s.eu\\\/#organization\"},\"potentialAction\":[{\"@type\":\"SearchAction\",\"target\":{\"@type\":\"EntryPoint\",\"urlTemplate\":\"https:\\\/\\\/www.e-r-s.eu\\\/?s={search_term_string}\"},\"query-input\":{\"@type\":\"PropertyValueSpecification\",\"valueRequired\":true,\"valueName\":\"search_term_string\"}}],\"inLanguage\":\"pl-PL\"},{\"@type\":\"Organization\",\"@id\":\"https:\\\/\\\/www.e-r-s.eu\\\/#organization\",\"name\":\"e-r-s GmbH\",\"url\":\"https:\\\/\\\/www.e-r-s.eu\\\/\",\"logo\":{\"@type\":\"ImageObject\",\"inLanguage\":\"pl-PL\",\"@id\":\"https:\\\/\\\/www.e-r-s.eu\\\/#\\\/schema\\\/logo\\\/image\\\/\",\"url\":\"https:\\\/\\\/www.e-r-s.eu\\\/wp-content\\\/uploads\\\/2022\\\/03\\\/logo_footer_light.png\",\"contentUrl\":\"https:\\\/\\\/www.e-r-s.eu\\\/wp-content\\\/uploads\\\/2022\\\/03\\\/logo_footer_light.png\",\"width\":204,\"height\":205,\"caption\":\"e-r-s GmbH\"},\"image\":{\"@id\":\"https:\\\/\\\/www.e-r-s.eu\\\/#\\\/schema\\\/logo\\\/image\\\/\"},\"sameAs\":[\"https:\\\/\\\/www.facebook.com\\\/ersKloetze\",\"https:\\\/\\\/www.linkedin.com\\\/company\\\/e-r-s-netherlands-b-v-\",\"https:\\\/\\\/www.instagram.com\\\/elling.refractory.solutions\\\/\"]}]}<\/script>\n<!-- \/ Yoast SEO plugin. -->","yoast_head_json":{"title":"Suszenie - e-r-s GmbH","robots":{"index":"index","follow":"follow","max-snippet":"max-snippet:-1","max-image-preview":"max-image-preview:large","max-video-preview":"max-video-preview:-1"},"canonical":"https:\/\/www.e-r-s.eu\/pl\/suszenie\/","og_locale":"pl_PL","og_type":"article","og_title":"Suszenie - e-r-s GmbH","og_description":"e-r-s GmbH Suszenie Ok\u0142adziny ogniotrwa\u0142e po monta\u017cu nale\u017cy wst\u0119pnie wysuszy\u0107.\u00a0Suszenie jest przeprowadzane i dokumentowane przez naszych specjalist\u00f3w, zgodnie z okre\u015blon\u0105 krzyw\u0105 suszenia. ers GmbH mo\u017ce zaoferowa\u0107 mobilne suszenie z wykorzystaniem specjalistycznego sprz\u0119tu. Suszenie do 450\u00b0C lub wypalanie do 1300\u00b0C Suszenie elektrycznymi matami grzewczymi i do 400\u00b0C Suszenie\/wypalanie palnikami o wysokiej wydajno\u015bci \u2013 za pomoc\u0105 medi\u00f3w: [&hellip;]","og_url":"https:\/\/www.e-r-s.eu\/pl\/suszenie\/","og_site_name":"e-r-s GmbH","article_publisher":"https:\/\/www.facebook.com\/ersKloetze","article_modified_time":"2022-08-02T12:31:57+00:00","og_image":[{"url":"https:\/\/www.e-r-s.eu\/wp-content\/uploads\/2022\/06\/Trocknen_seitlich_Ersatz_Trocknungswagen_web-300x300.jpg","type":"","width":"","height":""}],"twitter_card":"summary_large_image","schema":{"@context":"https:\/\/schema.org","@graph":[{"@type":"WebPage","@id":"https:\/\/www.e-r-s.eu\/pl\/suszenie\/","url":"https:\/\/www.e-r-s.eu\/pl\/suszenie\/","name":"Suszenie - e-r-s GmbH","isPartOf":{"@id":"https:\/\/www.e-r-s.eu\/#website"},"primaryImageOfPage":{"@id":"https:\/\/www.e-r-s.eu\/pl\/suszenie\/#primaryimage"},"image":{"@id":"https:\/\/www.e-r-s.eu\/pl\/suszenie\/#primaryimage"},"thumbnailUrl":"https:\/\/www.e-r-s.eu\/wp-content\/uploads\/2022\/06\/Trocknen_seitlich_Ersatz_Trocknungswagen_web-300x300.jpg","datePublished":"2022-04-27T12:57:17+00:00","dateModified":"2022-08-02T12:31:57+00:00","breadcrumb":{"@id":"https:\/\/www.e-r-s.eu\/pl\/suszenie\/#breadcrumb"},"inLanguage":"pl-PL","potentialAction":[{"@type":"ReadAction","target":["https:\/\/www.e-r-s.eu\/pl\/suszenie\/"]}]},{"@type":"ImageObject","inLanguage":"pl-PL","@id":"https:\/\/www.e-r-s.eu\/pl\/suszenie\/#primaryimage","url":"https:\/\/www.e-r-s.eu\/wp-content\/uploads\/2022\/06\/Trocknen_seitlich_Ersatz_Trocknungswagen_web-300x300.jpg","contentUrl":"https:\/\/www.e-r-s.eu\/wp-content\/uploads\/2022\/06\/Trocknen_seitlich_Ersatz_Trocknungswagen_web-300x300.jpg"},{"@type":"BreadcrumbList","@id":"https:\/\/www.e-r-s.eu\/pl\/suszenie\/#breadcrumb","itemListElement":[{"@type":"ListItem","position":1,"name":"Startseite","item":"https:\/\/www.e-r-s.eu\/pl\/"},{"@type":"ListItem","position":2,"name":"Suszenie"}]},{"@type":"WebSite","@id":"https:\/\/www.e-r-s.eu\/#website","url":"https:\/\/www.e-r-s.eu\/","name":"e-r-s GmbH","description":"Feuerfestbau Kl\u00f6tze","publisher":{"@id":"https:\/\/www.e-r-s.eu\/#organization"},"potentialAction":[{"@type":"SearchAction","target":{"@type":"EntryPoint","urlTemplate":"https:\/\/www.e-r-s.eu\/?s={search_term_string}"},"query-input":{"@type":"PropertyValueSpecification","valueRequired":true,"valueName":"search_term_string"}}],"inLanguage":"pl-PL"},{"@type":"Organization","@id":"https:\/\/www.e-r-s.eu\/#organization","name":"e-r-s GmbH","url":"https:\/\/www.e-r-s.eu\/","logo":{"@type":"ImageObject","inLanguage":"pl-PL","@id":"https:\/\/www.e-r-s.eu\/#\/schema\/logo\/image\/","url":"https:\/\/www.e-r-s.eu\/wp-content\/uploads\/2022\/03\/logo_footer_light.png","contentUrl":"https:\/\/www.e-r-s.eu\/wp-content\/uploads\/2022\/03\/logo_footer_light.png","width":204,"height":205,"caption":"e-r-s GmbH"},"image":{"@id":"https:\/\/www.e-r-s.eu\/#\/schema\/logo\/image\/"},"sameAs":["https:\/\/www.facebook.com\/ersKloetze","https:\/\/www.linkedin.com\/company\/e-r-s-netherlands-b-v-","https:\/\/www.instagram.com\/elling.refractory.solutions\/"]}]}},"_links":{"self":[{"href":"https:\/\/www.e-r-s.eu\/pl\/wp-json\/wp\/v2\/pages\/8929","targetHints":{"allow":["GET"]}}],"collection":[{"href":"https:\/\/www.e-r-s.eu\/pl\/wp-json\/wp\/v2\/pages"}],"about":[{"href":"https:\/\/www.e-r-s.eu\/pl\/wp-json\/wp\/v2\/types\/page"}],"author":[{"embeddable":true,"href":"https:\/\/www.e-r-s.eu\/pl\/wp-json\/wp\/v2\/users\/1"}],"replies":[{"embeddable":true,"href":"https:\/\/www.e-r-s.eu\/pl\/wp-json\/wp\/v2\/comments?post=8929"}],"version-history":[{"count":5,"href":"https:\/\/www.e-r-s.eu\/pl\/wp-json\/wp\/v2\/pages\/8929\/revisions"}],"predecessor-version":[{"id":8934,"href":"https:\/\/www.e-r-s.eu\/pl\/wp-json\/wp\/v2\/pages\/8929\/revisions\/8934"}],"wp:attachment":[{"href":"https:\/\/www.e-r-s.eu\/pl\/wp-json\/wp\/v2\/media?parent=8929"}],"curies":[{"name":"wp","href":"https:\/\/api.w.org\/{rel}","templated":true}]}}