{"id":9819,"date":"2022-05-09T21:43:53","date_gmt":"2022-05-09T21:43:53","guid":{"rendered":"https:\/\/www.e-r-s.eu\/non-ferro\/"},"modified":"2026-04-01T12:32:31","modified_gmt":"2026-04-01T12:32:31","slug":"neferoase","status":"publish","type":"page","link":"https:\/\/www.e-r-s.eu\/ro\/neferoase\/","title":{"rendered":"Neferoase"},"content":{"rendered":"\t\t<div data-elementor-type=\"wp-page\" data-elementor-id=\"9819\" class=\"elementor elementor-9819 elementor-6298\" data-elementor-post-type=\"page\">\n\t\t\t\t\t\t<section class=\"elementor-section elementor-top-section elementor-element elementor-element-1d07719 qodef-elementor-content-grid elementor-section-boxed elementor-section-height-default elementor-section-height-default\" data-id=\"1d07719\" data-element_type=\"section\" data-e-type=\"section\">\n\t\t\t\t\t\t<div class=\"elementor-container elementor-column-gap-default\">\n\t\t\t\t\t<div class=\"elementor-column elementor-col-50 elementor-top-column elementor-element elementor-element-25d55c5\" data-id=\"25d55c5\" data-element_type=\"column\" data-e-type=\"column\">\n\t\t\t<div class=\"elementor-widget-wrap elementor-element-populated\">\n\t\t\t\t\t\t<div class=\"elementor-element elementor-element-8f89a05 elementor-widget elementor-widget-stal_core_section_title\" data-id=\"8f89a05\" data-element_type=\"widget\" data-e-type=\"widget\" data-widget_type=\"stal_core_section_title.default\">\n\t\t\t\t<div class=\"elementor-widget-container\">\n\t\t\t\t\t<div class=\"qodef-shortcode qodef-m  qodef-section-title qodef-alignment--left  \">\n\t\t<div class=\"qodef-m-title-wrap\">\n\t\t<h2 class=\"qodef-m-title\" >\n\t\t\t\t\tNeferoase \t\t\t<\/h2>\n\t\n\t<\/div>\n\t<\/div>\t\t\t\t<\/div>\n\t\t\t\t<\/div>\n\t\t\t\t<div class=\"elementor-element elementor-element-85da4ac elementor-widget elementor-widget-text-editor\" data-id=\"85da4ac\" data-element_type=\"widget\" data-e-type=\"widget\" data-widget_type=\"text-editor.default\">\n\t\t\t\t<div class=\"elementor-widget-container\">\n\t\t\t\t\t\t\t\t\t<p>\u00cen sectorul industrial \u201eNeferoase\u201c acord\u0103m asisten\u021b\u0103 clien\u021bilor specializa\u021bi \u00een domeniul topirii \u0219i alierii metalelor neferoase, cum sunt aluminiul, cuprul \u0219i zincul.<\/p><p>Sarcinile noastre sunt proiectarea, ingineria \u0219i livrarea de materiale refractare, precum \u0219i instalarea tuturor materialelor.\u00a0<\/p><p>Putem oferi \u0219i servicii cum sunt uscarea c\u0103ptu\u0219elii refractare \u0219i \u00eentre\u021binerea cuptoarelor de topit \u0219i incineratoarelor. \u00cen func\u021bie de solicit\u0103rile clien\u021bilor, producem o gam\u0103 larg\u0103 de materiale; de la construc\u021bia tradi\u021bional\u0103 cu piatr\u0103 p\u00e2n\u0103 la prelucrarea maselor monolitice \u0219i instalarea de componente prefabricate.<\/p><p>Datorit\u0103 produc\u021biei noastre interne, a \u201ePrefabricatelor\u201c \u0219i a gestion\u0103rii precise a capacit\u0103\u021bilor de depozitare, suntem capabili s\u0103 reac\u021bion\u0103m \u00een mod deosebit de rapid \u0219i flexibil la nevoile clien\u021bilor no\u0219tri.<\/p>\t\t\t\t\t\t\t\t<\/div>\n\t\t\t\t<\/div>\n\t\t\t\t\t<\/div>\n\t\t<\/div>\n\t\t\t\t<div class=\"elementor-column elementor-col-50 elementor-top-column elementor-element elementor-element-cdc7ba9\" data-id=\"cdc7ba9\" data-element_type=\"column\" data-e-type=\"column\">\n\t\t\t<div class=\"elementor-widget-wrap elementor-element-populated\">\n\t\t\t\t\t\t<div class=\"elementor-element elementor-element-ab9ea1f elementor-widget elementor-widget-image\" data-id=\"ab9ea1f\" data-element_type=\"widget\" data-e-type=\"widget\" data-widget_type=\"image.default\">\n\t\t\t\t<div class=\"elementor-widget-container\">\n\t\t\t\t\t\t\t\t\t\t\t\t\t\t\t<img fetchpriority=\"high\" decoding=\"async\" width=\"570\" height=\"536\" src=\"https:\/\/www.e-r-s.eu\/wp-content\/uploads\/2022\/06\/Non_Ferro_seitlich_v2.jpg\" class=\"attachment-large size-large wp-image-6792\" alt=\"\" srcset=\"https:\/\/www.e-r-s.eu\/wp-content\/uploads\/2022\/06\/Non_Ferro_seitlich_v2.jpg 570w, https:\/\/www.e-r-s.eu\/wp-content\/uploads\/2022\/06\/Non_Ferro_seitlich_v2-300x282.jpg 300w\" sizes=\"(max-width: 570px) 100vw, 570px\" \/>\t\t\t\t\t\t\t\t\t\t\t\t\t\t\t<\/div>\n\t\t\t\t<\/div>\n\t\t\t\t\t<\/div>\n\t\t<\/div>\n\t\t\t\t\t<\/div>\n\t\t<\/section>\n\t\t\t\t<section class=\"elementor-section elementor-top-section elementor-element elementor-element-1e5fe6c elementor-section-boxed elementor-section-height-default elementor-section-height-default qodef-elementor-content-no\" data-id=\"1e5fe6c\" data-element_type=\"section\" data-e-type=\"section\">\n\t\t\t\t\t\t<div class=\"elementor-container elementor-column-gap-default\">\n\t\t\t\t\t<div class=\"elementor-column elementor-col-100 elementor-top-column elementor-element elementor-element-dc0abfd\" data-id=\"dc0abfd\" data-element_type=\"column\" data-e-type=\"column\">\n\t\t\t<div class=\"elementor-widget-wrap\">\n\t\t\t\t\t\t\t<\/div>\n\t\t<\/div>\n\t\t\t\t\t<\/div>\n\t\t<\/section>\n\t\t\t\t<\/div>\n\t\t","protected":false},"excerpt":{"rendered":"<p>Neferoase \u00cen sectorul industrial \u201eNeferoase\u201c acord\u0103m asisten\u021b\u0103 clien\u021bilor specializa\u021bi \u00een domeniul topirii \u0219i alierii metalelor neferoase, cum sunt aluminiul, cuprul \u0219i zincul. Sarcinile noastre sunt proiectarea, ingineria \u0219i livrarea de materiale refractare, precum \u0219i instalarea tuturor materialelor.\u00a0 Putem oferi \u0219i servicii cum sunt uscarea c\u0103ptu\u0219elii refractare \u0219i \u00eentre\u021binerea cuptoarelor de topit \u0219i incineratoarelor. \u00cen func\u021bie [&hellip;]<\/p>\n","protected":false},"author":1,"featured_media":0,"parent":0,"menu_order":0,"comment_status":"closed","ping_status":"closed","template":"page-full-width.php","meta":{"footnotes":""},"class_list":["post-9819","page","type-page","status-publish","hentry"],"yoast_head":"<!-- This site is optimized with the Yoast SEO plugin v27.5 - https:\/\/yoast.com\/product\/yoast-seo-wordpress\/ -->\n<title>Metale neferoase \u2013 Solu\u021bii refractare pentru aluminiu, cupru \u0219i zinc | e-r-s group GmbH<\/title>\n<meta name=\"description\" content=\"Solu\u021bii refractare pentru industria metalelor neferoase: c\u0103ptu\u0219eli refractare pentru topitoarele de aluminiu, cupru \u0219i zinc. Partener experimentat \u00een construc\u021bii refractare neferoase.\" \/>\n<meta name=\"robots\" content=\"index, follow, max-snippet:-1, max-image-preview:large, max-video-preview:-1\" \/>\n<link rel=\"canonical\" href=\"https:\/\/www.e-r-s.eu\/ro\/neferoase\/\" \/>\n<meta property=\"og:locale\" content=\"ro_RO\" \/>\n<meta property=\"og:type\" content=\"article\" \/>\n<meta property=\"og:title\" content=\"Metale neferoase \u2013 Solu\u021bii refractare pentru aluminiu, cupru \u0219i zinc | e-r-s group GmbH\" \/>\n<meta property=\"og:description\" content=\"Solu\u021bii refractare pentru industria metalelor neferoase: c\u0103ptu\u0219eli refractare pentru topitoarele de aluminiu, cupru \u0219i zinc. Partener experimentat \u00een construc\u021bii refractare neferoase.\" \/>\n<meta property=\"og:url\" content=\"https:\/\/www.e-r-s.eu\/ro\/neferoase\/\" \/>\n<meta property=\"og:site_name\" content=\"e-r-s GmbH\" \/>\n<meta property=\"article:publisher\" content=\"https:\/\/www.facebook.com\/ersKloetze\" \/>\n<meta property=\"article:modified_time\" content=\"2026-04-01T12:32:31+00:00\" \/>\n<meta property=\"og:image\" content=\"https:\/\/www.e-r-s.eu\/wp-content\/uploads\/2022\/06\/Non_Ferro_seitlich_v2.jpg\" \/>\n<meta name=\"twitter:card\" content=\"summary_large_image\" \/>\n<meta name=\"twitter:label1\" content=\"Timp estimat pentru citire\" \/>\n\t<meta name=\"twitter:data1\" content=\"1 minut\" \/>\n<script type=\"application\/ld+json\" class=\"yoast-schema-graph\">{\"@context\":\"https:\\\/\\\/schema.org\",\"@graph\":[{\"@type\":\"WebPage\",\"@id\":\"https:\\\/\\\/www.e-r-s.eu\\\/ro\\\/neferoase\\\/\",\"url\":\"https:\\\/\\\/www.e-r-s.eu\\\/ro\\\/neferoase\\\/\",\"name\":\"Metale neferoase \u2013 Solu\u021bii refractare pentru aluminiu, cupru \u0219i zinc | e-r-s group GmbH\",\"isPartOf\":{\"@id\":\"https:\\\/\\\/www.e-r-s.eu\\\/#website\"},\"primaryImageOfPage\":{\"@id\":\"https:\\\/\\\/www.e-r-s.eu\\\/ro\\\/neferoase\\\/#primaryimage\"},\"image\":{\"@id\":\"https:\\\/\\\/www.e-r-s.eu\\\/ro\\\/neferoase\\\/#primaryimage\"},\"thumbnailUrl\":\"https:\\\/\\\/www.e-r-s.eu\\\/wp-content\\\/uploads\\\/2022\\\/06\\\/Non_Ferro_seitlich_v2.jpg\",\"datePublished\":\"2022-05-09T21:43:53+00:00\",\"dateModified\":\"2026-04-01T12:32:31+00:00\",\"description\":\"Solu\u021bii refractare pentru industria metalelor neferoase: c\u0103ptu\u0219eli refractare pentru topitoarele de aluminiu, cupru \u0219i zinc. Partener experimentat \u00een construc\u021bii refractare neferoase.\",\"breadcrumb\":{\"@id\":\"https:\\\/\\\/www.e-r-s.eu\\\/ro\\\/neferoase\\\/#breadcrumb\"},\"inLanguage\":\"ro-RO\",\"potentialAction\":[{\"@type\":\"ReadAction\",\"target\":[\"https:\\\/\\\/www.e-r-s.eu\\\/ro\\\/neferoase\\\/\"]}]},{\"@type\":\"ImageObject\",\"inLanguage\":\"ro-RO\",\"@id\":\"https:\\\/\\\/www.e-r-s.eu\\\/ro\\\/neferoase\\\/#primaryimage\",\"url\":\"https:\\\/\\\/www.e-r-s.eu\\\/wp-content\\\/uploads\\\/2022\\\/06\\\/Non_Ferro_seitlich_v2.jpg\",\"contentUrl\":\"https:\\\/\\\/www.e-r-s.eu\\\/wp-content\\\/uploads\\\/2022\\\/06\\\/Non_Ferro_seitlich_v2.jpg\"},{\"@type\":\"BreadcrumbList\",\"@id\":\"https:\\\/\\\/www.e-r-s.eu\\\/ro\\\/neferoase\\\/#breadcrumb\",\"itemListElement\":[{\"@type\":\"ListItem\",\"position\":1,\"name\":\"Startseite\",\"item\":\"https:\\\/\\\/www.e-r-s.eu\\\/ro\\\/\"},{\"@type\":\"ListItem\",\"position\":2,\"name\":\"Neferoase\"}]},{\"@type\":\"WebSite\",\"@id\":\"https:\\\/\\\/www.e-r-s.eu\\\/#website\",\"url\":\"https:\\\/\\\/www.e-r-s.eu\\\/\",\"name\":\"e-r-s GmbH\",\"description\":\"Feuerfestbau Kl\u00f6tze\",\"publisher\":{\"@id\":\"https:\\\/\\\/www.e-r-s.eu\\\/#organization\"},\"potentialAction\":[{\"@type\":\"SearchAction\",\"target\":{\"@type\":\"EntryPoint\",\"urlTemplate\":\"https:\\\/\\\/www.e-r-s.eu\\\/?s={search_term_string}\"},\"query-input\":{\"@type\":\"PropertyValueSpecification\",\"valueRequired\":true,\"valueName\":\"search_term_string\"}}],\"inLanguage\":\"ro-RO\"},{\"@type\":\"Organization\",\"@id\":\"https:\\\/\\\/www.e-r-s.eu\\\/#organization\",\"name\":\"e-r-s GmbH\",\"url\":\"https:\\\/\\\/www.e-r-s.eu\\\/\",\"logo\":{\"@type\":\"ImageObject\",\"inLanguage\":\"ro-RO\",\"@id\":\"https:\\\/\\\/www.e-r-s.eu\\\/#\\\/schema\\\/logo\\\/image\\\/\",\"url\":\"https:\\\/\\\/www.e-r-s.eu\\\/wp-content\\\/uploads\\\/2022\\\/03\\\/logo_footer_light.png\",\"contentUrl\":\"https:\\\/\\\/www.e-r-s.eu\\\/wp-content\\\/uploads\\\/2022\\\/03\\\/logo_footer_light.png\",\"width\":204,\"height\":205,\"caption\":\"e-r-s GmbH\"},\"image\":{\"@id\":\"https:\\\/\\\/www.e-r-s.eu\\\/#\\\/schema\\\/logo\\\/image\\\/\"},\"sameAs\":[\"https:\\\/\\\/www.facebook.com\\\/ersKloetze\",\"https:\\\/\\\/www.linkedin.com\\\/company\\\/e-r-s-netherlands-b-v-\",\"https:\\\/\\\/www.instagram.com\\\/elling.refractory.solutions\\\/\"]}]}<\/script>\n<!-- \/ Yoast SEO plugin. -->","yoast_head_json":{"title":"Metale neferoase \u2013 Solu\u021bii refractare pentru aluminiu, cupru \u0219i zinc | e-r-s group GmbH","description":"Solu\u021bii refractare pentru industria metalelor neferoase: c\u0103ptu\u0219eli refractare pentru topitoarele de aluminiu, cupru \u0219i zinc. Partener experimentat \u00een construc\u021bii refractare neferoase.","robots":{"index":"index","follow":"follow","max-snippet":"max-snippet:-1","max-image-preview":"max-image-preview:large","max-video-preview":"max-video-preview:-1"},"canonical":"https:\/\/www.e-r-s.eu\/ro\/neferoase\/","og_locale":"ro_RO","og_type":"article","og_title":"Metale neferoase \u2013 Solu\u021bii refractare pentru aluminiu, cupru \u0219i zinc | e-r-s group GmbH","og_description":"Solu\u021bii refractare pentru industria metalelor neferoase: c\u0103ptu\u0219eli refractare pentru topitoarele de aluminiu, cupru \u0219i zinc. Partener experimentat \u00een construc\u021bii refractare neferoase.","og_url":"https:\/\/www.e-r-s.eu\/ro\/neferoase\/","og_site_name":"e-r-s GmbH","article_publisher":"https:\/\/www.facebook.com\/ersKloetze","article_modified_time":"2026-04-01T12:32:31+00:00","og_image":[{"url":"https:\/\/www.e-r-s.eu\/wp-content\/uploads\/2022\/06\/Non_Ferro_seitlich_v2.jpg","type":"","width":"","height":""}],"twitter_card":"summary_large_image","twitter_misc":{"Timp estimat pentru citire":"1 minut"},"schema":{"@context":"https:\/\/schema.org","@graph":[{"@type":"WebPage","@id":"https:\/\/www.e-r-s.eu\/ro\/neferoase\/","url":"https:\/\/www.e-r-s.eu\/ro\/neferoase\/","name":"Metale neferoase \u2013 Solu\u021bii refractare pentru aluminiu, cupru \u0219i zinc | e-r-s group GmbH","isPartOf":{"@id":"https:\/\/www.e-r-s.eu\/#website"},"primaryImageOfPage":{"@id":"https:\/\/www.e-r-s.eu\/ro\/neferoase\/#primaryimage"},"image":{"@id":"https:\/\/www.e-r-s.eu\/ro\/neferoase\/#primaryimage"},"thumbnailUrl":"https:\/\/www.e-r-s.eu\/wp-content\/uploads\/2022\/06\/Non_Ferro_seitlich_v2.jpg","datePublished":"2022-05-09T21:43:53+00:00","dateModified":"2026-04-01T12:32:31+00:00","description":"Solu\u021bii refractare pentru industria metalelor neferoase: c\u0103ptu\u0219eli refractare pentru topitoarele de aluminiu, cupru \u0219i zinc. Partener experimentat \u00een construc\u021bii refractare neferoase.","breadcrumb":{"@id":"https:\/\/www.e-r-s.eu\/ro\/neferoase\/#breadcrumb"},"inLanguage":"ro-RO","potentialAction":[{"@type":"ReadAction","target":["https:\/\/www.e-r-s.eu\/ro\/neferoase\/"]}]},{"@type":"ImageObject","inLanguage":"ro-RO","@id":"https:\/\/www.e-r-s.eu\/ro\/neferoase\/#primaryimage","url":"https:\/\/www.e-r-s.eu\/wp-content\/uploads\/2022\/06\/Non_Ferro_seitlich_v2.jpg","contentUrl":"https:\/\/www.e-r-s.eu\/wp-content\/uploads\/2022\/06\/Non_Ferro_seitlich_v2.jpg"},{"@type":"BreadcrumbList","@id":"https:\/\/www.e-r-s.eu\/ro\/neferoase\/#breadcrumb","itemListElement":[{"@type":"ListItem","position":1,"name":"Startseite","item":"https:\/\/www.e-r-s.eu\/ro\/"},{"@type":"ListItem","position":2,"name":"Neferoase"}]},{"@type":"WebSite","@id":"https:\/\/www.e-r-s.eu\/#website","url":"https:\/\/www.e-r-s.eu\/","name":"e-r-s GmbH","description":"Feuerfestbau Kl\u00f6tze","publisher":{"@id":"https:\/\/www.e-r-s.eu\/#organization"},"potentialAction":[{"@type":"SearchAction","target":{"@type":"EntryPoint","urlTemplate":"https:\/\/www.e-r-s.eu\/?s={search_term_string}"},"query-input":{"@type":"PropertyValueSpecification","valueRequired":true,"valueName":"search_term_string"}}],"inLanguage":"ro-RO"},{"@type":"Organization","@id":"https:\/\/www.e-r-s.eu\/#organization","name":"e-r-s GmbH","url":"https:\/\/www.e-r-s.eu\/","logo":{"@type":"ImageObject","inLanguage":"ro-RO","@id":"https:\/\/www.e-r-s.eu\/#\/schema\/logo\/image\/","url":"https:\/\/www.e-r-s.eu\/wp-content\/uploads\/2022\/03\/logo_footer_light.png","contentUrl":"https:\/\/www.e-r-s.eu\/wp-content\/uploads\/2022\/03\/logo_footer_light.png","width":204,"height":205,"caption":"e-r-s GmbH"},"image":{"@id":"https:\/\/www.e-r-s.eu\/#\/schema\/logo\/image\/"},"sameAs":["https:\/\/www.facebook.com\/ersKloetze","https:\/\/www.linkedin.com\/company\/e-r-s-netherlands-b-v-","https:\/\/www.instagram.com\/elling.refractory.solutions\/"]}]}},"_links":{"self":[{"href":"https:\/\/www.e-r-s.eu\/ro\/wp-json\/wp\/v2\/pages\/9819","targetHints":{"allow":["GET"]}}],"collection":[{"href":"https:\/\/www.e-r-s.eu\/ro\/wp-json\/wp\/v2\/pages"}],"about":[{"href":"https:\/\/www.e-r-s.eu\/ro\/wp-json\/wp\/v2\/types\/page"}],"author":[{"embeddable":true,"href":"https:\/\/www.e-r-s.eu\/ro\/wp-json\/wp\/v2\/users\/1"}],"replies":[{"embeddable":true,"href":"https:\/\/www.e-r-s.eu\/ro\/wp-json\/wp\/v2\/comments?post=9819"}],"version-history":[{"count":4,"href":"https:\/\/www.e-r-s.eu\/ro\/wp-json\/wp\/v2\/pages\/9819\/revisions"}],"predecessor-version":[{"id":9824,"href":"https:\/\/www.e-r-s.eu\/ro\/wp-json\/wp\/v2\/pages\/9819\/revisions\/9824"}],"wp:attachment":[{"href":"https:\/\/www.e-r-s.eu\/ro\/wp-json\/wp\/v2\/media?parent=9819"}],"curies":[{"name":"wp","href":"https:\/\/api.w.org\/{rel}","templated":true}]}}