{"id":9834,"date":"2022-05-09T21:37:15","date_gmt":"2022-05-09T21:37:15","guid":{"rendered":"https:\/\/www.e-r-s.eu\/umwelt-energie\/"},"modified":"2026-04-01T12:32:41","modified_gmt":"2026-04-01T12:32:41","slug":"mediu-energie","status":"publish","type":"page","link":"https:\/\/www.e-r-s.eu\/ro\/mediu-energie\/","title":{"rendered":"Mediu &#038; Energie"},"content":{"rendered":"\t\t<div data-elementor-type=\"wp-page\" data-elementor-id=\"9834\" class=\"elementor elementor-9834 elementor-6285\" data-elementor-post-type=\"page\">\n\t\t\t\t\t\t<section class=\"elementor-section elementor-top-section elementor-element elementor-element-1d07719 qodef-elementor-content-grid elementor-section-boxed elementor-section-height-default elementor-section-height-default\" data-id=\"1d07719\" data-element_type=\"section\" data-e-type=\"section\">\n\t\t\t\t\t\t<div class=\"elementor-container elementor-column-gap-default\">\n\t\t\t\t\t<div class=\"elementor-column elementor-col-50 elementor-top-column elementor-element elementor-element-25d55c5\" data-id=\"25d55c5\" data-element_type=\"column\" data-e-type=\"column\">\n\t\t\t<div class=\"elementor-widget-wrap elementor-element-populated\">\n\t\t\t\t\t\t<div class=\"elementor-element elementor-element-8f89a05 elementor-widget elementor-widget-stal_core_section_title\" data-id=\"8f89a05\" data-element_type=\"widget\" data-e-type=\"widget\" data-widget_type=\"stal_core_section_title.default\">\n\t\t\t\t<div class=\"elementor-widget-container\">\n\t\t\t\t\t<div class=\"qodef-shortcode qodef-m  qodef-section-title qodef-alignment--left  \">\n\t\t<div class=\"qodef-m-title-wrap\">\n\t\t<h2 class=\"qodef-m-title\" >\n\t\t\t\t\tEnergie \u0219i Mediu\t\t\t<\/h2>\n\t\n\t<\/div>\n\t<\/div>\t\t\t\t<\/div>\n\t\t\t\t<\/div>\n\t\t\t\t<div class=\"elementor-element elementor-element-56a8c3b elementor-widget elementor-widget-text-editor\" data-id=\"56a8c3b\" data-element_type=\"widget\" data-e-type=\"widget\" data-widget_type=\"text-editor.default\">\n\t\t\t\t<div class=\"elementor-widget-container\">\n\t\t\t\t\t\t\t\t\t<p>Sectorul industrial \u201eEnergie \u0219i Mediu\u201d include \u00een principal generarea de energie \u0219i tratarea termic\u0103 a de\u0219eurilor \u0219i a gunoiului. Recent, stocarea energiei termice a intrat tot mai mult \u00een centrul aten\u021biei. Oferim asisten\u021b\u0103 clien\u021bilor din \u00eentreaga lume \u00een privin\u021ba centralelor electrice care folosesc biomas\u0103, centralelor electrice pe combustibil de substitu\u021bie, incineratoarelor de de\u0219euri, centralelor electrice pe gaz \u0219i sistemelor de stocare termic\u0103. Din acest motiv, sunt \u00eencheiate contracte pe termen lung care asigur\u0103 clien\u021bilor no\u0219tri o planificare durabil\u0103. Oferim clien\u021bilor no\u0219tri o inginerie complet\u0103, livrarea tuturor materialelor refractare \u0219i ancorajelor, asigur\u0103m asamblarea la timp.<\/p><p>Uscarea se realizeaz\u0103 cu arz\u0103toare cu ulei sau cu gaz, ori cu ajutorul panourilor electrice de \u00eenc\u0103lzire. Componentele prefabricate sunt concepute pentru zone sau cerin\u021be speciale. Acestea permit o instalare mai rapid\u0103 \u0219i scurteaz\u0103 timpul de \u00eenc\u0103lzire. \u00cen situa\u021bii de urgen\u021b\u0103 suntem disponibili 24 \/7 \u0219i, datorit\u0103 managementului depozitului nostru, putem livra materiale pentru clien\u021bii no\u0219tri \u00eentr-un timp scurt.\u00a0<\/p>\t\t\t\t\t\t\t\t<\/div>\n\t\t\t\t<\/div>\n\t\t\t\t\t<\/div>\n\t\t<\/div>\n\t\t\t\t<div class=\"elementor-column elementor-col-50 elementor-top-column elementor-element elementor-element-cdc7ba9\" data-id=\"cdc7ba9\" data-element_type=\"column\" data-e-type=\"column\">\n\t\t\t<div class=\"elementor-widget-wrap elementor-element-populated\">\n\t\t\t\t\t\t<div class=\"elementor-element elementor-element-ab9ea1f elementor-widget elementor-widget-image\" data-id=\"ab9ea1f\" data-element_type=\"widget\" data-e-type=\"widget\" data-widget_type=\"image.default\">\n\t\t\t\t<div class=\"elementor-widget-container\">\n\t\t\t\t\t\t\t\t\t\t\t\t\t\t\t<img fetchpriority=\"high\" decoding=\"async\" width=\"1024\" height=\"766\" src=\"https:\/\/www.e-r-s.eu\/wp-content\/uploads\/2022\/06\/COME6538-1024x766.jpg\" class=\"attachment-large size-large wp-image-6924\" alt=\"\" srcset=\"https:\/\/www.e-r-s.eu\/wp-content\/uploads\/2022\/06\/COME6538-1024x766.jpg 1024w, https:\/\/www.e-r-s.eu\/wp-content\/uploads\/2022\/06\/COME6538-300x224.jpg 300w, https:\/\/www.e-r-s.eu\/wp-content\/uploads\/2022\/06\/COME6538-768x575.jpg 768w, https:\/\/www.e-r-s.eu\/wp-content\/uploads\/2022\/06\/COME6538-1536x1149.jpg 1536w, https:\/\/www.e-r-s.eu\/wp-content\/uploads\/2022\/06\/COME6538-600x449.jpg 600w, https:\/\/www.e-r-s.eu\/wp-content\/uploads\/2022\/06\/COME6538.jpg 1919w\" sizes=\"(max-width: 1024px) 100vw, 1024px\" \/>\t\t\t\t\t\t\t\t\t\t\t\t\t\t\t<\/div>\n\t\t\t\t<\/div>\n\t\t\t\t\t<\/div>\n\t\t<\/div>\n\t\t\t\t\t<\/div>\n\t\t<\/section>\n\t\t\t\t<section class=\"elementor-section elementor-top-section elementor-element elementor-element-1e5fe6c elementor-section-boxed elementor-section-height-default elementor-section-height-default qodef-elementor-content-no\" data-id=\"1e5fe6c\" data-element_type=\"section\" data-e-type=\"section\">\n\t\t\t\t\t\t<div class=\"elementor-container elementor-column-gap-default\">\n\t\t\t\t\t<div class=\"elementor-column elementor-col-100 elementor-top-column elementor-element elementor-element-dc0abfd\" data-id=\"dc0abfd\" data-element_type=\"column\" data-e-type=\"column\">\n\t\t\t<div class=\"elementor-widget-wrap\">\n\t\t\t\t\t\t\t<\/div>\n\t\t<\/div>\n\t\t\t\t\t<\/div>\n\t\t<\/section>\n\t\t\t\t<\/div>\n\t\t","protected":false},"excerpt":{"rendered":"<p>Energie \u0219i Mediu Sectorul industrial \u201eEnergie \u0219i Mediu\u201d include \u00een principal generarea de energie \u0219i tratarea termic\u0103 a de\u0219eurilor \u0219i a gunoiului. Recent, stocarea energiei termice a intrat tot mai mult \u00een centrul aten\u021biei. Oferim asisten\u021b\u0103 clien\u021bilor din \u00eentreaga lume \u00een privin\u021ba centralelor electrice care folosesc biomas\u0103, centralelor electrice pe combustibil de substitu\u021bie, incineratoarelor de [&hellip;]<\/p>\n","protected":false},"author":1,"featured_media":0,"parent":0,"menu_order":0,"comment_status":"closed","ping_status":"closed","template":"page-full-width.php","meta":{"footnotes":""},"class_list":["post-9834","page","type-page","status-publish","hentry"],"yoast_head":"<!-- This site is optimized with the Yoast SEO plugin v27.5 - https:\/\/yoast.com\/product\/yoast-seo-wordpress\/ -->\n<title>Mediu &amp; Energie \u2013 Solu\u021bii refractare pentru centrale energetice | e-r-s group GmbH<\/title>\n<meta name=\"description\" content=\"Solu\u021bii refractare pentru instala\u021bii de mediu \u0219i energie: c\u0103ptu\u0219eli refractare pentru incineratoare de de\u0219euri, biomas\u0103 \u0219i centrale electrice. Partener de \u00eencredere \u00een construc\u021bii refractare.\" \/>\n<meta name=\"robots\" content=\"index, follow, max-snippet:-1, max-image-preview:large, max-video-preview:-1\" \/>\n<link rel=\"canonical\" href=\"https:\/\/www.e-r-s.eu\/ro\/mediu-energie\/\" \/>\n<meta property=\"og:locale\" content=\"ro_RO\" \/>\n<meta property=\"og:type\" content=\"article\" \/>\n<meta property=\"og:title\" content=\"Mediu &amp; Energie \u2013 Solu\u021bii refractare pentru centrale energetice | e-r-s group GmbH\" \/>\n<meta property=\"og:description\" content=\"Solu\u021bii refractare pentru instala\u021bii de mediu \u0219i energie: c\u0103ptu\u0219eli refractare pentru incineratoare de de\u0219euri, biomas\u0103 \u0219i centrale electrice. Partener de \u00eencredere \u00een construc\u021bii refractare.\" \/>\n<meta property=\"og:url\" content=\"https:\/\/www.e-r-s.eu\/ro\/mediu-energie\/\" \/>\n<meta property=\"og:site_name\" content=\"e-r-s GmbH\" \/>\n<meta property=\"article:publisher\" content=\"https:\/\/www.facebook.com\/ersKloetze\" \/>\n<meta property=\"article:modified_time\" content=\"2026-04-01T12:32:41+00:00\" \/>\n<meta property=\"og:image\" content=\"https:\/\/www.e-r-s.eu\/wp-content\/uploads\/2022\/06\/COME6538-1024x766.jpg\" \/>\n<meta name=\"twitter:card\" content=\"summary_large_image\" \/>\n<meta name=\"twitter:label1\" content=\"Timp estimat pentru citire\" \/>\n\t<meta name=\"twitter:data1\" content=\"1 minut\" \/>\n<script type=\"application\/ld+json\" class=\"yoast-schema-graph\">{\"@context\":\"https:\\\/\\\/schema.org\",\"@graph\":[{\"@type\":\"WebPage\",\"@id\":\"https:\\\/\\\/www.e-r-s.eu\\\/ro\\\/mediu-energie\\\/\",\"url\":\"https:\\\/\\\/www.e-r-s.eu\\\/ro\\\/mediu-energie\\\/\",\"name\":\"Mediu & Energie \u2013 Solu\u021bii refractare pentru centrale energetice | e-r-s group GmbH\",\"isPartOf\":{\"@id\":\"https:\\\/\\\/www.e-r-s.eu\\\/#website\"},\"primaryImageOfPage\":{\"@id\":\"https:\\\/\\\/www.e-r-s.eu\\\/ro\\\/mediu-energie\\\/#primaryimage\"},\"image\":{\"@id\":\"https:\\\/\\\/www.e-r-s.eu\\\/ro\\\/mediu-energie\\\/#primaryimage\"},\"thumbnailUrl\":\"https:\\\/\\\/www.e-r-s.eu\\\/wp-content\\\/uploads\\\/2022\\\/06\\\/COME6538-1024x766.jpg\",\"datePublished\":\"2022-05-09T21:37:15+00:00\",\"dateModified\":\"2026-04-01T12:32:41+00:00\",\"description\":\"Solu\u021bii refractare pentru instala\u021bii de mediu \u0219i energie: c\u0103ptu\u0219eli refractare pentru incineratoare de de\u0219euri, biomas\u0103 \u0219i centrale electrice. Partener de \u00eencredere \u00een construc\u021bii refractare.\",\"breadcrumb\":{\"@id\":\"https:\\\/\\\/www.e-r-s.eu\\\/ro\\\/mediu-energie\\\/#breadcrumb\"},\"inLanguage\":\"ro-RO\",\"potentialAction\":[{\"@type\":\"ReadAction\",\"target\":[\"https:\\\/\\\/www.e-r-s.eu\\\/ro\\\/mediu-energie\\\/\"]}]},{\"@type\":\"ImageObject\",\"inLanguage\":\"ro-RO\",\"@id\":\"https:\\\/\\\/www.e-r-s.eu\\\/ro\\\/mediu-energie\\\/#primaryimage\",\"url\":\"https:\\\/\\\/www.e-r-s.eu\\\/wp-content\\\/uploads\\\/2022\\\/06\\\/COME6538-1024x766.jpg\",\"contentUrl\":\"https:\\\/\\\/www.e-r-s.eu\\\/wp-content\\\/uploads\\\/2022\\\/06\\\/COME6538-1024x766.jpg\"},{\"@type\":\"BreadcrumbList\",\"@id\":\"https:\\\/\\\/www.e-r-s.eu\\\/ro\\\/mediu-energie\\\/#breadcrumb\",\"itemListElement\":[{\"@type\":\"ListItem\",\"position\":1,\"name\":\"Startseite\",\"item\":\"https:\\\/\\\/www.e-r-s.eu\\\/ro\\\/\"},{\"@type\":\"ListItem\",\"position\":2,\"name\":\"Mediu &#038; Energie\"}]},{\"@type\":\"WebSite\",\"@id\":\"https:\\\/\\\/www.e-r-s.eu\\\/#website\",\"url\":\"https:\\\/\\\/www.e-r-s.eu\\\/\",\"name\":\"e-r-s GmbH\",\"description\":\"Feuerfestbau Kl\u00f6tze\",\"publisher\":{\"@id\":\"https:\\\/\\\/www.e-r-s.eu\\\/#organization\"},\"potentialAction\":[{\"@type\":\"SearchAction\",\"target\":{\"@type\":\"EntryPoint\",\"urlTemplate\":\"https:\\\/\\\/www.e-r-s.eu\\\/?s={search_term_string}\"},\"query-input\":{\"@type\":\"PropertyValueSpecification\",\"valueRequired\":true,\"valueName\":\"search_term_string\"}}],\"inLanguage\":\"ro-RO\"},{\"@type\":\"Organization\",\"@id\":\"https:\\\/\\\/www.e-r-s.eu\\\/#organization\",\"name\":\"e-r-s GmbH\",\"url\":\"https:\\\/\\\/www.e-r-s.eu\\\/\",\"logo\":{\"@type\":\"ImageObject\",\"inLanguage\":\"ro-RO\",\"@id\":\"https:\\\/\\\/www.e-r-s.eu\\\/#\\\/schema\\\/logo\\\/image\\\/\",\"url\":\"https:\\\/\\\/www.e-r-s.eu\\\/wp-content\\\/uploads\\\/2022\\\/03\\\/logo_footer_light.png\",\"contentUrl\":\"https:\\\/\\\/www.e-r-s.eu\\\/wp-content\\\/uploads\\\/2022\\\/03\\\/logo_footer_light.png\",\"width\":204,\"height\":205,\"caption\":\"e-r-s GmbH\"},\"image\":{\"@id\":\"https:\\\/\\\/www.e-r-s.eu\\\/#\\\/schema\\\/logo\\\/image\\\/\"},\"sameAs\":[\"https:\\\/\\\/www.facebook.com\\\/ersKloetze\",\"https:\\\/\\\/www.linkedin.com\\\/company\\\/e-r-s-netherlands-b-v-\",\"https:\\\/\\\/www.instagram.com\\\/elling.refractory.solutions\\\/\"]}]}<\/script>\n<!-- \/ Yoast SEO plugin. -->","yoast_head_json":{"title":"Mediu & Energie \u2013 Solu\u021bii refractare pentru centrale energetice | e-r-s group GmbH","description":"Solu\u021bii refractare pentru instala\u021bii de mediu \u0219i energie: c\u0103ptu\u0219eli refractare pentru incineratoare de de\u0219euri, biomas\u0103 \u0219i centrale electrice. Partener de \u00eencredere \u00een construc\u021bii refractare.","robots":{"index":"index","follow":"follow","max-snippet":"max-snippet:-1","max-image-preview":"max-image-preview:large","max-video-preview":"max-video-preview:-1"},"canonical":"https:\/\/www.e-r-s.eu\/ro\/mediu-energie\/","og_locale":"ro_RO","og_type":"article","og_title":"Mediu & Energie \u2013 Solu\u021bii refractare pentru centrale energetice | e-r-s group GmbH","og_description":"Solu\u021bii refractare pentru instala\u021bii de mediu \u0219i energie: c\u0103ptu\u0219eli refractare pentru incineratoare de de\u0219euri, biomas\u0103 \u0219i centrale electrice. Partener de \u00eencredere \u00een construc\u021bii refractare.","og_url":"https:\/\/www.e-r-s.eu\/ro\/mediu-energie\/","og_site_name":"e-r-s GmbH","article_publisher":"https:\/\/www.facebook.com\/ersKloetze","article_modified_time":"2026-04-01T12:32:41+00:00","og_image":[{"url":"https:\/\/www.e-r-s.eu\/wp-content\/uploads\/2022\/06\/COME6538-1024x766.jpg","type":"","width":"","height":""}],"twitter_card":"summary_large_image","twitter_misc":{"Timp estimat pentru citire":"1 minut"},"schema":{"@context":"https:\/\/schema.org","@graph":[{"@type":"WebPage","@id":"https:\/\/www.e-r-s.eu\/ro\/mediu-energie\/","url":"https:\/\/www.e-r-s.eu\/ro\/mediu-energie\/","name":"Mediu & Energie \u2013 Solu\u021bii refractare pentru centrale energetice | e-r-s group GmbH","isPartOf":{"@id":"https:\/\/www.e-r-s.eu\/#website"},"primaryImageOfPage":{"@id":"https:\/\/www.e-r-s.eu\/ro\/mediu-energie\/#primaryimage"},"image":{"@id":"https:\/\/www.e-r-s.eu\/ro\/mediu-energie\/#primaryimage"},"thumbnailUrl":"https:\/\/www.e-r-s.eu\/wp-content\/uploads\/2022\/06\/COME6538-1024x766.jpg","datePublished":"2022-05-09T21:37:15+00:00","dateModified":"2026-04-01T12:32:41+00:00","description":"Solu\u021bii refractare pentru instala\u021bii de mediu \u0219i energie: c\u0103ptu\u0219eli refractare pentru incineratoare de de\u0219euri, biomas\u0103 \u0219i centrale electrice. Partener de \u00eencredere \u00een construc\u021bii refractare.","breadcrumb":{"@id":"https:\/\/www.e-r-s.eu\/ro\/mediu-energie\/#breadcrumb"},"inLanguage":"ro-RO","potentialAction":[{"@type":"ReadAction","target":["https:\/\/www.e-r-s.eu\/ro\/mediu-energie\/"]}]},{"@type":"ImageObject","inLanguage":"ro-RO","@id":"https:\/\/www.e-r-s.eu\/ro\/mediu-energie\/#primaryimage","url":"https:\/\/www.e-r-s.eu\/wp-content\/uploads\/2022\/06\/COME6538-1024x766.jpg","contentUrl":"https:\/\/www.e-r-s.eu\/wp-content\/uploads\/2022\/06\/COME6538-1024x766.jpg"},{"@type":"BreadcrumbList","@id":"https:\/\/www.e-r-s.eu\/ro\/mediu-energie\/#breadcrumb","itemListElement":[{"@type":"ListItem","position":1,"name":"Startseite","item":"https:\/\/www.e-r-s.eu\/ro\/"},{"@type":"ListItem","position":2,"name":"Mediu &#038; Energie"}]},{"@type":"WebSite","@id":"https:\/\/www.e-r-s.eu\/#website","url":"https:\/\/www.e-r-s.eu\/","name":"e-r-s GmbH","description":"Feuerfestbau Kl\u00f6tze","publisher":{"@id":"https:\/\/www.e-r-s.eu\/#organization"},"potentialAction":[{"@type":"SearchAction","target":{"@type":"EntryPoint","urlTemplate":"https:\/\/www.e-r-s.eu\/?s={search_term_string}"},"query-input":{"@type":"PropertyValueSpecification","valueRequired":true,"valueName":"search_term_string"}}],"inLanguage":"ro-RO"},{"@type":"Organization","@id":"https:\/\/www.e-r-s.eu\/#organization","name":"e-r-s GmbH","url":"https:\/\/www.e-r-s.eu\/","logo":{"@type":"ImageObject","inLanguage":"ro-RO","@id":"https:\/\/www.e-r-s.eu\/#\/schema\/logo\/image\/","url":"https:\/\/www.e-r-s.eu\/wp-content\/uploads\/2022\/03\/logo_footer_light.png","contentUrl":"https:\/\/www.e-r-s.eu\/wp-content\/uploads\/2022\/03\/logo_footer_light.png","width":204,"height":205,"caption":"e-r-s GmbH"},"image":{"@id":"https:\/\/www.e-r-s.eu\/#\/schema\/logo\/image\/"},"sameAs":["https:\/\/www.facebook.com\/ersKloetze","https:\/\/www.linkedin.com\/company\/e-r-s-netherlands-b-v-","https:\/\/www.instagram.com\/elling.refractory.solutions\/"]}]}},"_links":{"self":[{"href":"https:\/\/www.e-r-s.eu\/ro\/wp-json\/wp\/v2\/pages\/9834","targetHints":{"allow":["GET"]}}],"collection":[{"href":"https:\/\/www.e-r-s.eu\/ro\/wp-json\/wp\/v2\/pages"}],"about":[{"href":"https:\/\/www.e-r-s.eu\/ro\/wp-json\/wp\/v2\/types\/page"}],"author":[{"embeddable":true,"href":"https:\/\/www.e-r-s.eu\/ro\/wp-json\/wp\/v2\/users\/1"}],"replies":[{"embeddable":true,"href":"https:\/\/www.e-r-s.eu\/ro\/wp-json\/wp\/v2\/comments?post=9834"}],"version-history":[{"count":10,"href":"https:\/\/www.e-r-s.eu\/ro\/wp-json\/wp\/v2\/pages\/9834\/revisions"}],"predecessor-version":[{"id":10092,"href":"https:\/\/www.e-r-s.eu\/ro\/wp-json\/wp\/v2\/pages\/9834\/revisions\/10092"}],"wp:attachment":[{"href":"https:\/\/www.e-r-s.eu\/ro\/wp-json\/wp\/v2\/media?parent=9834"}],"curies":[{"name":"wp","href":"https:\/\/api.w.org\/{rel}","templated":true}]}}