{"id":9850,"date":"2022-04-27T12:53:39","date_gmt":"2022-04-27T12:53:39","guid":{"rendered":"https:\/\/www.e-r-s.eu\/engineering\/"},"modified":"2026-04-01T12:32:12","modified_gmt":"2026-04-01T12:32:12","slug":"inginerie","status":"publish","type":"page","link":"https:\/\/www.e-r-s.eu\/ro\/inginerie\/","title":{"rendered":"Inginerie"},"content":{"rendered":"\t\t<div data-elementor-type=\"wp-page\" data-elementor-id=\"9850\" class=\"elementor elementor-9850 elementor-5600\" data-elementor-post-type=\"page\">\n\t\t\t\t\t\t<section class=\"elementor-section elementor-top-section elementor-element elementor-element-1d07719 qodef-elementor-content-grid elementor-section-boxed elementor-section-height-default elementor-section-height-default\" data-id=\"1d07719\" data-element_type=\"section\" data-e-type=\"section\">\n\t\t\t\t\t\t<div class=\"elementor-container elementor-column-gap-default\">\n\t\t\t\t\t<div class=\"elementor-column elementor-col-50 elementor-top-column elementor-element elementor-element-25d55c5\" data-id=\"25d55c5\" data-element_type=\"column\" data-e-type=\"column\">\n\t\t\t<div class=\"elementor-widget-wrap elementor-element-populated\">\n\t\t\t\t\t\t<div class=\"elementor-element elementor-element-8f89a05 elementor-widget elementor-widget-stal_core_section_title\" data-id=\"8f89a05\" data-element_type=\"widget\" data-e-type=\"widget\" data-widget_type=\"stal_core_section_title.default\">\n\t\t\t\t<div class=\"elementor-widget-container\">\n\t\t\t\t\t<div class=\"qodef-shortcode qodef-m  qodef-section-title qodef-alignment--left  qodef-title-with-tagline\">\n\t\t<div class=\"qodef-m-title-wrap\">\n\t        <h6 class=\"qodef-m-title-tagline\" >E-R-S GMBH<\/h6>\n    \t<h2 class=\"qodef-m-title\" >\n\t\t\t\t\tInginerie\t\t\t<\/h2>\n\t\n\t<\/div>\n\t<\/div>\t\t\t\t<\/div>\n\t\t\t\t<\/div>\n\t\t\t\t<div class=\"elementor-element elementor-element-a67b012 elementor-widget elementor-widget-text-editor\" data-id=\"a67b012\" data-element_type=\"widget\" data-e-type=\"widget\" data-widget_type=\"text-editor.default\">\n\t\t\t\t<div class=\"elementor-widget-container\">\n\t\t\t\t\t\t\t\t\t<div class=\"elementor-element elementor-element-a67b012 elementor-widget elementor-widget-text-editor\" data-id=\"a67b012\" data-element_type=\"widget\" data-widget_type=\"text-editor.default\"><div class=\"elementor-widget-container\"><p>e-r-s GmbH se str\u0103duie\u0219te s\u0103 ob\u021bin\u0103 satisfac\u021bia clien\u021bilor, printre altele, prin inovare constant\u0103 \u0219i cele mai moderne programe. Inginerii no\u0219tri ofer\u0103 solu\u021bii de \u00eenalt\u0103 tehnologie, adaptate la ramura industrial\u0103 respectiv\u0103, av\u00e2nd \u00eentotdeauna \u00een vedere eficien\u021ba economic\u0103. Totodat\u0103, \u021binem cont de toate standardele de calitate implicate \u00een cazul sistemelor date. Proiect\u0103m cuptoare complete, piese finite, forme de turnare, facem desene detaliate precum \u0219i calculele necesare pentru diferite transferuri de c\u0103ldur\u0103, dilat\u0103ri etc.<\/p><p>Cuno\u0219tin\u021bele noastre de specialitate ne permit s\u0103 construim c\u0103ptu\u0219eala potrivit\u0103 pentru diferite sisteme.<\/p><\/div><\/div>\t\t\t\t\t\t\t\t<\/div>\n\t\t\t\t<\/div>\n\t\t\t\t<div class=\"elementor-element elementor-element-8c61a1f elementor-widget elementor-widget-text-editor\" data-id=\"8c61a1f\" data-element_type=\"widget\" data-e-type=\"widget\" data-widget_type=\"text-editor.default\">\n\t\t\t\t<div class=\"elementor-widget-container\">\n\t\t\t\t\t\t\t\t\t<ul><li>Proiecte 2D \u0219i 3D \u00een CAD<\/li><li>Calcule de dilatare \u0219i transfer de c\u0103ldur\u0103<\/li><li>Concepte de \u00eentre\u021binere \u0219i inginerie a instala\u021biilor noi<\/li><li>Exklusive Dokumentation<\/li><li>Construirea a aproape oric\u0103ror forme imaginabile<\/li><\/ul>\t\t\t\t\t\t\t\t<\/div>\n\t\t\t\t<\/div>\n\t\t\t\t\t<\/div>\n\t\t<\/div>\n\t\t\t\t<div class=\"elementor-column elementor-col-50 elementor-top-column elementor-element elementor-element-cdc7ba9\" data-id=\"cdc7ba9\" data-element_type=\"column\" data-e-type=\"column\">\n\t\t\t<div class=\"elementor-widget-wrap elementor-element-populated\">\n\t\t\t\t\t\t<div class=\"elementor-element elementor-element-ab9ea1f elementor-widget elementor-widget-image\" data-id=\"ab9ea1f\" data-element_type=\"widget\" data-e-type=\"widget\" data-widget_type=\"image.default\">\n\t\t\t\t<div class=\"elementor-widget-container\">\n\t\t\t\t\t\t\t\t\t\t\t\t\t\t\t<img fetchpriority=\"high\" decoding=\"async\" width=\"1024\" height=\"680\" src=\"https:\/\/www.e-r-s.eu\/wp-content\/uploads\/2022\/06\/engineering_cad-1024x680.jpg\" class=\"attachment-large size-large wp-image-6893\" alt=\"\" srcset=\"https:\/\/www.e-r-s.eu\/wp-content\/uploads\/2022\/06\/engineering_cad-1024x680.jpg 1024w, https:\/\/www.e-r-s.eu\/wp-content\/uploads\/2022\/06\/engineering_cad-300x199.jpg 300w, https:\/\/www.e-r-s.eu\/wp-content\/uploads\/2022\/06\/engineering_cad-768x510.jpg 768w, https:\/\/www.e-r-s.eu\/wp-content\/uploads\/2022\/06\/engineering_cad-600x398.jpg 600w, https:\/\/www.e-r-s.eu\/wp-content\/uploads\/2022\/06\/engineering_cad.jpg 1167w\" sizes=\"(max-width: 1024px) 100vw, 1024px\" \/>\t\t\t\t\t\t\t\t\t\t\t\t\t\t\t<\/div>\n\t\t\t\t<\/div>\n\t\t\t\t\t<\/div>\n\t\t<\/div>\n\t\t\t\t\t<\/div>\n\t\t<\/section>\n\t\t\t\t<section class=\"elementor-section elementor-top-section elementor-element elementor-element-1e5fe6c elementor-section-boxed elementor-section-height-default elementor-section-height-default qodef-elementor-content-no\" data-id=\"1e5fe6c\" data-element_type=\"section\" data-e-type=\"section\">\n\t\t\t\t\t\t<div class=\"elementor-container elementor-column-gap-default\">\n\t\t\t\t\t<div class=\"elementor-column elementor-col-100 elementor-top-column elementor-element elementor-element-dc0abfd\" data-id=\"dc0abfd\" data-element_type=\"column\" data-e-type=\"column\">\n\t\t\t<div class=\"elementor-widget-wrap\">\n\t\t\t\t\t\t\t<\/div>\n\t\t<\/div>\n\t\t\t\t\t<\/div>\n\t\t<\/section>\n\t\t\t\t<\/div>\n\t\t","protected":false},"excerpt":{"rendered":"<p>E-R-S GMBH Inginerie e-r-s GmbH se str\u0103duie\u0219te s\u0103 ob\u021bin\u0103 satisfac\u021bia clien\u021bilor, printre altele, prin inovare constant\u0103 \u0219i cele mai moderne programe. Inginerii no\u0219tri ofer\u0103 solu\u021bii de \u00eenalt\u0103 tehnologie, adaptate la ramura industrial\u0103 respectiv\u0103, av\u00e2nd \u00eentotdeauna \u00een vedere eficien\u021ba economic\u0103. Totodat\u0103, \u021binem cont de toate standardele de calitate implicate \u00een cazul sistemelor date. Proiect\u0103m cuptoare complete, [&hellip;]<\/p>\n","protected":false},"author":1,"featured_media":0,"parent":0,"menu_order":0,"comment_status":"closed","ping_status":"closed","template":"page-full-width.php","meta":{"footnotes":""},"class_list":["post-9850","page","type-page","status-publish","hentry"],"yoast_head":"<!-- This site is optimized with the Yoast SEO plugin v27.5 - https:\/\/yoast.com\/product\/yoast-seo-wordpress\/ -->\n<title>Inginerie refractar\u0103 \u2013 Planificare, proiectare \u0219i management de proiect | e-r-s group GmbH<\/title>\n<meta name=\"description\" content=\"Inginerie refractar\u0103 profesional\u0103 de la e-r-s group GmbH: planificare structural\u0103, calcule termice \u0219i management de proiect pentru c\u0103ptu\u0219eli refractare. ISO 9001 certificat.\" \/>\n<meta name=\"robots\" content=\"index, follow, max-snippet:-1, max-image-preview:large, max-video-preview:-1\" \/>\n<link rel=\"canonical\" href=\"https:\/\/www.e-r-s.eu\/ro\/inginerie\/\" \/>\n<meta property=\"og:locale\" content=\"ro_RO\" \/>\n<meta property=\"og:type\" content=\"article\" \/>\n<meta property=\"og:title\" content=\"Inginerie refractar\u0103 \u2013 Planificare, proiectare \u0219i management de proiect | e-r-s group GmbH\" \/>\n<meta property=\"og:description\" content=\"Inginerie refractar\u0103 profesional\u0103 de la e-r-s group GmbH: planificare structural\u0103, calcule termice \u0219i management de proiect pentru c\u0103ptu\u0219eli refractare. ISO 9001 certificat.\" \/>\n<meta property=\"og:url\" content=\"https:\/\/www.e-r-s.eu\/ro\/inginerie\/\" \/>\n<meta property=\"og:site_name\" content=\"e-r-s GmbH\" \/>\n<meta property=\"article:publisher\" content=\"https:\/\/www.facebook.com\/ersKloetze\" \/>\n<meta property=\"article:modified_time\" content=\"2026-04-01T12:32:12+00:00\" \/>\n<meta property=\"og:image\" content=\"https:\/\/www.e-r-s.eu\/wp-content\/uploads\/2022\/06\/engineering_cad-1024x680.jpg\" \/>\n<meta name=\"twitter:card\" content=\"summary_large_image\" \/>\n<meta name=\"twitter:label1\" content=\"Timp estimat pentru citire\" \/>\n\t<meta name=\"twitter:data1\" content=\"1 minut\" \/>\n<script type=\"application\/ld+json\" class=\"yoast-schema-graph\">{\"@context\":\"https:\\\/\\\/schema.org\",\"@graph\":[{\"@type\":\"WebPage\",\"@id\":\"https:\\\/\\\/www.e-r-s.eu\\\/ro\\\/inginerie\\\/\",\"url\":\"https:\\\/\\\/www.e-r-s.eu\\\/ro\\\/inginerie\\\/\",\"name\":\"Inginerie refractar\u0103 \u2013 Planificare, proiectare \u0219i management de proiect | e-r-s group GmbH\",\"isPartOf\":{\"@id\":\"https:\\\/\\\/www.e-r-s.eu\\\/#website\"},\"primaryImageOfPage\":{\"@id\":\"https:\\\/\\\/www.e-r-s.eu\\\/ro\\\/inginerie\\\/#primaryimage\"},\"image\":{\"@id\":\"https:\\\/\\\/www.e-r-s.eu\\\/ro\\\/inginerie\\\/#primaryimage\"},\"thumbnailUrl\":\"https:\\\/\\\/www.e-r-s.eu\\\/wp-content\\\/uploads\\\/2022\\\/06\\\/engineering_cad-1024x680.jpg\",\"datePublished\":\"2022-04-27T12:53:39+00:00\",\"dateModified\":\"2026-04-01T12:32:12+00:00\",\"description\":\"Inginerie refractar\u0103 profesional\u0103 de la e-r-s group GmbH: planificare structural\u0103, calcule termice \u0219i management de proiect pentru c\u0103ptu\u0219eli refractare. ISO 9001 certificat.\",\"breadcrumb\":{\"@id\":\"https:\\\/\\\/www.e-r-s.eu\\\/ro\\\/inginerie\\\/#breadcrumb\"},\"inLanguage\":\"ro-RO\",\"potentialAction\":[{\"@type\":\"ReadAction\",\"target\":[\"https:\\\/\\\/www.e-r-s.eu\\\/ro\\\/inginerie\\\/\"]}]},{\"@type\":\"ImageObject\",\"inLanguage\":\"ro-RO\",\"@id\":\"https:\\\/\\\/www.e-r-s.eu\\\/ro\\\/inginerie\\\/#primaryimage\",\"url\":\"https:\\\/\\\/www.e-r-s.eu\\\/wp-content\\\/uploads\\\/2022\\\/06\\\/engineering_cad-1024x680.jpg\",\"contentUrl\":\"https:\\\/\\\/www.e-r-s.eu\\\/wp-content\\\/uploads\\\/2022\\\/06\\\/engineering_cad-1024x680.jpg\"},{\"@type\":\"BreadcrumbList\",\"@id\":\"https:\\\/\\\/www.e-r-s.eu\\\/ro\\\/inginerie\\\/#breadcrumb\",\"itemListElement\":[{\"@type\":\"ListItem\",\"position\":1,\"name\":\"Startseite\",\"item\":\"https:\\\/\\\/www.e-r-s.eu\\\/ro\\\/\"},{\"@type\":\"ListItem\",\"position\":2,\"name\":\"Inginerie\"}]},{\"@type\":\"WebSite\",\"@id\":\"https:\\\/\\\/www.e-r-s.eu\\\/#website\",\"url\":\"https:\\\/\\\/www.e-r-s.eu\\\/\",\"name\":\"e-r-s GmbH\",\"description\":\"Feuerfestbau Kl\u00f6tze\",\"publisher\":{\"@id\":\"https:\\\/\\\/www.e-r-s.eu\\\/#organization\"},\"potentialAction\":[{\"@type\":\"SearchAction\",\"target\":{\"@type\":\"EntryPoint\",\"urlTemplate\":\"https:\\\/\\\/www.e-r-s.eu\\\/?s={search_term_string}\"},\"query-input\":{\"@type\":\"PropertyValueSpecification\",\"valueRequired\":true,\"valueName\":\"search_term_string\"}}],\"inLanguage\":\"ro-RO\"},{\"@type\":\"Organization\",\"@id\":\"https:\\\/\\\/www.e-r-s.eu\\\/#organization\",\"name\":\"e-r-s GmbH\",\"url\":\"https:\\\/\\\/www.e-r-s.eu\\\/\",\"logo\":{\"@type\":\"ImageObject\",\"inLanguage\":\"ro-RO\",\"@id\":\"https:\\\/\\\/www.e-r-s.eu\\\/#\\\/schema\\\/logo\\\/image\\\/\",\"url\":\"https:\\\/\\\/www.e-r-s.eu\\\/wp-content\\\/uploads\\\/2022\\\/03\\\/logo_footer_light.png\",\"contentUrl\":\"https:\\\/\\\/www.e-r-s.eu\\\/wp-content\\\/uploads\\\/2022\\\/03\\\/logo_footer_light.png\",\"width\":204,\"height\":205,\"caption\":\"e-r-s GmbH\"},\"image\":{\"@id\":\"https:\\\/\\\/www.e-r-s.eu\\\/#\\\/schema\\\/logo\\\/image\\\/\"},\"sameAs\":[\"https:\\\/\\\/www.facebook.com\\\/ersKloetze\",\"https:\\\/\\\/www.linkedin.com\\\/company\\\/e-r-s-netherlands-b-v-\",\"https:\\\/\\\/www.instagram.com\\\/elling.refractory.solutions\\\/\"]}]}<\/script>\n<!-- \/ Yoast SEO plugin. -->","yoast_head_json":{"title":"Inginerie refractar\u0103 \u2013 Planificare, proiectare \u0219i management de proiect | e-r-s group GmbH","description":"Inginerie refractar\u0103 profesional\u0103 de la e-r-s group GmbH: planificare structural\u0103, calcule termice \u0219i management de proiect pentru c\u0103ptu\u0219eli refractare. ISO 9001 certificat.","robots":{"index":"index","follow":"follow","max-snippet":"max-snippet:-1","max-image-preview":"max-image-preview:large","max-video-preview":"max-video-preview:-1"},"canonical":"https:\/\/www.e-r-s.eu\/ro\/inginerie\/","og_locale":"ro_RO","og_type":"article","og_title":"Inginerie refractar\u0103 \u2013 Planificare, proiectare \u0219i management de proiect | e-r-s group GmbH","og_description":"Inginerie refractar\u0103 profesional\u0103 de la e-r-s group GmbH: planificare structural\u0103, calcule termice \u0219i management de proiect pentru c\u0103ptu\u0219eli refractare. ISO 9001 certificat.","og_url":"https:\/\/www.e-r-s.eu\/ro\/inginerie\/","og_site_name":"e-r-s GmbH","article_publisher":"https:\/\/www.facebook.com\/ersKloetze","article_modified_time":"2026-04-01T12:32:12+00:00","og_image":[{"url":"https:\/\/www.e-r-s.eu\/wp-content\/uploads\/2022\/06\/engineering_cad-1024x680.jpg","type":"","width":"","height":""}],"twitter_card":"summary_large_image","twitter_misc":{"Timp estimat pentru citire":"1 minut"},"schema":{"@context":"https:\/\/schema.org","@graph":[{"@type":"WebPage","@id":"https:\/\/www.e-r-s.eu\/ro\/inginerie\/","url":"https:\/\/www.e-r-s.eu\/ro\/inginerie\/","name":"Inginerie refractar\u0103 \u2013 Planificare, proiectare \u0219i management de proiect | e-r-s group GmbH","isPartOf":{"@id":"https:\/\/www.e-r-s.eu\/#website"},"primaryImageOfPage":{"@id":"https:\/\/www.e-r-s.eu\/ro\/inginerie\/#primaryimage"},"image":{"@id":"https:\/\/www.e-r-s.eu\/ro\/inginerie\/#primaryimage"},"thumbnailUrl":"https:\/\/www.e-r-s.eu\/wp-content\/uploads\/2022\/06\/engineering_cad-1024x680.jpg","datePublished":"2022-04-27T12:53:39+00:00","dateModified":"2026-04-01T12:32:12+00:00","description":"Inginerie refractar\u0103 profesional\u0103 de la e-r-s group GmbH: planificare structural\u0103, calcule termice \u0219i management de proiect pentru c\u0103ptu\u0219eli refractare. ISO 9001 certificat.","breadcrumb":{"@id":"https:\/\/www.e-r-s.eu\/ro\/inginerie\/#breadcrumb"},"inLanguage":"ro-RO","potentialAction":[{"@type":"ReadAction","target":["https:\/\/www.e-r-s.eu\/ro\/inginerie\/"]}]},{"@type":"ImageObject","inLanguage":"ro-RO","@id":"https:\/\/www.e-r-s.eu\/ro\/inginerie\/#primaryimage","url":"https:\/\/www.e-r-s.eu\/wp-content\/uploads\/2022\/06\/engineering_cad-1024x680.jpg","contentUrl":"https:\/\/www.e-r-s.eu\/wp-content\/uploads\/2022\/06\/engineering_cad-1024x680.jpg"},{"@type":"BreadcrumbList","@id":"https:\/\/www.e-r-s.eu\/ro\/inginerie\/#breadcrumb","itemListElement":[{"@type":"ListItem","position":1,"name":"Startseite","item":"https:\/\/www.e-r-s.eu\/ro\/"},{"@type":"ListItem","position":2,"name":"Inginerie"}]},{"@type":"WebSite","@id":"https:\/\/www.e-r-s.eu\/#website","url":"https:\/\/www.e-r-s.eu\/","name":"e-r-s GmbH","description":"Feuerfestbau Kl\u00f6tze","publisher":{"@id":"https:\/\/www.e-r-s.eu\/#organization"},"potentialAction":[{"@type":"SearchAction","target":{"@type":"EntryPoint","urlTemplate":"https:\/\/www.e-r-s.eu\/?s={search_term_string}"},"query-input":{"@type":"PropertyValueSpecification","valueRequired":true,"valueName":"search_term_string"}}],"inLanguage":"ro-RO"},{"@type":"Organization","@id":"https:\/\/www.e-r-s.eu\/#organization","name":"e-r-s GmbH","url":"https:\/\/www.e-r-s.eu\/","logo":{"@type":"ImageObject","inLanguage":"ro-RO","@id":"https:\/\/www.e-r-s.eu\/#\/schema\/logo\/image\/","url":"https:\/\/www.e-r-s.eu\/wp-content\/uploads\/2022\/03\/logo_footer_light.png","contentUrl":"https:\/\/www.e-r-s.eu\/wp-content\/uploads\/2022\/03\/logo_footer_light.png","width":204,"height":205,"caption":"e-r-s GmbH"},"image":{"@id":"https:\/\/www.e-r-s.eu\/#\/schema\/logo\/image\/"},"sameAs":["https:\/\/www.facebook.com\/ersKloetze","https:\/\/www.linkedin.com\/company\/e-r-s-netherlands-b-v-","https:\/\/www.instagram.com\/elling.refractory.solutions\/"]}]}},"_links":{"self":[{"href":"https:\/\/www.e-r-s.eu\/ro\/wp-json\/wp\/v2\/pages\/9850","targetHints":{"allow":["GET"]}}],"collection":[{"href":"https:\/\/www.e-r-s.eu\/ro\/wp-json\/wp\/v2\/pages"}],"about":[{"href":"https:\/\/www.e-r-s.eu\/ro\/wp-json\/wp\/v2\/types\/page"}],"author":[{"embeddable":true,"href":"https:\/\/www.e-r-s.eu\/ro\/wp-json\/wp\/v2\/users\/1"}],"replies":[{"embeddable":true,"href":"https:\/\/www.e-r-s.eu\/ro\/wp-json\/wp\/v2\/comments?post=9850"}],"version-history":[{"count":4,"href":"https:\/\/www.e-r-s.eu\/ro\/wp-json\/wp\/v2\/pages\/9850\/revisions"}],"predecessor-version":[{"id":9855,"href":"https:\/\/www.e-r-s.eu\/ro\/wp-json\/wp\/v2\/pages\/9850\/revisions\/9855"}],"wp:attachment":[{"href":"https:\/\/www.e-r-s.eu\/ro\/wp-json\/wp\/v2\/media?parent=9850"}],"curies":[{"name":"wp","href":"https:\/\/api.w.org\/{rel}","templated":true}]}}