{"id":9856,"date":"2022-04-27T12:57:59","date_gmt":"2022-04-27T12:57:59","guid":{"rendered":"https:\/\/www.e-r-s.eu\/montage\/"},"modified":"2026-04-01T12:22:23","modified_gmt":"2026-04-01T12:22:23","slug":"lucrari-de-montaj","status":"publish","type":"page","link":"https:\/\/www.e-r-s.eu\/ro\/lucrari-de-montaj\/","title":{"rendered":"Lucr\u0103ri de montaj"},"content":{"rendered":"\t\t<div data-elementor-type=\"wp-page\" data-elementor-id=\"9856\" class=\"elementor elementor-9856 elementor-5609\" data-elementor-post-type=\"page\">\n\t\t\t\t\t\t<section class=\"elementor-section elementor-top-section elementor-element elementor-element-1d07719 qodef-elementor-content-grid elementor-section-boxed elementor-section-height-default elementor-section-height-default\" data-id=\"1d07719\" data-element_type=\"section\" data-e-type=\"section\">\n\t\t\t\t\t\t<div class=\"elementor-container elementor-column-gap-default\">\n\t\t\t\t\t<div class=\"elementor-column elementor-col-50 elementor-top-column elementor-element elementor-element-25d55c5\" data-id=\"25d55c5\" data-element_type=\"column\" data-e-type=\"column\">\n\t\t\t<div class=\"elementor-widget-wrap elementor-element-populated\">\n\t\t\t\t\t\t<div class=\"elementor-element elementor-element-8f89a05 elementor-widget elementor-widget-stal_core_section_title\" data-id=\"8f89a05\" data-element_type=\"widget\" data-e-type=\"widget\" data-widget_type=\"stal_core_section_title.default\">\n\t\t\t\t<div class=\"elementor-widget-container\">\n\t\t\t\t\t<div class=\"qodef-shortcode qodef-m  qodef-section-title qodef-alignment--left  qodef-title-with-tagline\">\n\t\t<div class=\"qodef-m-title-wrap\">\n\t        <h6 class=\"qodef-m-title-tagline\" >e-r-s GmbH<\/h6>\n    \t<h2 class=\"qodef-m-title\" >\n\t\t\t\t\tLucr\u0103ri de montaj\t\t\t<\/h2>\n\t\n\t<\/div>\n\t<\/div>\t\t\t\t<\/div>\n\t\t\t\t<\/div>\n\t\t\t\t<div class=\"elementor-element elementor-element-d98b0db elementor-widget elementor-widget-text-editor\" data-id=\"d98b0db\" data-element_type=\"widget\" data-e-type=\"widget\" data-widget_type=\"text-editor.default\">\n\t\t\t\t<div class=\"elementor-widget-container\">\n\t\t\t\t\t\t\t\t\t<div class=\"elementor-element elementor-element-d98b0db elementor-widget elementor-widget-text-editor\" data-id=\"d98b0db\" data-element_type=\"widget\" data-widget_type=\"text-editor.default\"><div class=\"elementor-widget-container\"><p>C\u0103ptu\u0219irea refractar\u0103 a proiectelor noastre este realizat\u0103 de echipe de montare proprii \u0219i, dac\u0103 este nevoie, apel\u0103m la subcontractan\u021bii no\u0219tri bine preg\u0103ti\u021bi.<\/p><\/div><\/div>\t\t\t\t\t\t\t\t<\/div>\n\t\t\t\t<\/div>\n\t\t\t\t<div class=\"elementor-element elementor-element-41e8cab elementor-widget elementor-widget-text-editor\" data-id=\"41e8cab\" data-element_type=\"widget\" data-e-type=\"widget\" data-widget_type=\"text-editor.default\">\n\t\t\t\t<div class=\"elementor-widget-container\">\n\t\t\t\t\t\t\t\t\t<p>Datorit\u0103 gestion\u0103rii eficiente a depozitului principal din Kl\u00f6tze \u0219i a depozitelor filialelor noastre, putem reac\u021biona imediat. Pentru a asigura o livrare la timp a materialelor \u0219i echipamentelor am semnat contracte cu diverse societ\u0103\u021bi de transport, care \u00een caz de urgen\u021b\u0103 sunt disponibile 24\/7.<\/p>\t\t\t\t\t\t\t\t<\/div>\n\t\t\t\t<\/div>\n\t\t\t\t\t<\/div>\n\t\t<\/div>\n\t\t\t\t<div class=\"elementor-column elementor-col-50 elementor-top-column elementor-element elementor-element-cdc7ba9\" data-id=\"cdc7ba9\" data-element_type=\"column\" data-e-type=\"column\">\n\t\t\t<div class=\"elementor-widget-wrap elementor-element-populated\">\n\t\t\t\t\t\t<div class=\"elementor-element elementor-element-8419240 elementor-widget elementor-widget-image\" data-id=\"8419240\" data-element_type=\"widget\" data-e-type=\"widget\" data-widget_type=\"image.default\">\n\t\t\t\t<div class=\"elementor-widget-container\">\n\t\t\t\t\t\t\t\t\t\t\t\t\t\t\t<img fetchpriority=\"high\" decoding=\"async\" width=\"582\" height=\"342\" src=\"https:\/\/www.e-r-s.eu\/wp-content\/uploads\/2022\/04\/e_r_s_gmbh_18.jpg\" class=\"attachment-large size-large wp-image-9857\" alt=\"\" srcset=\"https:\/\/www.e-r-s.eu\/wp-content\/uploads\/2022\/04\/e_r_s_gmbh_18.jpg 582w, https:\/\/www.e-r-s.eu\/wp-content\/uploads\/2022\/04\/e_r_s_gmbh_18-300x176.jpg 300w\" sizes=\"(max-width: 582px) 100vw, 582px\" \/>\t\t\t\t\t\t\t\t\t\t\t\t\t\t\t<\/div>\n\t\t\t\t<\/div>\n\t\t\t\t\t<\/div>\n\t\t<\/div>\n\t\t\t\t\t<\/div>\n\t\t<\/section>\n\t\t\t\t<section class=\"elementor-section elementor-top-section elementor-element elementor-element-6ffc843 elementor-section-boxed elementor-section-height-default elementor-section-height-default qodef-elementor-content-no\" data-id=\"6ffc843\" data-element_type=\"section\" data-e-type=\"section\">\n\t\t\t\t\t\t<div class=\"elementor-container elementor-column-gap-default\">\n\t\t\t\t\t<div class=\"elementor-column elementor-col-100 elementor-top-column elementor-element elementor-element-a3349ef\" data-id=\"a3349ef\" data-element_type=\"column\" data-e-type=\"column\">\n\t\t\t<div class=\"elementor-widget-wrap\">\n\t\t\t\t\t\t\t<\/div>\n\t\t<\/div>\n\t\t\t\t\t<\/div>\n\t\t<\/section>\n\t\t\t\t<\/div>\n\t\t","protected":false},"excerpt":{"rendered":"<p>e-r-s GmbH Lucr\u0103ri de montaj C\u0103ptu\u0219irea refractar\u0103 a proiectelor noastre este realizat\u0103 de echipe de montare proprii \u0219i, dac\u0103 este nevoie, apel\u0103m la subcontractan\u021bii no\u0219tri bine preg\u0103ti\u021bi. Datorit\u0103 gestion\u0103rii eficiente a depozitului principal din Kl\u00f6tze \u0219i a depozitelor filialelor noastre, putem reac\u021biona imediat. Pentru a asigura o livrare la timp a materialelor \u0219i echipamentelor am [&hellip;]<\/p>\n","protected":false},"author":1,"featured_media":0,"parent":0,"menu_order":0,"comment_status":"closed","ping_status":"closed","template":"page-full-width.php","meta":{"footnotes":""},"class_list":["post-9856","page","type-page","status-publish","hentry"],"yoast_head":"<!-- This site is optimized with the Yoast SEO plugin v27.5 - https:\/\/yoast.com\/product\/yoast-seo-wordpress\/ -->\n<title>Montare de c\u0103ptu\u0219eli refractare \u2013 C\u0103ptu\u0219eli profesionale realizate de echipele proprii | e-r-s group GmbH<\/title>\n<meta name=\"description\" content=\"Montare refractar\u0103 realizat\u0103 de speciali\u0219ti experimenta\u021bi ai e-r-s GmbH. Echipele proprii de montare pentru c\u0103ptu\u0219eli refractare \u2013 interven\u021bii \u00een toat\u0103 Europa, disponibile 24\/7. Solicita\u021bi acum!\" \/>\n<meta name=\"robots\" content=\"index, follow, max-snippet:-1, max-image-preview:large, max-video-preview:-1\" \/>\n<link rel=\"canonical\" href=\"https:\/\/www.e-r-s.eu\/ro\/lucrari-de-montaj\/\" \/>\n<meta property=\"og:locale\" content=\"ro_RO\" \/>\n<meta property=\"og:type\" content=\"article\" \/>\n<meta property=\"og:title\" content=\"Montare de c\u0103ptu\u0219eli refractare \u2013 C\u0103ptu\u0219eli profesionale realizate de echipele proprii | e-r-s group GmbH\" \/>\n<meta property=\"og:description\" content=\"Montare refractar\u0103 realizat\u0103 de speciali\u0219ti experimenta\u021bi ai e-r-s GmbH. Echipele proprii de montare pentru c\u0103ptu\u0219eli refractare \u2013 interven\u021bii \u00een toat\u0103 Europa, disponibile 24\/7. Solicita\u021bi acum!\" \/>\n<meta property=\"og:url\" content=\"https:\/\/www.e-r-s.eu\/ro\/lucrari-de-montaj\/\" \/>\n<meta property=\"og:site_name\" content=\"e-r-s GmbH\" \/>\n<meta property=\"article:publisher\" content=\"https:\/\/www.facebook.com\/ersKloetze\" \/>\n<meta property=\"article:modified_time\" content=\"2026-04-01T12:22:23+00:00\" \/>\n<meta property=\"og:image\" content=\"https:\/\/www.e-r-s.eu\/wp-content\/uploads\/2022\/04\/e_r_s_gmbh_18.jpg\" \/>\n<meta name=\"twitter:card\" content=\"summary_large_image\" \/>\n<script type=\"application\/ld+json\" class=\"yoast-schema-graph\">{\"@context\":\"https:\\\/\\\/schema.org\",\"@graph\":[{\"@type\":\"WebPage\",\"@id\":\"https:\\\/\\\/www.e-r-s.eu\\\/ro\\\/lucrari-de-montaj\\\/\",\"url\":\"https:\\\/\\\/www.e-r-s.eu\\\/ro\\\/lucrari-de-montaj\\\/\",\"name\":\"Montare de c\u0103ptu\u0219eli refractare \u2013 C\u0103ptu\u0219eli profesionale realizate de echipele proprii | e-r-s group GmbH\",\"isPartOf\":{\"@id\":\"https:\\\/\\\/www.e-r-s.eu\\\/#website\"},\"primaryImageOfPage\":{\"@id\":\"https:\\\/\\\/www.e-r-s.eu\\\/ro\\\/lucrari-de-montaj\\\/#primaryimage\"},\"image\":{\"@id\":\"https:\\\/\\\/www.e-r-s.eu\\\/ro\\\/lucrari-de-montaj\\\/#primaryimage\"},\"thumbnailUrl\":\"https:\\\/\\\/www.e-r-s.eu\\\/wp-content\\\/uploads\\\/2022\\\/04\\\/e_r_s_gmbh_18.jpg\",\"datePublished\":\"2022-04-27T12:57:59+00:00\",\"dateModified\":\"2026-04-01T12:22:23+00:00\",\"description\":\"Montare refractar\u0103 realizat\u0103 de speciali\u0219ti experimenta\u021bi ai e-r-s GmbH. Echipele proprii de montare pentru c\u0103ptu\u0219eli refractare \u2013 interven\u021bii \u00een toat\u0103 Europa, disponibile 24\\\/7. Solicita\u021bi acum!\",\"breadcrumb\":{\"@id\":\"https:\\\/\\\/www.e-r-s.eu\\\/ro\\\/lucrari-de-montaj\\\/#breadcrumb\"},\"inLanguage\":\"ro-RO\",\"potentialAction\":[{\"@type\":\"ReadAction\",\"target\":[\"https:\\\/\\\/www.e-r-s.eu\\\/ro\\\/lucrari-de-montaj\\\/\"]}]},{\"@type\":\"ImageObject\",\"inLanguage\":\"ro-RO\",\"@id\":\"https:\\\/\\\/www.e-r-s.eu\\\/ro\\\/lucrari-de-montaj\\\/#primaryimage\",\"url\":\"https:\\\/\\\/www.e-r-s.eu\\\/wp-content\\\/uploads\\\/2022\\\/04\\\/e_r_s_gmbh_18.jpg\",\"contentUrl\":\"https:\\\/\\\/www.e-r-s.eu\\\/wp-content\\\/uploads\\\/2022\\\/04\\\/e_r_s_gmbh_18.jpg\"},{\"@type\":\"BreadcrumbList\",\"@id\":\"https:\\\/\\\/www.e-r-s.eu\\\/ro\\\/lucrari-de-montaj\\\/#breadcrumb\",\"itemListElement\":[{\"@type\":\"ListItem\",\"position\":1,\"name\":\"Startseite\",\"item\":\"https:\\\/\\\/www.e-r-s.eu\\\/ro\\\/\"},{\"@type\":\"ListItem\",\"position\":2,\"name\":\"Lucr\u0103ri de montaj\"}]},{\"@type\":\"WebSite\",\"@id\":\"https:\\\/\\\/www.e-r-s.eu\\\/#website\",\"url\":\"https:\\\/\\\/www.e-r-s.eu\\\/\",\"name\":\"e-r-s GmbH\",\"description\":\"Feuerfestbau Kl\u00f6tze\",\"publisher\":{\"@id\":\"https:\\\/\\\/www.e-r-s.eu\\\/#organization\"},\"potentialAction\":[{\"@type\":\"SearchAction\",\"target\":{\"@type\":\"EntryPoint\",\"urlTemplate\":\"https:\\\/\\\/www.e-r-s.eu\\\/?s={search_term_string}\"},\"query-input\":{\"@type\":\"PropertyValueSpecification\",\"valueRequired\":true,\"valueName\":\"search_term_string\"}}],\"inLanguage\":\"ro-RO\"},{\"@type\":\"Organization\",\"@id\":\"https:\\\/\\\/www.e-r-s.eu\\\/#organization\",\"name\":\"e-r-s GmbH\",\"url\":\"https:\\\/\\\/www.e-r-s.eu\\\/\",\"logo\":{\"@type\":\"ImageObject\",\"inLanguage\":\"ro-RO\",\"@id\":\"https:\\\/\\\/www.e-r-s.eu\\\/#\\\/schema\\\/logo\\\/image\\\/\",\"url\":\"https:\\\/\\\/www.e-r-s.eu\\\/wp-content\\\/uploads\\\/2022\\\/03\\\/logo_footer_light.png\",\"contentUrl\":\"https:\\\/\\\/www.e-r-s.eu\\\/wp-content\\\/uploads\\\/2022\\\/03\\\/logo_footer_light.png\",\"width\":204,\"height\":205,\"caption\":\"e-r-s GmbH\"},\"image\":{\"@id\":\"https:\\\/\\\/www.e-r-s.eu\\\/#\\\/schema\\\/logo\\\/image\\\/\"},\"sameAs\":[\"https:\\\/\\\/www.facebook.com\\\/ersKloetze\",\"https:\\\/\\\/www.linkedin.com\\\/company\\\/e-r-s-netherlands-b-v-\",\"https:\\\/\\\/www.instagram.com\\\/elling.refractory.solutions\\\/\"]}]}<\/script>\n<!-- \/ Yoast SEO plugin. -->","yoast_head_json":{"title":"Montare de c\u0103ptu\u0219eli refractare \u2013 C\u0103ptu\u0219eli profesionale realizate de echipele proprii | e-r-s group GmbH","description":"Montare refractar\u0103 realizat\u0103 de speciali\u0219ti experimenta\u021bi ai e-r-s GmbH. Echipele proprii de montare pentru c\u0103ptu\u0219eli refractare \u2013 interven\u021bii \u00een toat\u0103 Europa, disponibile 24\/7. Solicita\u021bi acum!","robots":{"index":"index","follow":"follow","max-snippet":"max-snippet:-1","max-image-preview":"max-image-preview:large","max-video-preview":"max-video-preview:-1"},"canonical":"https:\/\/www.e-r-s.eu\/ro\/lucrari-de-montaj\/","og_locale":"ro_RO","og_type":"article","og_title":"Montare de c\u0103ptu\u0219eli refractare \u2013 C\u0103ptu\u0219eli profesionale realizate de echipele proprii | e-r-s group GmbH","og_description":"Montare refractar\u0103 realizat\u0103 de speciali\u0219ti experimenta\u021bi ai e-r-s GmbH. Echipele proprii de montare pentru c\u0103ptu\u0219eli refractare \u2013 interven\u021bii \u00een toat\u0103 Europa, disponibile 24\/7. Solicita\u021bi acum!","og_url":"https:\/\/www.e-r-s.eu\/ro\/lucrari-de-montaj\/","og_site_name":"e-r-s GmbH","article_publisher":"https:\/\/www.facebook.com\/ersKloetze","article_modified_time":"2026-04-01T12:22:23+00:00","og_image":[{"url":"https:\/\/www.e-r-s.eu\/wp-content\/uploads\/2022\/04\/e_r_s_gmbh_18.jpg","type":"","width":"","height":""}],"twitter_card":"summary_large_image","schema":{"@context":"https:\/\/schema.org","@graph":[{"@type":"WebPage","@id":"https:\/\/www.e-r-s.eu\/ro\/lucrari-de-montaj\/","url":"https:\/\/www.e-r-s.eu\/ro\/lucrari-de-montaj\/","name":"Montare de c\u0103ptu\u0219eli refractare \u2013 C\u0103ptu\u0219eli profesionale realizate de echipele proprii | e-r-s group GmbH","isPartOf":{"@id":"https:\/\/www.e-r-s.eu\/#website"},"primaryImageOfPage":{"@id":"https:\/\/www.e-r-s.eu\/ro\/lucrari-de-montaj\/#primaryimage"},"image":{"@id":"https:\/\/www.e-r-s.eu\/ro\/lucrari-de-montaj\/#primaryimage"},"thumbnailUrl":"https:\/\/www.e-r-s.eu\/wp-content\/uploads\/2022\/04\/e_r_s_gmbh_18.jpg","datePublished":"2022-04-27T12:57:59+00:00","dateModified":"2026-04-01T12:22:23+00:00","description":"Montare refractar\u0103 realizat\u0103 de speciali\u0219ti experimenta\u021bi ai e-r-s GmbH. Echipele proprii de montare pentru c\u0103ptu\u0219eli refractare \u2013 interven\u021bii \u00een toat\u0103 Europa, disponibile 24\/7. Solicita\u021bi acum!","breadcrumb":{"@id":"https:\/\/www.e-r-s.eu\/ro\/lucrari-de-montaj\/#breadcrumb"},"inLanguage":"ro-RO","potentialAction":[{"@type":"ReadAction","target":["https:\/\/www.e-r-s.eu\/ro\/lucrari-de-montaj\/"]}]},{"@type":"ImageObject","inLanguage":"ro-RO","@id":"https:\/\/www.e-r-s.eu\/ro\/lucrari-de-montaj\/#primaryimage","url":"https:\/\/www.e-r-s.eu\/wp-content\/uploads\/2022\/04\/e_r_s_gmbh_18.jpg","contentUrl":"https:\/\/www.e-r-s.eu\/wp-content\/uploads\/2022\/04\/e_r_s_gmbh_18.jpg"},{"@type":"BreadcrumbList","@id":"https:\/\/www.e-r-s.eu\/ro\/lucrari-de-montaj\/#breadcrumb","itemListElement":[{"@type":"ListItem","position":1,"name":"Startseite","item":"https:\/\/www.e-r-s.eu\/ro\/"},{"@type":"ListItem","position":2,"name":"Lucr\u0103ri de montaj"}]},{"@type":"WebSite","@id":"https:\/\/www.e-r-s.eu\/#website","url":"https:\/\/www.e-r-s.eu\/","name":"e-r-s GmbH","description":"Feuerfestbau Kl\u00f6tze","publisher":{"@id":"https:\/\/www.e-r-s.eu\/#organization"},"potentialAction":[{"@type":"SearchAction","target":{"@type":"EntryPoint","urlTemplate":"https:\/\/www.e-r-s.eu\/?s={search_term_string}"},"query-input":{"@type":"PropertyValueSpecification","valueRequired":true,"valueName":"search_term_string"}}],"inLanguage":"ro-RO"},{"@type":"Organization","@id":"https:\/\/www.e-r-s.eu\/#organization","name":"e-r-s GmbH","url":"https:\/\/www.e-r-s.eu\/","logo":{"@type":"ImageObject","inLanguage":"ro-RO","@id":"https:\/\/www.e-r-s.eu\/#\/schema\/logo\/image\/","url":"https:\/\/www.e-r-s.eu\/wp-content\/uploads\/2022\/03\/logo_footer_light.png","contentUrl":"https:\/\/www.e-r-s.eu\/wp-content\/uploads\/2022\/03\/logo_footer_light.png","width":204,"height":205,"caption":"e-r-s GmbH"},"image":{"@id":"https:\/\/www.e-r-s.eu\/#\/schema\/logo\/image\/"},"sameAs":["https:\/\/www.facebook.com\/ersKloetze","https:\/\/www.linkedin.com\/company\/e-r-s-netherlands-b-v-","https:\/\/www.instagram.com\/elling.refractory.solutions\/"]}]}},"_links":{"self":[{"href":"https:\/\/www.e-r-s.eu\/ro\/wp-json\/wp\/v2\/pages\/9856","targetHints":{"allow":["GET"]}}],"collection":[{"href":"https:\/\/www.e-r-s.eu\/ro\/wp-json\/wp\/v2\/pages"}],"about":[{"href":"https:\/\/www.e-r-s.eu\/ro\/wp-json\/wp\/v2\/types\/page"}],"author":[{"embeddable":true,"href":"https:\/\/www.e-r-s.eu\/ro\/wp-json\/wp\/v2\/users\/1"}],"replies":[{"embeddable":true,"href":"https:\/\/www.e-r-s.eu\/ro\/wp-json\/wp\/v2\/comments?post=9856"}],"version-history":[{"count":4,"href":"https:\/\/www.e-r-s.eu\/ro\/wp-json\/wp\/v2\/pages\/9856\/revisions"}],"predecessor-version":[{"id":9861,"href":"https:\/\/www.e-r-s.eu\/ro\/wp-json\/wp\/v2\/pages\/9856\/revisions\/9861"}],"wp:attachment":[{"href":"https:\/\/www.e-r-s.eu\/ro\/wp-json\/wp\/v2\/media?parent=9856"}],"curies":[{"name":"wp","href":"https:\/\/api.w.org\/{rel}","templated":true}]}}