{"id":9887,"date":"2022-04-28T13:47:44","date_gmt":"2022-04-28T13:47:44","guid":{"rendered":"https:\/\/www.e-r-s.eu\/karriere\/"},"modified":"2026-04-01T12:32:55","modified_gmt":"2026-04-01T12:32:55","slug":"locuri-de-munca-si-cariere","status":"publish","type":"page","link":"https:\/\/www.e-r-s.eu\/ro\/locuri-de-munca-si-cariere\/","title":{"rendered":"Locuri de munc\u0103 \u0219i cariere"},"content":{"rendered":"\t\t<div data-elementor-type=\"wp-page\" data-elementor-id=\"9887\" class=\"elementor elementor-9887 elementor-6053\" data-elementor-post-type=\"page\">\n\t\t\t\t\t\t<section class=\"elementor-section elementor-top-section elementor-element elementor-element-1d07719 qodef-elementor-content-grid elementor-section-boxed elementor-section-height-default elementor-section-height-default\" data-id=\"1d07719\" data-element_type=\"section\" data-e-type=\"section\">\n\t\t\t\t\t\t<div class=\"elementor-container elementor-column-gap-default\">\n\t\t\t\t\t<div class=\"elementor-column elementor-col-100 elementor-top-column elementor-element elementor-element-25d55c5\" data-id=\"25d55c5\" data-element_type=\"column\" data-e-type=\"column\">\n\t\t\t<div class=\"elementor-widget-wrap elementor-element-populated\">\n\t\t\t\t\t\t<div class=\"elementor-element elementor-element-8f89a05 elementor-widget elementor-widget-stal_core_section_title\" data-id=\"8f89a05\" data-element_type=\"widget\" data-e-type=\"widget\" data-widget_type=\"stal_core_section_title.default\">\n\t\t\t\t<div class=\"elementor-widget-container\">\n\t\t\t\t\t<div class=\"qodef-shortcode qodef-m  qodef-section-title qodef-alignment--left  qodef-title-with-tagline\">\n\t\t<div class=\"qodef-m-title-wrap\">\n\t        <h6 class=\"qodef-m-title-tagline\" >e-r-s GmbH<\/h6>\n    \t<h2 class=\"qodef-m-title\" >\n\t\t\t\t\tLocuri de munc\u0103 \u0219i cariere\t\t\t<\/h2>\n\t\n\t<\/div>\n\t<\/div>\t\t\t\t<\/div>\n\t\t\t\t<\/div>\n\t\t\t\t<div class=\"elementor-element elementor-element-8c61a1f elementor-widget elementor-widget-text-editor\" data-id=\"8c61a1f\" data-element_type=\"widget\" data-e-type=\"widget\" data-widget_type=\"text-editor.default\">\n\t\t\t\t<div class=\"elementor-widget-container\">\n\t\t\t\t\t\t\t\t\t<p><strong>Pentru a ne consolida echipa, c\u0103ut\u0103m:\u00a0<\/strong><br \/>\u2013 zidar de cuptoare<br \/>\u2013 dulgher de cofraje<br \/>\u2013 sudor<br \/>\u2013 lucr\u0103tori califica\u021bi \u00een domeniul depozit\u0103rii<br \/>\u2013 agent de v\u00e2nz\u0103ri, lucr\u0103tor de teren<\/p><p><strong>Candidatul trebuie s\u0103 aib\u0103:<\/strong><br \/>\u2013 permis de conducere<br \/>\u2013 bune abilit\u0103\u021bi de comunicare \u0219i de lucru \u00een echip\u0103<br \/>\u2013 disponibilitatea de a c\u0103l\u0103tori<br \/>\u2013 s\u0103 vorbeasc\u0103 la nivel de baz\u0103 limba englez\u0103 sau german\u0103<br \/>\u2013 abilit\u0103\u021bi de negociere<\/p><p><strong>Oferim:<\/strong><br \/>\u2013 salariu peste medie<br \/>\u2013 prim\u0103 de vacan\u021b\u0103 \u0219i de Cr\u0103ciun<br \/>\u2013 sarcini variate \u0219i de responsabilitate \u00eentr-o companie orientat\u0103 spre viitor<br \/>\u2013 loc de munc\u0103 permanent<br \/>\u2013 ma\u0219in\u0103 de serviciu inclusiv pentru uz privat<\/p><p><strong>Mai c\u0103ut\u0103m \u0219i stagiari \u00een urm\u0103toarele domenii: <\/strong><br \/>\u2013 planificatori de sisteme tehnice<br \/>\u2013 asistent industrial<br \/>\u2013 specialist \u00een logistica depozitelor<br \/>\u2013 zidar<br \/>\u2013 asistent pentru management de birou<\/p><p><strong>Educa\u021bie \u0219i formare<\/strong><br \/>Privind \u00een perspectiv\u0103, compania noastr\u0103 sprijin\u0103 viitorii absolven\u021bi \u00eentr-o mare varietate de domenii de studiu din mai multe \u021b\u0103ri. \u00cen plus, e-r-s GmbH ofer\u0103 at\u00e2t angaja\u021bilor noi, c\u00e2t \u0219i celor existen\u021bi, posibilitatea de a urma cursuri de perfec\u021bionare \u00een diferite domenii \u0219i departamente, cum ar fi activitatea de birou, produc\u021bia, ingineria \u0219i departamentul electric.<\/p><p><strong>Cum s\u0103 candida\u021bi: <\/strong><br \/>V\u0103 rug\u0103m s\u0103 ne trimite\u021bi documentele care con\u021bin informa\u021biile importante pentru cariera dumneavoastr\u0103 (fotografie, c\u00e2nd pute\u021bi \u00eencepe cel mai cur\u00e2nd activitatea, la ce salariu v\u0103 a\u0219tepta\u021bi) la:<\/p><p><strong>e-r-s GmbH <\/strong><br \/>Departamentul de resurse umane<br \/>Poppauer Strasse 36<br \/>38486 Kl\u00f6tze<br \/>info@e-r-s.eu<\/p>\t\t\t\t\t\t\t\t<\/div>\n\t\t\t\t<\/div>\n\t\t\t\t\t<\/div>\n\t\t<\/div>\n\t\t\t\t\t<\/div>\n\t\t<\/section>\n\t\t\t\t<section class=\"elementor-section elementor-top-section elementor-element elementor-element-1e5fe6c elementor-section-boxed elementor-section-height-default elementor-section-height-default qodef-elementor-content-no\" data-id=\"1e5fe6c\" data-element_type=\"section\" data-e-type=\"section\">\n\t\t\t\t\t\t<div class=\"elementor-container elementor-column-gap-default\">\n\t\t\t\t\t<div class=\"elementor-column elementor-col-100 elementor-top-column elementor-element elementor-element-dc0abfd\" data-id=\"dc0abfd\" data-element_type=\"column\" data-e-type=\"column\">\n\t\t\t<div class=\"elementor-widget-wrap\">\n\t\t\t\t\t\t\t<\/div>\n\t\t<\/div>\n\t\t\t\t\t<\/div>\n\t\t<\/section>\n\t\t\t\t<\/div>\n\t\t","protected":false},"excerpt":{"rendered":"<p>e-r-s GmbH Locuri de munc\u0103 \u0219i cariere Pentru a ne consolida echipa, c\u0103ut\u0103m:\u00a0\u2013 zidar de cuptoare\u2013 dulgher de cofraje\u2013 sudor\u2013 lucr\u0103tori califica\u021bi \u00een domeniul depozit\u0103rii\u2013 agent de v\u00e2nz\u0103ri, lucr\u0103tor de teren Candidatul trebuie s\u0103 aib\u0103:\u2013 permis de conducere\u2013 bune abilit\u0103\u021bi de comunicare \u0219i de lucru \u00een echip\u0103\u2013 disponibilitatea de a c\u0103l\u0103tori\u2013 s\u0103 vorbeasc\u0103 la nivel [&hellip;]<\/p>\n","protected":false},"author":1,"featured_media":0,"parent":0,"menu_order":0,"comment_status":"closed","ping_status":"closed","template":"page-full-width.php","meta":{"footnotes":""},"class_list":["post-9887","page","type-page","status-publish","hentry"],"yoast_head":"<!-- This site is optimized with the Yoast SEO plugin v27.5 - https:\/\/yoast.com\/product\/yoast-seo-wordpress\/ -->\n<title>Locuri de munc\u0103 la e-r-s group GmbH \u2013 Cariere \u00een construc\u021bii refractare<\/title>\n<meta name=\"description\" content=\"Al\u0103tura\u021bi-v\u0103 echipei noastre! e-r-s group GmbH ofer\u0103 oportunit\u0103\u021bi de carier\u0103 \u00een construc\u021bii refractare, inginerie \u0219i v\u00e2nz\u0103ri. Loca\u021bii \u00een toat\u0103 Europa \u0219i salarii competitive.\" \/>\n<meta name=\"robots\" content=\"index, follow, max-snippet:-1, max-image-preview:large, max-video-preview:-1\" \/>\n<link rel=\"canonical\" href=\"https:\/\/www.e-r-s.eu\/ro\/locuri-de-munca-si-cariere\/\" \/>\n<meta property=\"og:locale\" content=\"ro_RO\" \/>\n<meta property=\"og:type\" content=\"article\" \/>\n<meta property=\"og:title\" content=\"Locuri de munc\u0103 la e-r-s group GmbH \u2013 Cariere \u00een construc\u021bii refractare\" \/>\n<meta property=\"og:description\" content=\"Al\u0103tura\u021bi-v\u0103 echipei noastre! e-r-s group GmbH ofer\u0103 oportunit\u0103\u021bi de carier\u0103 \u00een construc\u021bii refractare, inginerie \u0219i v\u00e2nz\u0103ri. Loca\u021bii \u00een toat\u0103 Europa \u0219i salarii competitive.\" \/>\n<meta property=\"og:url\" content=\"https:\/\/www.e-r-s.eu\/ro\/locuri-de-munca-si-cariere\/\" \/>\n<meta property=\"og:site_name\" content=\"e-r-s GmbH\" \/>\n<meta property=\"article:publisher\" content=\"https:\/\/www.facebook.com\/ersKloetze\" \/>\n<meta property=\"article:modified_time\" content=\"2026-04-01T12:32:55+00:00\" \/>\n<meta name=\"twitter:card\" content=\"summary_large_image\" \/>\n<meta name=\"twitter:label1\" content=\"Timp estimat pentru citire\" \/>\n\t<meta name=\"twitter:data1\" content=\"1 minut\" \/>\n<script type=\"application\/ld+json\" class=\"yoast-schema-graph\">{\"@context\":\"https:\\\/\\\/schema.org\",\"@graph\":[{\"@type\":\"WebPage\",\"@id\":\"https:\\\/\\\/www.e-r-s.eu\\\/ro\\\/locuri-de-munca-si-cariere\\\/\",\"url\":\"https:\\\/\\\/www.e-r-s.eu\\\/ro\\\/locuri-de-munca-si-cariere\\\/\",\"name\":\"Locuri de munc\u0103 la e-r-s group GmbH \u2013 Cariere \u00een construc\u021bii refractare\",\"isPartOf\":{\"@id\":\"https:\\\/\\\/www.e-r-s.eu\\\/#website\"},\"datePublished\":\"2022-04-28T13:47:44+00:00\",\"dateModified\":\"2026-04-01T12:32:55+00:00\",\"description\":\"Al\u0103tura\u021bi-v\u0103 echipei noastre! e-r-s group GmbH ofer\u0103 oportunit\u0103\u021bi de carier\u0103 \u00een construc\u021bii refractare, inginerie \u0219i v\u00e2nz\u0103ri. Loca\u021bii \u00een toat\u0103 Europa \u0219i salarii competitive.\",\"breadcrumb\":{\"@id\":\"https:\\\/\\\/www.e-r-s.eu\\\/ro\\\/locuri-de-munca-si-cariere\\\/#breadcrumb\"},\"inLanguage\":\"ro-RO\",\"potentialAction\":[{\"@type\":\"ReadAction\",\"target\":[\"https:\\\/\\\/www.e-r-s.eu\\\/ro\\\/locuri-de-munca-si-cariere\\\/\"]}]},{\"@type\":\"BreadcrumbList\",\"@id\":\"https:\\\/\\\/www.e-r-s.eu\\\/ro\\\/locuri-de-munca-si-cariere\\\/#breadcrumb\",\"itemListElement\":[{\"@type\":\"ListItem\",\"position\":1,\"name\":\"Startseite\",\"item\":\"https:\\\/\\\/www.e-r-s.eu\\\/ro\\\/\"},{\"@type\":\"ListItem\",\"position\":2,\"name\":\"Locuri de munc\u0103 \u0219i cariere\"}]},{\"@type\":\"WebSite\",\"@id\":\"https:\\\/\\\/www.e-r-s.eu\\\/#website\",\"url\":\"https:\\\/\\\/www.e-r-s.eu\\\/\",\"name\":\"e-r-s GmbH\",\"description\":\"Feuerfestbau Kl\u00f6tze\",\"publisher\":{\"@id\":\"https:\\\/\\\/www.e-r-s.eu\\\/#organization\"},\"potentialAction\":[{\"@type\":\"SearchAction\",\"target\":{\"@type\":\"EntryPoint\",\"urlTemplate\":\"https:\\\/\\\/www.e-r-s.eu\\\/?s={search_term_string}\"},\"query-input\":{\"@type\":\"PropertyValueSpecification\",\"valueRequired\":true,\"valueName\":\"search_term_string\"}}],\"inLanguage\":\"ro-RO\"},{\"@type\":\"Organization\",\"@id\":\"https:\\\/\\\/www.e-r-s.eu\\\/#organization\",\"name\":\"e-r-s GmbH\",\"url\":\"https:\\\/\\\/www.e-r-s.eu\\\/\",\"logo\":{\"@type\":\"ImageObject\",\"inLanguage\":\"ro-RO\",\"@id\":\"https:\\\/\\\/www.e-r-s.eu\\\/#\\\/schema\\\/logo\\\/image\\\/\",\"url\":\"https:\\\/\\\/www.e-r-s.eu\\\/wp-content\\\/uploads\\\/2022\\\/03\\\/logo_footer_light.png\",\"contentUrl\":\"https:\\\/\\\/www.e-r-s.eu\\\/wp-content\\\/uploads\\\/2022\\\/03\\\/logo_footer_light.png\",\"width\":204,\"height\":205,\"caption\":\"e-r-s GmbH\"},\"image\":{\"@id\":\"https:\\\/\\\/www.e-r-s.eu\\\/#\\\/schema\\\/logo\\\/image\\\/\"},\"sameAs\":[\"https:\\\/\\\/www.facebook.com\\\/ersKloetze\",\"https:\\\/\\\/www.linkedin.com\\\/company\\\/e-r-s-netherlands-b-v-\",\"https:\\\/\\\/www.instagram.com\\\/elling.refractory.solutions\\\/\"]}]}<\/script>\n<!-- \/ Yoast SEO plugin. -->","yoast_head_json":{"title":"Locuri de munc\u0103 la e-r-s group GmbH \u2013 Cariere \u00een construc\u021bii refractare","description":"Al\u0103tura\u021bi-v\u0103 echipei noastre! e-r-s group GmbH ofer\u0103 oportunit\u0103\u021bi de carier\u0103 \u00een construc\u021bii refractare, inginerie \u0219i v\u00e2nz\u0103ri. Loca\u021bii \u00een toat\u0103 Europa \u0219i salarii competitive.","robots":{"index":"index","follow":"follow","max-snippet":"max-snippet:-1","max-image-preview":"max-image-preview:large","max-video-preview":"max-video-preview:-1"},"canonical":"https:\/\/www.e-r-s.eu\/ro\/locuri-de-munca-si-cariere\/","og_locale":"ro_RO","og_type":"article","og_title":"Locuri de munc\u0103 la e-r-s group GmbH \u2013 Cariere \u00een construc\u021bii refractare","og_description":"Al\u0103tura\u021bi-v\u0103 echipei noastre! e-r-s group GmbH ofer\u0103 oportunit\u0103\u021bi de carier\u0103 \u00een construc\u021bii refractare, inginerie \u0219i v\u00e2nz\u0103ri. Loca\u021bii \u00een toat\u0103 Europa \u0219i salarii competitive.","og_url":"https:\/\/www.e-r-s.eu\/ro\/locuri-de-munca-si-cariere\/","og_site_name":"e-r-s GmbH","article_publisher":"https:\/\/www.facebook.com\/ersKloetze","article_modified_time":"2026-04-01T12:32:55+00:00","twitter_card":"summary_large_image","twitter_misc":{"Timp estimat pentru citire":"1 minut"},"schema":{"@context":"https:\/\/schema.org","@graph":[{"@type":"WebPage","@id":"https:\/\/www.e-r-s.eu\/ro\/locuri-de-munca-si-cariere\/","url":"https:\/\/www.e-r-s.eu\/ro\/locuri-de-munca-si-cariere\/","name":"Locuri de munc\u0103 la e-r-s group GmbH \u2013 Cariere \u00een construc\u021bii refractare","isPartOf":{"@id":"https:\/\/www.e-r-s.eu\/#website"},"datePublished":"2022-04-28T13:47:44+00:00","dateModified":"2026-04-01T12:32:55+00:00","description":"Al\u0103tura\u021bi-v\u0103 echipei noastre! e-r-s group GmbH ofer\u0103 oportunit\u0103\u021bi de carier\u0103 \u00een construc\u021bii refractare, inginerie \u0219i v\u00e2nz\u0103ri. Loca\u021bii \u00een toat\u0103 Europa \u0219i salarii competitive.","breadcrumb":{"@id":"https:\/\/www.e-r-s.eu\/ro\/locuri-de-munca-si-cariere\/#breadcrumb"},"inLanguage":"ro-RO","potentialAction":[{"@type":"ReadAction","target":["https:\/\/www.e-r-s.eu\/ro\/locuri-de-munca-si-cariere\/"]}]},{"@type":"BreadcrumbList","@id":"https:\/\/www.e-r-s.eu\/ro\/locuri-de-munca-si-cariere\/#breadcrumb","itemListElement":[{"@type":"ListItem","position":1,"name":"Startseite","item":"https:\/\/www.e-r-s.eu\/ro\/"},{"@type":"ListItem","position":2,"name":"Locuri de munc\u0103 \u0219i cariere"}]},{"@type":"WebSite","@id":"https:\/\/www.e-r-s.eu\/#website","url":"https:\/\/www.e-r-s.eu\/","name":"e-r-s GmbH","description":"Feuerfestbau Kl\u00f6tze","publisher":{"@id":"https:\/\/www.e-r-s.eu\/#organization"},"potentialAction":[{"@type":"SearchAction","target":{"@type":"EntryPoint","urlTemplate":"https:\/\/www.e-r-s.eu\/?s={search_term_string}"},"query-input":{"@type":"PropertyValueSpecification","valueRequired":true,"valueName":"search_term_string"}}],"inLanguage":"ro-RO"},{"@type":"Organization","@id":"https:\/\/www.e-r-s.eu\/#organization","name":"e-r-s GmbH","url":"https:\/\/www.e-r-s.eu\/","logo":{"@type":"ImageObject","inLanguage":"ro-RO","@id":"https:\/\/www.e-r-s.eu\/#\/schema\/logo\/image\/","url":"https:\/\/www.e-r-s.eu\/wp-content\/uploads\/2022\/03\/logo_footer_light.png","contentUrl":"https:\/\/www.e-r-s.eu\/wp-content\/uploads\/2022\/03\/logo_footer_light.png","width":204,"height":205,"caption":"e-r-s GmbH"},"image":{"@id":"https:\/\/www.e-r-s.eu\/#\/schema\/logo\/image\/"},"sameAs":["https:\/\/www.facebook.com\/ersKloetze","https:\/\/www.linkedin.com\/company\/e-r-s-netherlands-b-v-","https:\/\/www.instagram.com\/elling.refractory.solutions\/"]}]}},"_links":{"self":[{"href":"https:\/\/www.e-r-s.eu\/ro\/wp-json\/wp\/v2\/pages\/9887","targetHints":{"allow":["GET"]}}],"collection":[{"href":"https:\/\/www.e-r-s.eu\/ro\/wp-json\/wp\/v2\/pages"}],"about":[{"href":"https:\/\/www.e-r-s.eu\/ro\/wp-json\/wp\/v2\/types\/page"}],"author":[{"embeddable":true,"href":"https:\/\/www.e-r-s.eu\/ro\/wp-json\/wp\/v2\/users\/1"}],"replies":[{"embeddable":true,"href":"https:\/\/www.e-r-s.eu\/ro\/wp-json\/wp\/v2\/comments?post=9887"}],"version-history":[{"count":4,"href":"https:\/\/www.e-r-s.eu\/ro\/wp-json\/wp\/v2\/pages\/9887\/revisions"}],"predecessor-version":[{"id":9893,"href":"https:\/\/www.e-r-s.eu\/ro\/wp-json\/wp\/v2\/pages\/9887\/revisions\/9893"}],"wp:attachment":[{"href":"https:\/\/www.e-r-s.eu\/ro\/wp-json\/wp\/v2\/media?parent=9887"}],"curies":[{"name":"wp","href":"https:\/\/api.w.org\/{rel}","templated":true}]}}